{"id":1119,"date":"2024-03-02T19:08:39","date_gmt":"2024-03-02T18:08:39","guid":{"rendered":"https:\/\/levraiparadis.fr\/?page_id=1119"},"modified":"2026-02-17T11:57:05","modified_gmt":"2026-02-17T10:57:05","slug":"la-maison-dhotes-2","status":"publish","type":"page","link":"https:\/\/levraiparadis.fr\/?page_id=1119","title":{"rendered":"La Maison d&rsquo;h\u00f4tes"},"content":{"rendered":"\n<div class=\"wp-block-columns is-layout-flex wp-container-core-columns-is-layout-9d6595d7 wp-block-columns-is-layout-flex\">\n<div class=\"wp-block-column is-layout-flow wp-block-column-is-layout-flow\">\n<p>Dans un cadre verdoyant, la Maison d&rsquo;h\u00f4tes est un lieu accueillant pour vous retrouver en famille ou entre amis. Le logement peut ais\u00e9ment accueillir 14 personnes : tant\u00f4t en Maison d&rsquo;h\u00f4tes, tant\u00f4t en Chambres d&rsquo;h\u00f4tes, Le Vrai Paradis d&rsquo;adapte.<\/p>\n\n\n\n<p><strong>\ud83d\udecb Am\u00e9nagements<\/strong><\/p>\n\n\n\n<ul class=\"wp-block-list\">\n<li>\ud83c\udf73 Cuisine enti\u00e8rement \u00e9quip\u00e9e : fours, micro-ondes, lave-vaisselle, robot m\u00e9nager, yaourti\u00e8re, presse agrumes\u2026<\/li>\n\n\n\n<li>\ud83d\udecb Petit salon attentat \u00e0 la cuisine<\/li>\n\n\n\n<li>\ud83c\udf7d Salle \u00e0 manger modulable avec son petit salon<\/li>\n<\/ul>\n\n\n\n<p>\ud83d\udecf Les <strong>chambres<\/strong> :<\/p>\n\n\n\n<ul class=\"wp-block-list\">\n<li>1 chambre double au rez-de-chauss\u00e9e avec un lit double (2 pers), 3 chambres doubles \u00e0 l\u2019\u00e9tage \u00e0 avec un lit double (3 x 2 pers), 1 chambre familiale \u00e0 l\u2019\u00e9tage avec un lit double et 2 lits simples (4 pers), 1 chambre double \u00e0 l\u2019\u00e9tage avec 2 lits simples (2 pers)<\/li>\n<\/ul>\n\n\n\n<p>ou<\/p>\n\n\n\n<ul class=\"wp-block-list\">\n<li>3 chambres doubles \u00e0 l\u2019\u00e9tage \u00e0 avec un lit double (3 x 2 pers), 2 chambres familiales \u00e0 l\u2019\u00e9tage avec un lit double et 2 lits simples (2 x 4 pers)<\/li>\n<\/ul>\n\n\n\n<p>Chaque chambre \u00e0 l\u2019\u00e9tage dispose de sa salle de bain priv\u00e9e avec WC \ud83d\udebf\ud83d\udebd.<\/p>\n\n\n\n<p><strong>\ud83c\udf1e Ext\u00e9rieur et d\u00e9tente<\/strong><\/p>\n\n\n\n<ul class=\"wp-block-list\">\n<li>\ud83c\udf33 Jardin et terrasse avec un barbecue<\/li>\n\n\n\n<li>\ud83e\ude91 Deux espaces avec tables de jardin selon l\u2019ensoleillement<\/li>\n\n\n\n<li>\ud83d\ude97 Grand parking<\/li>\n\n\n\n<li>\ud83e\udd86 Partagez les espaces ext\u00e9rieurs avec les h\u00f4tes des mobil-homes, du studio\u2026 et nos amis les oiseaux et canards !<\/li>\n<\/ul>\n\n\n\n<p><strong>\ud83c\udfb2 Loisirs et services<\/strong><\/p>\n\n\n\n<ul class=\"wp-block-list\">\n<li>\ud83c\udf10 Wi-Fi gratuit, pas de t\u00e9l\u00e9vision <\/li>\n\n\n\n<li>\ud83d\udcda Livres et jeux de soci\u00e9t\u00e9 pour petits et grands<\/li>\n\n\n\n<li>\ud83d\udc76 Mat\u00e9riel de pu\u00e9riculture sur demande : lit parapluie, matelas \u00e0 langer, baignoire, petit pot, chaise haute<\/li>\n<\/ul>\n\n\n\n<p><strong>\u2139\ufe0f Informations pratiques<\/strong><\/p>\n\n\n\n<p>\u23f0 Arriv\u00e9e apr\u00e8s 18h00 | D\u00e9part avant 10h30<\/p>\n\n\n\n<p>\ud83d\udead Maison non-fumeur<\/p>\n\n\n\n<p>\ud83d\udc3e Animaux de compagnie ne sont pas autoris\u00e9s<\/p>\n\n\n\n<p>\u26a0\ufe0f Attention, le terrain est entour\u00e9 par la rivi\u00e8re l\u2019Amboise et n\u2019est pas cl\u00f4tur\u00e9<\/p>\n\n\n\n<p>\ud83c\udf89 F\u00eates non autoris\u00e9es, calme \u00e0 respecter entre 22h30 et 8h<\/p>\n<\/div>\n\n\n\n<div class=\"wp-block-column is-layout-flow wp-block-column-is-layout-flow\">\n<figure class=\"wp-block-image size-large\"><img loading=\"lazy\" decoding=\"async\" width=\"1024\" height=\"683\" src=\"https:\/\/levraiparadis.fr\/wp-content\/uploads\/2024\/04\/Le-Vrai-Paradis-jardin-1024x683.jpg\" alt=\"\" class=\"wp-image-1155\" srcset=\"https:\/\/levraiparadis.fr\/wp-content\/uploads\/2024\/04\/Le-Vrai-Paradis-jardin-1024x683.jpg 1024w, https:\/\/levraiparadis.fr\/wp-content\/uploads\/2024\/04\/Le-Vrai-Paradis-jardin-300x200.jpg 300w, https:\/\/levraiparadis.fr\/wp-content\/uploads\/2024\/04\/Le-Vrai-Paradis-jardin-768x512.jpg 768w, https:\/\/levraiparadis.fr\/wp-content\/uploads\/2024\/04\/Le-Vrai-Paradis-jardin-1536x1024.jpg 1536w, https:\/\/levraiparadis.fr\/wp-content\/uploads\/2024\/04\/Le-Vrai-Paradis-jardin-2048x1365.jpg 2048w, https:\/\/levraiparadis.fr\/wp-content\/uploads\/2024\/04\/Le-Vrai-Paradis-jardin-450x300.jpg 450w\" sizes=\"auto, (max-width: 1024px) 100vw, 1024px\" \/><\/figure>\n\n\n\n<div style=\"height:30px\" aria-hidden=\"true\" class=\"wp-block-spacer\"><\/div>\n\n\n\n<figure class=\"wp-block-image size-large\"><img loading=\"lazy\" decoding=\"async\" width=\"1024\" height=\"768\" src=\"https:\/\/levraiparadis.fr\/wp-content\/uploads\/2024\/04\/IMG_2665-1024x768.jpg\" alt=\"\" class=\"wp-image-1166\" srcset=\"https:\/\/levraiparadis.fr\/wp-content\/uploads\/2024\/04\/IMG_2665-1024x768.jpg 1024w, https:\/\/levraiparadis.fr\/wp-content\/uploads\/2024\/04\/IMG_2665-300x225.jpg 300w, https:\/\/levraiparadis.fr\/wp-content\/uploads\/2024\/04\/IMG_2665-768x576.jpg 768w, https:\/\/levraiparadis.fr\/wp-content\/uploads\/2024\/04\/IMG_2665-1536x1152.jpg 1536w, https:\/\/levraiparadis.fr\/wp-content\/uploads\/2024\/04\/IMG_2665-2048x1536.jpg 2048w, https:\/\/levraiparadis.fr\/wp-content\/uploads\/2024\/04\/IMG_2665-400x300.jpg 400w\" sizes=\"auto, (max-width: 1024px) 100vw, 1024px\" \/><\/figure>\n<\/div>\n<\/div>\n\n\n\n<div class=\"wp-block-columns is-layout-flex wp-container-core-columns-is-layout-9d6595d7 wp-block-columns-is-layout-flex\">\n<div class=\"wp-block-column is-layout-flow wp-block-column-is-layout-flow\">\n<figure class=\"wp-block-image size-large\"><img loading=\"lazy\" decoding=\"async\" width=\"1024\" height=\"768\" src=\"https:\/\/levraiparadis.fr\/wp-content\/uploads\/2023\/03\/Le-Vrai-Paradis-chambre-dhotes-Berck-sur-Mer-3-1024x768.jpeg\" alt=\"\" class=\"wp-image-1012\" srcset=\"https:\/\/levraiparadis.fr\/wp-content\/uploads\/2023\/03\/Le-Vrai-Paradis-chambre-dhotes-Berck-sur-Mer-3-1024x768.jpeg 1024w, https:\/\/levraiparadis.fr\/wp-content\/uploads\/2023\/03\/Le-Vrai-Paradis-chambre-dhotes-Berck-sur-Mer-3-300x225.jpeg 300w, https:\/\/levraiparadis.fr\/wp-content\/uploads\/2023\/03\/Le-Vrai-Paradis-chambre-dhotes-Berck-sur-Mer-3-768x576.jpeg 768w, https:\/\/levraiparadis.fr\/wp-content\/uploads\/2023\/03\/Le-Vrai-Paradis-chambre-dhotes-Berck-sur-Mer-3-1536x1152.jpeg 1536w, https:\/\/levraiparadis.fr\/wp-content\/uploads\/2023\/03\/Le-Vrai-Paradis-chambre-dhotes-Berck-sur-Mer-3-400x300.jpeg 400w, https:\/\/levraiparadis.fr\/wp-content\/uploads\/2023\/03\/Le-Vrai-Paradis-chambre-dhotes-Berck-sur-Mer-3.jpeg 2048w\" sizes=\"auto, (max-width: 1024px) 100vw, 1024px\" \/><\/figure>\n<\/div>\n\n\n\n<div class=\"wp-block-column is-layout-flow wp-block-column-is-layout-flow\">\n<figure class=\"wp-block-image size-large\"><img loading=\"lazy\" decoding=\"async\" width=\"1024\" height=\"768\" src=\"https:\/\/levraiparadis.fr\/wp-content\/uploads\/2023\/03\/Le-Vrai-Paradis-chambre-dhotes-Fort-Mahon-6-1024x768.jpeg\" alt=\"\" class=\"wp-image-1013\" srcset=\"https:\/\/levraiparadis.fr\/wp-content\/uploads\/2023\/03\/Le-Vrai-Paradis-chambre-dhotes-Fort-Mahon-6-1024x768.jpeg 1024w, https:\/\/levraiparadis.fr\/wp-content\/uploads\/2023\/03\/Le-Vrai-Paradis-chambre-dhotes-Fort-Mahon-6-300x225.jpeg 300w, https:\/\/levraiparadis.fr\/wp-content\/uploads\/2023\/03\/Le-Vrai-Paradis-chambre-dhotes-Fort-Mahon-6-768x576.jpeg 768w, https:\/\/levraiparadis.fr\/wp-content\/uploads\/2023\/03\/Le-Vrai-Paradis-chambre-dhotes-Fort-Mahon-6-1536x1152.jpeg 1536w, https:\/\/levraiparadis.fr\/wp-content\/uploads\/2023\/03\/Le-Vrai-Paradis-chambre-dhotes-Fort-Mahon-6-400x300.jpeg 400w, https:\/\/levraiparadis.fr\/wp-content\/uploads\/2023\/03\/Le-Vrai-Paradis-chambre-dhotes-Fort-Mahon-6.jpeg 2048w\" sizes=\"auto, (max-width: 1024px) 100vw, 1024px\" \/><\/figure>\n<\/div>\n\n\n\n<div class=\"wp-block-column is-layout-flow wp-block-column-is-layout-flow\">\n<figure class=\"wp-block-image size-large\"><img loading=\"lazy\" decoding=\"async\" width=\"1024\" height=\"768\" src=\"https:\/\/levraiparadis.fr\/wp-content\/uploads\/2023\/03\/Le-Vrai-Paradis-chambre-dhotes-Le-Treport-2-1024x768.jpeg\" alt=\"\" class=\"wp-image-1014\" srcset=\"https:\/\/levraiparadis.fr\/wp-content\/uploads\/2023\/03\/Le-Vrai-Paradis-chambre-dhotes-Le-Treport-2-1024x768.jpeg 1024w, https:\/\/levraiparadis.fr\/wp-content\/uploads\/2023\/03\/Le-Vrai-Paradis-chambre-dhotes-Le-Treport-2-300x225.jpeg 300w, https:\/\/levraiparadis.fr\/wp-content\/uploads\/2023\/03\/Le-Vrai-Paradis-chambre-dhotes-Le-Treport-2-768x576.jpeg 768w, https:\/\/levraiparadis.fr\/wp-content\/uploads\/2023\/03\/Le-Vrai-Paradis-chambre-dhotes-Le-Treport-2-1536x1152.jpeg 1536w, https:\/\/levraiparadis.fr\/wp-content\/uploads\/2023\/03\/Le-Vrai-Paradis-chambre-dhotes-Le-Treport-2-400x300.jpeg 400w, https:\/\/levraiparadis.fr\/wp-content\/uploads\/2023\/03\/Le-Vrai-Paradis-chambre-dhotes-Le-Treport-2.jpeg 2048w\" sizes=\"auto, (max-width: 1024px) 100vw, 1024px\" \/><\/figure>\n<\/div>\n<\/div>\n\n\n\n<div class=\"wp-block-columns is-layout-flex wp-container-core-columns-is-layout-9d6595d7 wp-block-columns-is-layout-flex\">\n<div class=\"wp-block-column is-layout-flow wp-block-column-is-layout-flow\">\n<figure class=\"wp-block-image size-full\"><img loading=\"lazy\" decoding=\"async\" width=\"1024\" height=\"768\" src=\"https:\/\/levraiparadis.fr\/wp-content\/uploads\/2024\/04\/Le-Vrai-Paradis-chambre-dhotes-Le-Crotoy.jpeg\" alt=\"\" class=\"wp-image-1163\" srcset=\"https:\/\/levraiparadis.fr\/wp-content\/uploads\/2024\/04\/Le-Vrai-Paradis-chambre-dhotes-Le-Crotoy.jpeg 1024w, https:\/\/levraiparadis.fr\/wp-content\/uploads\/2024\/04\/Le-Vrai-Paradis-chambre-dhotes-Le-Crotoy-300x225.jpeg 300w, https:\/\/levraiparadis.fr\/wp-content\/uploads\/2024\/04\/Le-Vrai-Paradis-chambre-dhotes-Le-Crotoy-768x576.jpeg 768w, https:\/\/levraiparadis.fr\/wp-content\/uploads\/2024\/04\/Le-Vrai-Paradis-chambre-dhotes-Le-Crotoy-400x300.jpeg 400w\" sizes=\"auto, (max-width: 1024px) 100vw, 1024px\" \/><\/figure>\n<\/div>\n\n\n\n<div class=\"wp-block-column is-layout-flow wp-block-column-is-layout-flow\">\n<figure class=\"wp-block-image size-full\"><img loading=\"lazy\" decoding=\"async\" width=\"1024\" height=\"768\" src=\"https:\/\/levraiparadis.fr\/wp-content\/uploads\/2024\/04\/Le-Vrai-Paradis-chambre-Cayeux-sur-Mer.jpeg\" alt=\"\" class=\"wp-image-1164\" srcset=\"https:\/\/levraiparadis.fr\/wp-content\/uploads\/2024\/04\/Le-Vrai-Paradis-chambre-Cayeux-sur-Mer.jpeg 1024w, https:\/\/levraiparadis.fr\/wp-content\/uploads\/2024\/04\/Le-Vrai-Paradis-chambre-Cayeux-sur-Mer-300x225.jpeg 300w, https:\/\/levraiparadis.fr\/wp-content\/uploads\/2024\/04\/Le-Vrai-Paradis-chambre-Cayeux-sur-Mer-768x576.jpeg 768w, https:\/\/levraiparadis.fr\/wp-content\/uploads\/2024\/04\/Le-Vrai-Paradis-chambre-Cayeux-sur-Mer-400x300.jpeg 400w\" sizes=\"auto, (max-width: 1024px) 100vw, 1024px\" \/><\/figure>\n<\/div>\n\n\n\n<div class=\"wp-block-column is-layout-flow wp-block-column-is-layout-flow\"><\/div>\n<\/div>\n\n\n\n<div class=\"wp-block-columns is-layout-flex wp-container-core-columns-is-layout-9d6595d7 wp-block-columns-is-layout-flex\">\n<div class=\"wp-block-column is-vertically-aligned-center is-layout-flow wp-block-column-is-layout-flow\">\n<h2 class=\"wp-block-heading has-text-align-center\"><mark style=\"background-color:rgba(0, 0, 0, 0)\" class=\"has-inline-color has-accent-1-color\">Disponibilit\u00e9s<\/mark><\/h2>\n\n\n\n<div id=\"ConstellationCalendarContainer4e008009-0024-45b9-bd42-db3a1156e7ff\" style=\"width:100%; text-align:center;\" title=\"Le Vrai Paradis\" data-id-projet='4e008009002445b9bd42db3a1156e7ff'>Chargement en cours&#8230;<\/div><script type=\"text\/javascript\" src=\"https:\/\/reservation.elloha.com\/Scripts\/widget-loader.min.js?v=42\"><\/script><script type=\"text\/javascript\">var constellationWidgetUrl4e008009002445b9bd42db3a1156e7ff, constellationTypeModule4e008009002445b9bd42db3a1156e7ff; constellationWidgetUrl4e008009002445b9bd42db3a1156e7ff = 'https:\/\/reservation.elloha.com\/Widget\/BookingCalendar\/4e008009-0024-45b9-bd42-db3a1156e7ff?idoi=f9b59e1f-32c7-4469-b626-017a04db2c8c'; constellationTypeModule4e008009002445b9bd42db3a1156e7ff=2; constellationBookingCalendarLoad('ConstellationCalendarContainer4e008009-0024-45b9-bd42-db3a1156e7ff'); constellationWidgetAddEvent(window, \"resize\", function () { constellationWidgetSetAppearance('ConstellationCalendarContainer4e008009-0024-45b9-bd42-db3a1156e7ff'); });<\/script>\n\n\n\n<h2 class=\"wp-block-heading\"><mark style=\"background-color:rgba(0, 0, 0, 0)\" class=\"has-inline-color has-accent-2-color\">Information et r\u00e9servation<\/mark><\/h2>\n\n\n\n<p><mark style=\"background-color:rgba(0, 0, 0, 0)\" class=\"has-inline-color has-accent-2-color\">Pour plus d&rsquo;informations et pour r\u00e9server : <strong>07 88 14 52 00<\/strong> ou <strong>info@levraiparadis.fr<\/strong><\/mark><\/p>\n<\/div>\n\n\n\n<div class=\"wp-block-column is-layout-flow wp-block-column-is-layout-flow\">\n<h2 class=\"wp-block-heading has-text-align-center\">Tarifs 2026<\/h2>\n\n\n\n<p class=\"has-text-align-center\">Tarif TTC, minimum 2 nuits :<\/p>\n\n\n\n<p class=\"has-text-align-center\"><em>\u00e0 partir de 1 300 \u20ac \/ 2 nuits 14 personnes<\/em><\/p>\n\n\n\n<p class=\"has-text-align-center\">M\u00e9nage de fin de s\u00e9jour : 200\u20ac<\/p>\n\n\n\n<p class=\"has-text-align-center\">Taxe de s\u00e9jour et taxe d\u00e9partementale : 1,10\u20ac \/ nuit \/ personne<\/p>\n<\/div>\n<\/div>\n\n\n\n<h2 class=\"wp-block-heading has-text-align-center\">Estr\u00e9b\u0153uf <\/h2>\n\n\n\n<p>La commune d&rsquo;Estr\u00e9b\u0153uf fait partie des villages labellis\u00e9s&nbsp;<a href=\"https:\/\/www.culture.gouv.fr\/Aides-demarches\/Protections-labels-et-appellations\/Label-Ville-et-Pays-d-art-et-d-histoire\">Pays d&rsquo;art et d&rsquo;histoire<\/a>&nbsp;qui \u0153uvrent \u00e0 mettre en avant leur patrimoine. Depuis le&nbsp;13 f\u00e9vrier 2020, la commune fait partie du&nbsp;<a href=\"https:\/\/fr.wikipedia.org\/wiki\/Parc_naturel_r%C3%A9gional_de_la_Baie_de_Somme_Picardie_Maritime\">parc naturel r\u00e9gional de la Baie de Somme Picardie Maritime<\/a>.<\/p>\n\n\n\n<p>Pour en savoir plus sur le village d&rsquo;Estr\u00e9b\u0153uf, cliquez sur le lien suivant \u2192 <a href=\"https:\/\/www.estreboeuf.fr\/\">Village d&rsquo;Estr\u00e9b\u0153uf<\/a><\/p>\n","protected":false},"excerpt":{"rendered":"<p>Dans un cadre verdoyant, la Maison d&rsquo;h\u00f4tes est un lieu accueillant pour vous retrouver en famille ou entre amis. Le logement peut ais\u00e9ment accueillir 14 &hellip;<\/p>\n","protected":false},"author":1,"featured_media":0,"parent":0,"menu_order":1,"comment_status":"closed","ping_status":"closed","template":"","meta":{"footnotes":""},"class_list":["post-1119","page","type-page","status-publish","hentry"],"_links":{"self":[{"href":"https:\/\/levraiparadis.fr\/index.php?rest_route=\/wp\/v2\/pages\/1119","targetHints":{"allow":["GET"]}}],"collection":[{"href":"https:\/\/levraiparadis.fr\/index.php?rest_route=\/wp\/v2\/pages"}],"about":[{"href":"https:\/\/levraiparadis.fr\/index.php?rest_route=\/wp\/v2\/types\/page"}],"author":[{"embeddable":true,"href":"https:\/\/levraiparadis.fr\/index.php?rest_route=\/wp\/v2\/users\/1"}],"replies":[{"embeddable":true,"href":"https:\/\/levraiparadis.fr\/index.php?rest_route=%2Fwp%2Fv2%2Fcomments&post=1119"}],"version-history":[{"count":28,"href":"https:\/\/levraiparadis.fr\/index.php?rest_route=\/wp\/v2\/pages\/1119\/revisions"}],"predecessor-version":[{"id":1349,"href":"https:\/\/levraiparadis.fr\/index.php?rest_route=\/wp\/v2\/pages\/1119\/revisions\/1349"}],"wp:attachment":[{"href":"https:\/\/levraiparadis.fr\/index.php?rest_route=%2Fwp%2Fv2%2Fmedia&parent=1119"}],"curies":[{"name":"wp","href":"https:\/\/api.w.org\/{rel}","templated":true}]}}