{"id":114,"date":"2021-05-24T18:09:16","date_gmt":"2021-05-24T16:09:16","guid":{"rendered":"http:\/\/levraiparadis.fr\/?page_id=114"},"modified":"2026-02-17T11:56:55","modified_gmt":"2026-02-17T10:56:55","slug":"contact","status":"publish","type":"page","link":"https:\/\/levraiparadis.fr\/?page_id=114","title":{"rendered":"Contact"},"content":{"rendered":"<div class=\"wp-block-image\">\n<figure class=\"aligncenter size-large\"><img loading=\"lazy\" decoding=\"async\" width=\"1024\" height=\"395\" src=\"https:\/\/levraiparadis.fr\/wp-content\/uploads\/2021\/06\/LVP-facade-paysage-1024x395.jpg\" alt=\"\" class=\"wp-image-454\" srcset=\"https:\/\/levraiparadis.fr\/wp-content\/uploads\/2021\/06\/LVP-facade-paysage-1024x395.jpg 1024w, https:\/\/levraiparadis.fr\/wp-content\/uploads\/2021\/06\/LVP-facade-paysage-300x116.jpg 300w, https:\/\/levraiparadis.fr\/wp-content\/uploads\/2021\/06\/LVP-facade-paysage-768x296.jpg 768w, https:\/\/levraiparadis.fr\/wp-content\/uploads\/2021\/06\/LVP-facade-paysage-583x225.jpg 583w, https:\/\/levraiparadis.fr\/wp-content\/uploads\/2021\/06\/LVP-facade-paysage.jpg 1500w\" sizes=\"auto, (max-width: 1024px) 100vw, 1024px\" \/><\/figure>\n<\/div>\n\n\n<h2 class=\"wp-block-heading has-text-color\" style=\"color:#8faab1\">Disponibilit\u00e9 et r\u00e9servation<\/h2>\n\n\n\n<div id=\"ConstellationWidgetContainere6c21060-33fb-45f1-a4af-9f55eaaaec55\" style=\"width:100%\" title=\"Le Vrai Paradis\" data-id-projet=\"e6c2106033fb45f1a4af9f55eaaaec55\">Chargement en cours&#8230;<\/div><script type=\"text\/javascript\" src=\"https:\/\/reservation.elloha.com\/Scripts\/widget-loader.min.js?v=42\"><\/script><script type=\"text\/javascript\">var constellationWidgetUrle6c2106033fb45f1a4af9f55eaaaec55, constellationTypeModulee6c2106033fb45f1a4af9f55eaaaec55; constellationWidgetUrle6c2106033fb45f1a4af9f55eaaaec55 = 'https:\/\/reservation.elloha.com\/Widget\/BookingEngine\/e6c21060-33fb-45f1-a4af-9f55eaaaec55?idoi=f9b59e1f-32c7-4469-b626-017a04db2c8c&culture=fr-FR'; constellationTypeModulee6c2106033fb45f1a4af9f55eaaaec55=1; constellationWidgetLoad('ConstellationWidgetContainere6c21060-33fb-45f1-a4af-9f55eaaaec55'); constellationWidgetAddEvent(window, \"resize\", function () { constellationWidgetSetAppearance('ConstellationWidgetContainere6c21060-33fb-45f1-a4af-9f55eaaaec55'); });<\/script>\n\n\n\n<p><\/p>\n\n\n\n<p>Pour tout demande, merci de remplir le formulaire suivant, d&rsquo;envoyer un e-mail \u00e0 : reservation@levraiparadis.fr ou d&rsquo;appeler au 07 88 14 52 00.<\/p>\n\n\n\n<div class=\"wp-block-group\"><div class=\"wp-block-group__inner-container is-layout-flow wp-block-group-is-layout-flow\"><p>[contact-form-7 id=\u00a0\u00bb121&Prime; title=\u00a0\u00bbFormulaire de contact\u00a0\u00bb]<\/p>\n<\/div><\/div>\n\n\n\n<div class=\"wp-block-columns is-layout-flex wp-container-core-columns-is-layout-9d6595d7 wp-block-columns-is-layout-flex\">\n<div class=\"wp-block-column is-layout-flow wp-block-column-is-layout-flow\"><div class=\"wp-block-image\">\n<figure class=\"aligncenter size-large\"><img loading=\"lazy\" decoding=\"async\" width=\"1024\" height=\"1024\" src=\"https:\/\/levraiparadis.fr\/wp-content\/uploads\/2024\/04\/LVP-recapitulatif-tarifs-2024-1024x1024.png\" alt=\"\" class=\"wp-image-1170\" srcset=\"https:\/\/levraiparadis.fr\/wp-content\/uploads\/2024\/04\/LVP-recapitulatif-tarifs-2024-1024x1024.png 1024w, https:\/\/levraiparadis.fr\/wp-content\/uploads\/2024\/04\/LVP-recapitulatif-tarifs-2024-300x300.png 300w, https:\/\/levraiparadis.fr\/wp-content\/uploads\/2024\/04\/LVP-recapitulatif-tarifs-2024-150x150.png 150w, https:\/\/levraiparadis.fr\/wp-content\/uploads\/2024\/04\/LVP-recapitulatif-tarifs-2024-768x768.png 768w, https:\/\/levraiparadis.fr\/wp-content\/uploads\/2024\/04\/LVP-recapitulatif-tarifs-2024-1536x1536.png 1536w, https:\/\/levraiparadis.fr\/wp-content\/uploads\/2024\/04\/LVP-recapitulatif-tarifs-2024.png 1772w\" sizes=\"auto, (max-width: 1024px) 100vw, 1024px\" \/><\/figure>\n<\/div><\/div>\n<\/div>\n\n\n\n<p>I would be pleased to welcome you in english \/ Estar\u00eda encantado de darle la bienvenida en espa\u00f1ol.<\/p>\n\n\n\n<div class=\"wp-block-columns is-layout-flex wp-container-core-columns-is-layout-9d6595d7 wp-block-columns-is-layout-flex\"><\/div>\n\n\n\n<h2 class=\"wp-block-heading has-text-color\" style=\"color:#8faab1\">Adresse <\/h2>\n\n\n\n<div class=\"wp-block-columns is-layout-flex wp-container-core-columns-is-layout-9d6595d7 wp-block-columns-is-layout-flex\">\n<div class=\"wp-block-column is-layout-flow wp-block-column-is-layout-flow\">\n<div class=\"wp-block-group\"><div class=\"wp-block-group__inner-container is-layout-flow wp-block-group-is-layout-flow\">\n<p class=\"has-accent-2-color has-text-color\">Le Vrai Paradis<\/p>\n\n\n\n<p class=\"has-text-color\" style=\"color:#8faab1\">Maison d&rsquo;h\u00f4tes, g\u00eetes et table d&rsquo;h\u00f4tes en Baie de Somme<\/p>\n<\/div><\/div>\n\n\n\n<p>15 route de Gamaches<\/p>\n\n\n\n<p>80230 Est\u00e9boeuf &#8211; France<\/p>\n\n\n\n<p><\/p>\n\n\n\n<p class=\"has-small-font-size\"><em>La maison se situe \u00e0 l&rsquo;entr\u00e9e du village sur votre gauche en venant de Saint-Val\u00e9ry-sur-Somme, juste avant les \u00ab\u00a0vaches\u00a0\u00bb !<\/em><\/p>\n<\/div>\n\n\n\n<div class=\"wp-block-column is-layout-flow wp-block-column-is-layout-flow\">\n<iframe src=\"https:\/\/www.google.com\/maps\/embed?pb=!1m14!1m8!1m3!1d10224.76851528881!2d1.6166199!3d50.1575433!3m2!1i1024!2i768!4f13.1!3m3!1m2!1s0x0%3A0x6a1b8d13a0ae818e!2sLe%20Vrai%20Paradis!5e0!3m2!1sfr!2sfr!4v1621872420333!5m2!1sfr!2sfr\" width=\"600\" height=\"450\" style=\"border:0;\" allowfullscreen=\"\" loading=\"lazy\"><\/iframe>\n<\/div>\n<\/div>\n\n\n\n<p><\/p>\n","protected":false},"excerpt":{"rendered":"<p>Disponibilit\u00e9 et r\u00e9servation Chargement en cours&#8230; Pour tout demande, merci de remplir le formulaire suivant, d&rsquo;envoyer un e-mail \u00e0 : reservation@levraiparadis.fr ou d&rsquo;appeler au 07 &hellip;<\/p>\n","protected":false},"author":1,"featured_media":0,"parent":0,"menu_order":6,"comment_status":"closed","ping_status":"closed","template":"","meta":{"footnotes":""},"class_list":["post-114","page","type-page","status-publish","hentry"],"_links":{"self":[{"href":"https:\/\/levraiparadis.fr\/index.php?rest_route=\/wp\/v2\/pages\/114","targetHints":{"allow":["GET"]}}],"collection":[{"href":"https:\/\/levraiparadis.fr\/index.php?rest_route=\/wp\/v2\/pages"}],"about":[{"href":"https:\/\/levraiparadis.fr\/index.php?rest_route=\/wp\/v2\/types\/page"}],"author":[{"embeddable":true,"href":"https:\/\/levraiparadis.fr\/index.php?rest_route=\/wp\/v2\/users\/1"}],"replies":[{"embeddable":true,"href":"https:\/\/levraiparadis.fr\/index.php?rest_route=%2Fwp%2Fv2%2Fcomments&post=114"}],"version-history":[{"count":37,"href":"https:\/\/levraiparadis.fr\/index.php?rest_route=\/wp\/v2\/pages\/114\/revisions"}],"predecessor-version":[{"id":1351,"href":"https:\/\/levraiparadis.fr\/index.php?rest_route=\/wp\/v2\/pages\/114\/revisions\/1351"}],"wp:attachment":[{"href":"https:\/\/levraiparadis.fr\/index.php?rest_route=%2Fwp%2Fv2%2Fmedia&parent=114"}],"curies":[{"name":"wp","href":"https:\/\/api.w.org\/{rel}","templated":true}]}}