{"id":137,"date":"2021-05-24T19:08:33","date_gmt":"2021-05-24T17:08:33","guid":{"rendered":"http:\/\/levraiparadis.fr\/?page_id=137"},"modified":"2026-02-17T11:17:16","modified_gmt":"2026-02-17T10:17:16","slug":"la-chambre-berck","status":"publish","type":"page","link":"https:\/\/levraiparadis.fr\/?page_id=137","title":{"rendered":"La chambre Berck-sur-Mer"},"content":{"rendered":"\n<div class=\"wp-block-columns is-layout-flex wp-container-core-columns-is-layout-9d6595d7 wp-block-columns-is-layout-flex\">\n<div class=\"wp-block-column is-layout-flow wp-block-column-is-layout-flow\">\n<p><strong>\ud83d\udecf\ufe0f La chambre<\/strong><\/p>\n\n\n\n<ul class=\"wp-block-list\">\n<li>Situ\u00e9e au 1er \u00e9tage de la maison<\/li>\n\n\n\n<li>Salle de bain privative avec douche et toilettes<\/li>\n<\/ul>\n\n\n\n<p><strong>\ud83e\uddfa Linge de maison<\/strong><\/p>\n\n\n\n<p>Les draps et les serviettes sont en lin lav\u00e9 de chez <a href=\"https:\/\/www.embrin.fr\/\">Embrin<\/a>, confectionn\u00e9s en France \u00e0 partir de lin picard et normand, issu d\u2019une fili\u00e8re \u00e9co-responsable \ud83c\udf3f<\/p>\n\n\n\n<p><strong>\ud83c\udf7d\ufe0f Petit d\u00e9jeuner<\/strong><\/p>\n\n\n\n<p>Le petit d\u00e9jeuner est servi de 8h00 \u00e0 10h00 \u2615\ud83e\udd50<\/p>\n\n\n\n<p>Merci de pr\u00e9venir en cas d\u2019allergies ou d\u2019intol\u00e9rances alimentaires.<\/p>\n\n\n\n<p><strong>\ud83d\udcf6 \u00c9quipements<\/strong><\/p>\n\n\n\n<ul class=\"wp-block-list\">\n<li>Pas de t\u00e9l\u00e9vision<\/li>\n\n\n\n<li>Connexion wifi gratuite<\/li>\n<\/ul>\n\n\n\n<p><strong>\ud83d\udc76 \u00c9quipement b\u00e9b\u00e9<\/strong><\/p>\n\n\n\n<p>Nous pouvons vous pr\u00eater : lit parapluie, matelas \u00e0 langer, baignoire, petit pot et chaise haute<\/p>\n\n\n\n<p><\/p>\n<\/div>\n\n\n\n<div class=\"wp-block-column is-layout-flow wp-block-column-is-layout-flow\">\n<figure class=\"wp-block-image size-large\"><img loading=\"lazy\" decoding=\"async\" width=\"1024\" height=\"768\" src=\"https:\/\/levraiparadis.fr\/wp-content\/uploads\/2023\/03\/Le-Vrai-Paradis-chambre-dhotes-Berck-sur-Mer-1024x768.jpeg\" alt=\"\" class=\"wp-image-958\" srcset=\"https:\/\/levraiparadis.fr\/wp-content\/uploads\/2023\/03\/Le-Vrai-Paradis-chambre-dhotes-Berck-sur-Mer-1024x768.jpeg 1024w, https:\/\/levraiparadis.fr\/wp-content\/uploads\/2023\/03\/Le-Vrai-Paradis-chambre-dhotes-Berck-sur-Mer-300x225.jpeg 300w, https:\/\/levraiparadis.fr\/wp-content\/uploads\/2023\/03\/Le-Vrai-Paradis-chambre-dhotes-Berck-sur-Mer-768x576.jpeg 768w, https:\/\/levraiparadis.fr\/wp-content\/uploads\/2023\/03\/Le-Vrai-Paradis-chambre-dhotes-Berck-sur-Mer-1536x1152.jpeg 1536w, https:\/\/levraiparadis.fr\/wp-content\/uploads\/2023\/03\/Le-Vrai-Paradis-chambre-dhotes-Berck-sur-Mer-400x300.jpeg 400w, https:\/\/levraiparadis.fr\/wp-content\/uploads\/2023\/03\/Le-Vrai-Paradis-chambre-dhotes-Berck-sur-Mer.jpeg 2048w\" sizes=\"auto, (max-width: 1024px) 100vw, 1024px\" \/><\/figure>\n\n\n\n<p>\ud83c\udfe1<strong>Pour le confort de tous <\/strong><\/p>\n\n\n\n<ul class=\"wp-block-list\">\n<li>Les animaux de compagnie ne sont pas admis<strong> \ud83d\udc3e<\/strong><\/li>\n\n\n\n<li>Chambre non-fumeur <strong>\ud83d\udead<\/strong><\/li>\n<\/ul>\n\n\n\n<p><strong>\u23f0 Horaires<\/strong><\/p>\n\n\n\n<p>D\u00e9part : avant 10h30<\/p>\n\n\n\n<p>Arriv\u00e9e : \u00e0 partir de 18h00<\/p>\n<\/div>\n<\/div>\n\n\n\n<div class=\"wp-block-columns is-layout-flex wp-container-core-columns-is-layout-9d6595d7 wp-block-columns-is-layout-flex\">\n<div class=\"wp-block-column is-vertically-aligned-center is-layout-flow wp-block-column-is-layout-flow\"><div class=\"wp-block-image\">\n<figure class=\"aligncenter size-large\"><img loading=\"lazy\" decoding=\"async\" width=\"1024\" height=\"768\" src=\"https:\/\/levraiparadis.fr\/wp-content\/uploads\/2023\/03\/Le-Vrai-Paradis-chambre-dhotes-Berck-sur-Mer-cle-2-1024x768.jpeg\" alt=\"\" class=\"wp-image-966\" srcset=\"https:\/\/levraiparadis.fr\/wp-content\/uploads\/2023\/03\/Le-Vrai-Paradis-chambre-dhotes-Berck-sur-Mer-cle-2-1024x768.jpeg 1024w, https:\/\/levraiparadis.fr\/wp-content\/uploads\/2023\/03\/Le-Vrai-Paradis-chambre-dhotes-Berck-sur-Mer-cle-2-300x225.jpeg 300w, https:\/\/levraiparadis.fr\/wp-content\/uploads\/2023\/03\/Le-Vrai-Paradis-chambre-dhotes-Berck-sur-Mer-cle-2-768x576.jpeg 768w, https:\/\/levraiparadis.fr\/wp-content\/uploads\/2023\/03\/Le-Vrai-Paradis-chambre-dhotes-Berck-sur-Mer-cle-2-1536x1152.jpeg 1536w, https:\/\/levraiparadis.fr\/wp-content\/uploads\/2023\/03\/Le-Vrai-Paradis-chambre-dhotes-Berck-sur-Mer-cle-2-400x300.jpeg 400w, https:\/\/levraiparadis.fr\/wp-content\/uploads\/2023\/03\/Le-Vrai-Paradis-chambre-dhotes-Berck-sur-Mer-cle-2.jpeg 2048w\" sizes=\"auto, (max-width: 1024px) 100vw, 1024px\" \/><\/figure>\n<\/div><\/div>\n\n\n\n<div class=\"wp-block-column is-layout-flow wp-block-column-is-layout-flow\"><div class=\"wp-block-image\">\n<figure class=\"aligncenter size-large\"><img loading=\"lazy\" decoding=\"async\" width=\"1024\" height=\"768\" src=\"https:\/\/levraiparadis.fr\/wp-content\/uploads\/2023\/03\/Le-Vrai-Paradis-chambre-dhotes-Berck-sur-Mer-2-1024x768.jpeg\" alt=\"\" class=\"wp-image-964\" srcset=\"https:\/\/levraiparadis.fr\/wp-content\/uploads\/2023\/03\/Le-Vrai-Paradis-chambre-dhotes-Berck-sur-Mer-2-1024x768.jpeg 1024w, https:\/\/levraiparadis.fr\/wp-content\/uploads\/2023\/03\/Le-Vrai-Paradis-chambre-dhotes-Berck-sur-Mer-2-300x225.jpeg 300w, https:\/\/levraiparadis.fr\/wp-content\/uploads\/2023\/03\/Le-Vrai-Paradis-chambre-dhotes-Berck-sur-Mer-2-768x576.jpeg 768w, https:\/\/levraiparadis.fr\/wp-content\/uploads\/2023\/03\/Le-Vrai-Paradis-chambre-dhotes-Berck-sur-Mer-2-1536x1152.jpeg 1536w, https:\/\/levraiparadis.fr\/wp-content\/uploads\/2023\/03\/Le-Vrai-Paradis-chambre-dhotes-Berck-sur-Mer-2-400x300.jpeg 400w, https:\/\/levraiparadis.fr\/wp-content\/uploads\/2023\/03\/Le-Vrai-Paradis-chambre-dhotes-Berck-sur-Mer-2.jpeg 2048w\" sizes=\"auto, (max-width: 1024px) 100vw, 1024px\" \/><\/figure>\n<\/div><\/div>\n\n\n\n<div class=\"wp-block-column is-layout-flow wp-block-column-is-layout-flow\"><div class=\"wp-block-image\">\n<figure class=\"aligncenter size-large\"><img loading=\"lazy\" decoding=\"async\" width=\"1024\" height=\"768\" src=\"https:\/\/levraiparadis.fr\/wp-content\/uploads\/2023\/03\/Le-Vrai-Paradis-chambre-dhotes-Berck-sur-Mer-1-1-1024x768.jpeg\" alt=\"\" class=\"wp-image-965\" srcset=\"https:\/\/levraiparadis.fr\/wp-content\/uploads\/2023\/03\/Le-Vrai-Paradis-chambre-dhotes-Berck-sur-Mer-1-1-1024x768.jpeg 1024w, https:\/\/levraiparadis.fr\/wp-content\/uploads\/2023\/03\/Le-Vrai-Paradis-chambre-dhotes-Berck-sur-Mer-1-1-300x225.jpeg 300w, https:\/\/levraiparadis.fr\/wp-content\/uploads\/2023\/03\/Le-Vrai-Paradis-chambre-dhotes-Berck-sur-Mer-1-1-768x576.jpeg 768w, https:\/\/levraiparadis.fr\/wp-content\/uploads\/2023\/03\/Le-Vrai-Paradis-chambre-dhotes-Berck-sur-Mer-1-1-1536x1152.jpeg 1536w, https:\/\/levraiparadis.fr\/wp-content\/uploads\/2023\/03\/Le-Vrai-Paradis-chambre-dhotes-Berck-sur-Mer-1-1-400x300.jpeg 400w, https:\/\/levraiparadis.fr\/wp-content\/uploads\/2023\/03\/Le-Vrai-Paradis-chambre-dhotes-Berck-sur-Mer-1-1.jpeg 2048w\" sizes=\"auto, (max-width: 1024px) 100vw, 1024px\" \/><\/figure>\n<\/div><\/div>\n<\/div>\n\n\n\n<div class=\"wp-block-columns is-layout-flex wp-container-core-columns-is-layout-9d6595d7 wp-block-columns-is-layout-flex\">\n<div class=\"wp-block-column is-layout-flow wp-block-column-is-layout-flow\">\n<figure class=\"wp-block-image size-large\"><img loading=\"lazy\" decoding=\"async\" width=\"1024\" height=\"768\" src=\"https:\/\/levraiparadis.fr\/wp-content\/uploads\/2023\/03\/Le-Vrai-Paradis-chambre-dhotes-Berck-sur-Mer-5-1024x768.jpeg\" alt=\"\" class=\"wp-image-967\" srcset=\"https:\/\/levraiparadis.fr\/wp-content\/uploads\/2023\/03\/Le-Vrai-Paradis-chambre-dhotes-Berck-sur-Mer-5-1024x768.jpeg 1024w, https:\/\/levraiparadis.fr\/wp-content\/uploads\/2023\/03\/Le-Vrai-Paradis-chambre-dhotes-Berck-sur-Mer-5-300x225.jpeg 300w, https:\/\/levraiparadis.fr\/wp-content\/uploads\/2023\/03\/Le-Vrai-Paradis-chambre-dhotes-Berck-sur-Mer-5-768x576.jpeg 768w, https:\/\/levraiparadis.fr\/wp-content\/uploads\/2023\/03\/Le-Vrai-Paradis-chambre-dhotes-Berck-sur-Mer-5-1536x1152.jpeg 1536w, https:\/\/levraiparadis.fr\/wp-content\/uploads\/2023\/03\/Le-Vrai-Paradis-chambre-dhotes-Berck-sur-Mer-5-400x300.jpeg 400w, https:\/\/levraiparadis.fr\/wp-content\/uploads\/2023\/03\/Le-Vrai-Paradis-chambre-dhotes-Berck-sur-Mer-5.jpeg 2048w\" sizes=\"auto, (max-width: 1024px) 100vw, 1024px\" \/><\/figure>\n<\/div>\n\n\n\n<div class=\"wp-block-column is-layout-flow wp-block-column-is-layout-flow\">\n<figure class=\"wp-block-image size-large\"><img loading=\"lazy\" decoding=\"async\" width=\"1024\" height=\"768\" src=\"https:\/\/levraiparadis.fr\/wp-content\/uploads\/2023\/03\/IMG_0435-1024x768.jpeg\" alt=\"\" class=\"wp-image-968\" srcset=\"https:\/\/levraiparadis.fr\/wp-content\/uploads\/2023\/03\/IMG_0435-1024x768.jpeg 1024w, https:\/\/levraiparadis.fr\/wp-content\/uploads\/2023\/03\/IMG_0435-300x225.jpeg 300w, https:\/\/levraiparadis.fr\/wp-content\/uploads\/2023\/03\/IMG_0435-768x576.jpeg 768w, https:\/\/levraiparadis.fr\/wp-content\/uploads\/2023\/03\/IMG_0435-1536x1152.jpeg 1536w, https:\/\/levraiparadis.fr\/wp-content\/uploads\/2023\/03\/IMG_0435-400x300.jpeg 400w, https:\/\/levraiparadis.fr\/wp-content\/uploads\/2023\/03\/IMG_0435.jpeg 2048w\" sizes=\"auto, (max-width: 1024px) 100vw, 1024px\" \/><\/figure>\n<\/div>\n\n\n\n<div class=\"wp-block-column is-layout-flow wp-block-column-is-layout-flow\">\n<figure class=\"wp-block-image size-large\"><img loading=\"lazy\" decoding=\"async\" width=\"1024\" height=\"768\" src=\"https:\/\/levraiparadis.fr\/wp-content\/uploads\/2023\/03\/IMG_0412-1024x768.jpeg\" alt=\"\" class=\"wp-image-969\" srcset=\"https:\/\/levraiparadis.fr\/wp-content\/uploads\/2023\/03\/IMG_0412-1024x768.jpeg 1024w, https:\/\/levraiparadis.fr\/wp-content\/uploads\/2023\/03\/IMG_0412-300x225.jpeg 300w, https:\/\/levraiparadis.fr\/wp-content\/uploads\/2023\/03\/IMG_0412-768x576.jpeg 768w, https:\/\/levraiparadis.fr\/wp-content\/uploads\/2023\/03\/IMG_0412-1536x1152.jpeg 1536w, https:\/\/levraiparadis.fr\/wp-content\/uploads\/2023\/03\/IMG_0412-400x300.jpeg 400w, https:\/\/levraiparadis.fr\/wp-content\/uploads\/2023\/03\/IMG_0412.jpeg 2048w\" sizes=\"auto, (max-width: 1024px) 100vw, 1024px\" \/><\/figure>\n<\/div>\n<\/div>\n\n\n\n<div class=\"wp-block-columns is-layout-flex wp-container-core-columns-is-layout-9d6595d7 wp-block-columns-is-layout-flex\">\n<div class=\"wp-block-column is-vertically-aligned-center is-layout-flow wp-block-column-is-layout-flow\">\n<h2 class=\"wp-block-heading has-text-align-center\"><mark style=\"background-color:rgba(0, 0, 0, 0)\" class=\"has-inline-color has-accent-1-color\">Disponibilit\u00e9s<\/mark><\/h2>\n\n\n\n<div id=\"ConstellationCalendarContainer610ca63e-28ae-47e8-8d84-4db2086144b8\" style=\"width:100%; text-align:center;\" title=\"Le Vrai Paradis\" data-id-projet=\"610ca63e28ae47e88d844db2086144b8\">Chargement en cours&#8230;<\/div><script type=\"text\/javascript\" src=\"https:\/\/reservation.elloha.com\/Scripts\/widget-loader.min.js?v=42\"><\/script><script type=\"text\/javascript\">var constellationWidgetUrl610ca63e28ae47e88d844db2086144b8, constellationTypeModule610ca63e28ae47e88d844db2086144b8; constellationWidgetUrl610ca63e28ae47e88d844db2086144b8 = 'https:\/\/reservation.elloha.com\/Widget\/BookingCalendar\/610ca63e-28ae-47e8-8d84-4db2086144b8?idoi=f9b59e1f-32c7-4469-b626-017a04db2c8c'; constellationTypeModule610ca63e28ae47e88d844db2086144b8=2; constellationBookingCalendarLoad('ConstellationCalendarContainer610ca63e-28ae-47e8-8d84-4db2086144b8'); constellationWidgetAddEvent(window, \"resize\", function () { constellationWidgetSetAppearance('ConstellationCalendarContainer610ca63e-28ae-47e8-8d84-4db2086144b8'); });<\/script>\n<\/div>\n\n\n\n<div class=\"wp-block-column is-layout-flow wp-block-column-is-layout-flow\">\n<h2 class=\"wp-block-heading has-text-align-center\"><mark style=\"background-color:rgba(0, 0, 0, 0)\" class=\"has-inline-color has-accent-1-color\">Tarifs <\/mark><\/h2>\n\n\n\n<h4 class=\"wp-block-heading has-accent-1-color has-text-color\"><strong>20<\/strong>26<\/h4>\n\n\n\n<p>Tarif  TTC, petits-d\u00e9jeuners compris :<\/p>\n\n\n\n<p class=\"has-text-align-center\">9<em>5\u20ac \/ nuit pour 2 personnes<\/em> <\/p>\n\n\n\n<p>Taxe de s\u00e9jour et taxe d\u00e9partementale : 0,88\u20ac \/ nuit \/ personne<\/p>\n<\/div>\n<\/div>\n\n\n\n<div id=\"ConstellationButtonContainerbad59406-ce09-48be-bc3d-7d292a9015f1\" style=\"width:100%; text-align:center;\" title=\"Le Vrai Paradis\" data-id-projet=\"bad59406ce0948bebc3d7d292a9015f1\">Chargement en cours&#8230;<\/div><script type=\"text\/javascript\" src=\"https:\/\/reservation.elloha.com\/Scripts\/widget-loader.min.js?v=42\"><\/script><script type=\"text\/javascript\">var constellationWidgetUrlbad59406ce0948bebc3d7d292a9015f1, constellationTypeModulebad59406ce0948bebc3d7d292a9015f1; constellationWidgetUrlbad59406ce0948bebc3d7d292a9015f1 = 'https:\/\/reservation.elloha.com\/Widget\/BookingButton\/bad59406-ce09-48be-bc3d-7d292a9015f1?idoi=f9b59e1f-32c7-4469-b626-017a04db2c8c&culture=fr-FR'; constellationTypeModulebad59406ce0948bebc3d7d292a9015f1=3; constellationBookingButtonLoad('ConstellationButtonContainerbad59406-ce09-48be-bc3d-7d292a9015f1');<\/script>\n\n\n\n<div style=\"height:25px\" aria-hidden=\"true\" class=\"wp-block-spacer\"><\/div>\n\n\n\n<div class=\"wp-block-buttons is-horizontal is-content-justification-center is-layout-flex wp-container-core-buttons-is-layout-499968f5 wp-block-buttons-is-layout-flex\"><\/div>\n\n\n\n<h2 class=\"wp-block-heading has-text-align-center\">Berck-sur-Mer <\/h2>\n\n\n\n<p>La ville de Berck-sur-Mer est une station baln\u00e9aire au nord de la Baie de Somme labellis\u00e9e \u00ab Station Kid \u00bb et \u00ab Famille Plus \u00bb. Sa plage de sable fin s\u2019\u00e9tend sur pr\u00e8s de 12 km et ses dunes sur 304 hectares. Par beau temps et \u00e0 mar\u00e9e basse, vous aurez peut-\u00eatre la chance d\u2019observer phoques gris et veaux marins profitant du soleil.<\/p>\n\n\n\n<p>\ud83e\ude81 A ne pas manquer chaque ann\u00e9e, \u00e0 P\u00e2ques, les <a href=\"https:\/\/www.cerf-volant-berck.com\/\">Rencontres internationales de cerfs-volants<\/a> qui attirent des milliers de visiteurs sur deux semaines.<\/p>\n\n\n\n<p>Pour en savoir plus sur la ville de Berck-sur-Mer, cliquez sur le lien suivant \u2192 <a href=\"https:\/\/www.berck-tourisme.com\/fr\/\">Ville de Berck-sur-Mer<\/a><\/p>\n","protected":false},"excerpt":{"rendered":"<p>\ud83d\udecf\ufe0f La chambre \ud83e\uddfa Linge de maison Les draps et les serviettes sont en lin lav\u00e9 de chez Embrin, confectionn\u00e9s en France \u00e0 partir de &hellip;<\/p>\n","protected":false},"author":1,"featured_media":0,"parent":92,"menu_order":1,"comment_status":"closed","ping_status":"closed","template":"","meta":{"footnotes":""},"class_list":["post-137","page","type-page","status-publish","hentry"],"_links":{"self":[{"href":"https:\/\/levraiparadis.fr\/index.php?rest_route=\/wp\/v2\/pages\/137","targetHints":{"allow":["GET"]}}],"collection":[{"href":"https:\/\/levraiparadis.fr\/index.php?rest_route=\/wp\/v2\/pages"}],"about":[{"href":"https:\/\/levraiparadis.fr\/index.php?rest_route=\/wp\/v2\/types\/page"}],"author":[{"embeddable":true,"href":"https:\/\/levraiparadis.fr\/index.php?rest_route=\/wp\/v2\/users\/1"}],"replies":[{"embeddable":true,"href":"https:\/\/levraiparadis.fr\/index.php?rest_route=%2Fwp%2Fv2%2Fcomments&post=137"}],"version-history":[{"count":60,"href":"https:\/\/levraiparadis.fr\/index.php?rest_route=\/wp\/v2\/pages\/137\/revisions"}],"predecessor-version":[{"id":1345,"href":"https:\/\/levraiparadis.fr\/index.php?rest_route=\/wp\/v2\/pages\/137\/revisions\/1345"}],"up":[{"embeddable":true,"href":"https:\/\/levraiparadis.fr\/index.php?rest_route=\/wp\/v2\/pages\/92"}],"wp:attachment":[{"href":"https:\/\/levraiparadis.fr\/index.php?rest_route=%2Fwp%2Fv2%2Fmedia&parent=137"}],"curies":[{"name":"wp","href":"https:\/\/api.w.org\/{rel}","templated":true}]}}