{"id":140,"date":"2021-05-24T19:10:26","date_gmt":"2021-05-24T17:10:26","guid":{"rendered":"http:\/\/levraiparadis.fr\/?page_id=140"},"modified":"2024-12-22T11:38:13","modified_gmt":"2024-12-22T10:38:13","slug":"la-chambre-fort-mahon","status":"publish","type":"page","link":"https:\/\/levraiparadis.fr\/?page_id=140","title":{"rendered":"La chambre Fort-Mahon"},"content":{"rendered":"\n<div class=\"wp-block-columns is-layout-flex wp-container-core-columns-is-layout-9d6595d7 wp-block-columns-is-layout-flex\">\n<div class=\"wp-block-column is-layout-flow wp-block-column-is-layout-flow\">\n<p>Retrouver dans la chambre d\u2019h\u00f4tes Fort-Mahon les couleurs jaunes comme les reflets du sable des plages du nord de la Baie de Somme.<\/p>\n\n\n\n<p>La chambre est class\u00e9e 3 \u00e9pis par les G\u00eetes de France.<\/p>\n\n\n\n<p>Elle dispose d\u2019une salle de bain \u00e9quip\u00e9e d\u2019une douche et de toilettes privatifs.<\/p>\n\n\n\n<p>Le linge de maison est en lin lav\u00e9 de chez Embrin, confectionn\u00e9 en France \u00e0 partir de lin picard et normand issu d\u2019une fili\u00e8re \u00e9co-responsable.<\/p>\n\n\n\n<p>La chambre Fort-Mahon se situe au 1er \u00e9tage de la maison.<\/p>\n\n\n\n<p>Il n\u2019y a pas de t\u00e9l\u00e9vision mais vous pourrez vous connectez gratuitement au wifi.<\/p>\n\n\n\n<p>Il est possible d\u2019ajouter un lit d\u2019appoint pour un enfant en option.<\/p>\n\n\n\n<p>Du mat\u00e9riel de pu\u00e9riculture (lit parapluie, matelas \u00e0 langer, baignoire et petit pot) pourra vous \u00eatre pr\u00eat\u00e9.<\/p>\n\n\n\n<p>Chambre non-fumeur.<\/p>\n\n\n\n<p>Les animaux ne sont pas admis.<\/p>\n\n\n\n<p>L&rsquo;arriv\u00e9e se fait apr\u00e8s 18h00 et le d\u00e9part pour 10h30.<\/p>\n\n\n\n<div class=\"wp-block-buttons is-horizontal is-content-justification-center is-layout-flex wp-container-core-buttons-is-layout-499968f5 wp-block-buttons-is-layout-flex\"><\/div>\n<\/div>\n\n\n\n<div class=\"wp-block-column is-layout-flow wp-block-column-is-layout-flow\"><div class=\"wp-block-image\">\n<figure class=\"aligncenter size-large\"><img loading=\"lazy\" decoding=\"async\" width=\"1024\" height=\"768\" src=\"https:\/\/levraiparadis.fr\/wp-content\/uploads\/2023\/03\/Le-Vrai-Paradis-chambre-dhotes-Fort-Mahon-1024x768.jpeg\" alt=\"\" class=\"wp-image-972\" srcset=\"https:\/\/levraiparadis.fr\/wp-content\/uploads\/2023\/03\/Le-Vrai-Paradis-chambre-dhotes-Fort-Mahon-1024x768.jpeg 1024w, https:\/\/levraiparadis.fr\/wp-content\/uploads\/2023\/03\/Le-Vrai-Paradis-chambre-dhotes-Fort-Mahon-300x225.jpeg 300w, https:\/\/levraiparadis.fr\/wp-content\/uploads\/2023\/03\/Le-Vrai-Paradis-chambre-dhotes-Fort-Mahon-768x576.jpeg 768w, https:\/\/levraiparadis.fr\/wp-content\/uploads\/2023\/03\/Le-Vrai-Paradis-chambre-dhotes-Fort-Mahon-1536x1152.jpeg 1536w, https:\/\/levraiparadis.fr\/wp-content\/uploads\/2023\/03\/Le-Vrai-Paradis-chambre-dhotes-Fort-Mahon-400x300.jpeg 400w, https:\/\/levraiparadis.fr\/wp-content\/uploads\/2023\/03\/Le-Vrai-Paradis-chambre-dhotes-Fort-Mahon.jpeg 2048w\" sizes=\"auto, (max-width: 1024px) 100vw, 1024px\" \/><figcaption class=\"wp-element-caption\">La chambre Fort-Mahon et son lit queen size<\/figcaption><\/figure>\n<\/div><\/div>\n<\/div>\n\n\n\n<div class=\"wp-block-columns is-layout-flex wp-container-core-columns-is-layout-9d6595d7 wp-block-columns-is-layout-flex\">\n<div class=\"wp-block-column is-layout-flow wp-block-column-is-layout-flow\">\n<figure class=\"wp-block-image size-large\"><img loading=\"lazy\" decoding=\"async\" width=\"1024\" height=\"768\" src=\"https:\/\/levraiparadis.fr\/wp-content\/uploads\/2023\/03\/Le-Vrai-Paradis-chambre-dhotes-Fort-Mahon-cle-1024x768.jpeg\" alt=\"\" class=\"wp-image-975\" srcset=\"https:\/\/levraiparadis.fr\/wp-content\/uploads\/2023\/03\/Le-Vrai-Paradis-chambre-dhotes-Fort-Mahon-cle-1024x768.jpeg 1024w, https:\/\/levraiparadis.fr\/wp-content\/uploads\/2023\/03\/Le-Vrai-Paradis-chambre-dhotes-Fort-Mahon-cle-300x225.jpeg 300w, https:\/\/levraiparadis.fr\/wp-content\/uploads\/2023\/03\/Le-Vrai-Paradis-chambre-dhotes-Fort-Mahon-cle-768x576.jpeg 768w, https:\/\/levraiparadis.fr\/wp-content\/uploads\/2023\/03\/Le-Vrai-Paradis-chambre-dhotes-Fort-Mahon-cle-1536x1152.jpeg 1536w, https:\/\/levraiparadis.fr\/wp-content\/uploads\/2023\/03\/Le-Vrai-Paradis-chambre-dhotes-Fort-Mahon-cle-400x300.jpeg 400w, https:\/\/levraiparadis.fr\/wp-content\/uploads\/2023\/03\/Le-Vrai-Paradis-chambre-dhotes-Fort-Mahon-cle.jpeg 2048w\" sizes=\"auto, (max-width: 1024px) 100vw, 1024px\" \/><\/figure>\n<\/div>\n\n\n\n<div class=\"wp-block-column is-layout-flow wp-block-column-is-layout-flow\">\n<figure class=\"wp-block-image size-large\"><img loading=\"lazy\" decoding=\"async\" width=\"1024\" height=\"768\" src=\"https:\/\/levraiparadis.fr\/wp-content\/uploads\/2023\/03\/Le-Vrai-Paradis-chambre-dhotes-Fort-Mahon-4-1-1024x768.jpeg\" alt=\"\" class=\"wp-image-980\" srcset=\"https:\/\/levraiparadis.fr\/wp-content\/uploads\/2023\/03\/Le-Vrai-Paradis-chambre-dhotes-Fort-Mahon-4-1-1024x768.jpeg 1024w, https:\/\/levraiparadis.fr\/wp-content\/uploads\/2023\/03\/Le-Vrai-Paradis-chambre-dhotes-Fort-Mahon-4-1-300x225.jpeg 300w, https:\/\/levraiparadis.fr\/wp-content\/uploads\/2023\/03\/Le-Vrai-Paradis-chambre-dhotes-Fort-Mahon-4-1-768x576.jpeg 768w, https:\/\/levraiparadis.fr\/wp-content\/uploads\/2023\/03\/Le-Vrai-Paradis-chambre-dhotes-Fort-Mahon-4-1-1536x1152.jpeg 1536w, https:\/\/levraiparadis.fr\/wp-content\/uploads\/2023\/03\/Le-Vrai-Paradis-chambre-dhotes-Fort-Mahon-4-1-400x300.jpeg 400w, https:\/\/levraiparadis.fr\/wp-content\/uploads\/2023\/03\/Le-Vrai-Paradis-chambre-dhotes-Fort-Mahon-4-1.jpeg 2048w\" sizes=\"auto, (max-width: 1024px) 100vw, 1024px\" \/><\/figure>\n<\/div>\n\n\n\n<div class=\"wp-block-column is-layout-flow wp-block-column-is-layout-flow\">\n<figure class=\"wp-block-image size-large\"><img loading=\"lazy\" decoding=\"async\" width=\"1024\" height=\"768\" src=\"https:\/\/levraiparadis.fr\/wp-content\/uploads\/2023\/03\/Le-Vrai-Paradis-chambre-dhotes-Fort-Mahon-2-1024x768.jpeg\" alt=\"\" class=\"wp-image-976\" srcset=\"https:\/\/levraiparadis.fr\/wp-content\/uploads\/2023\/03\/Le-Vrai-Paradis-chambre-dhotes-Fort-Mahon-2-1024x768.jpeg 1024w, https:\/\/levraiparadis.fr\/wp-content\/uploads\/2023\/03\/Le-Vrai-Paradis-chambre-dhotes-Fort-Mahon-2-300x225.jpeg 300w, https:\/\/levraiparadis.fr\/wp-content\/uploads\/2023\/03\/Le-Vrai-Paradis-chambre-dhotes-Fort-Mahon-2-768x576.jpeg 768w, https:\/\/levraiparadis.fr\/wp-content\/uploads\/2023\/03\/Le-Vrai-Paradis-chambre-dhotes-Fort-Mahon-2-1536x1152.jpeg 1536w, https:\/\/levraiparadis.fr\/wp-content\/uploads\/2023\/03\/Le-Vrai-Paradis-chambre-dhotes-Fort-Mahon-2-400x300.jpeg 400w, https:\/\/levraiparadis.fr\/wp-content\/uploads\/2023\/03\/Le-Vrai-Paradis-chambre-dhotes-Fort-Mahon-2.jpeg 2048w\" sizes=\"auto, (max-width: 1024px) 100vw, 1024px\" \/><\/figure>\n<\/div>\n<\/div>\n\n\n\n<div class=\"wp-block-columns is-layout-flex wp-container-core-columns-is-layout-9d6595d7 wp-block-columns-is-layout-flex\">\n<div class=\"wp-block-column is-layout-flow wp-block-column-is-layout-flow\">\n<figure class=\"wp-block-image size-large\"><img loading=\"lazy\" decoding=\"async\" width=\"1024\" height=\"768\" src=\"https:\/\/levraiparadis.fr\/wp-content\/uploads\/2023\/03\/Le-Vrai-Paradis-chambre-dhotes-Fort-Mahon-1-1-1024x768.jpeg\" alt=\"\" class=\"wp-image-977\" srcset=\"https:\/\/levraiparadis.fr\/wp-content\/uploads\/2023\/03\/Le-Vrai-Paradis-chambre-dhotes-Fort-Mahon-1-1-1024x768.jpeg 1024w, https:\/\/levraiparadis.fr\/wp-content\/uploads\/2023\/03\/Le-Vrai-Paradis-chambre-dhotes-Fort-Mahon-1-1-300x225.jpeg 300w, https:\/\/levraiparadis.fr\/wp-content\/uploads\/2023\/03\/Le-Vrai-Paradis-chambre-dhotes-Fort-Mahon-1-1-768x576.jpeg 768w, https:\/\/levraiparadis.fr\/wp-content\/uploads\/2023\/03\/Le-Vrai-Paradis-chambre-dhotes-Fort-Mahon-1-1-1536x1152.jpeg 1536w, https:\/\/levraiparadis.fr\/wp-content\/uploads\/2023\/03\/Le-Vrai-Paradis-chambre-dhotes-Fort-Mahon-1-1-400x300.jpeg 400w, https:\/\/levraiparadis.fr\/wp-content\/uploads\/2023\/03\/Le-Vrai-Paradis-chambre-dhotes-Fort-Mahon-1-1.jpeg 2048w\" sizes=\"auto, (max-width: 1024px) 100vw, 1024px\" \/><\/figure>\n<\/div>\n\n\n\n<div class=\"wp-block-column is-layout-flow wp-block-column-is-layout-flow\">\n<figure class=\"wp-block-image size-large\"><img loading=\"lazy\" decoding=\"async\" width=\"1024\" height=\"768\" src=\"https:\/\/levraiparadis.fr\/wp-content\/uploads\/2023\/03\/Le-Vrai-Paradis-chambre-dhotes-Fort-Mahon-3-1024x768.jpeg\" alt=\"\" class=\"wp-image-979\" srcset=\"https:\/\/levraiparadis.fr\/wp-content\/uploads\/2023\/03\/Le-Vrai-Paradis-chambre-dhotes-Fort-Mahon-3-1024x768.jpeg 1024w, https:\/\/levraiparadis.fr\/wp-content\/uploads\/2023\/03\/Le-Vrai-Paradis-chambre-dhotes-Fort-Mahon-3-300x225.jpeg 300w, https:\/\/levraiparadis.fr\/wp-content\/uploads\/2023\/03\/Le-Vrai-Paradis-chambre-dhotes-Fort-Mahon-3-768x576.jpeg 768w, https:\/\/levraiparadis.fr\/wp-content\/uploads\/2023\/03\/Le-Vrai-Paradis-chambre-dhotes-Fort-Mahon-3-1536x1152.jpeg 1536w, https:\/\/levraiparadis.fr\/wp-content\/uploads\/2023\/03\/Le-Vrai-Paradis-chambre-dhotes-Fort-Mahon-3-400x300.jpeg 400w, https:\/\/levraiparadis.fr\/wp-content\/uploads\/2023\/03\/Le-Vrai-Paradis-chambre-dhotes-Fort-Mahon-3.jpeg 2048w\" sizes=\"auto, (max-width: 1024px) 100vw, 1024px\" \/><\/figure>\n<\/div>\n\n\n\n<div class=\"wp-block-column is-layout-flow wp-block-column-is-layout-flow\">\n<figure class=\"wp-block-image size-large\"><img loading=\"lazy\" decoding=\"async\" width=\"1024\" height=\"768\" src=\"https:\/\/levraiparadis.fr\/wp-content\/uploads\/2023\/03\/Le-Vrai-Paradis-chambre-dhotes-Fort-Mahon-5-1024x768.jpeg\" alt=\"\" class=\"wp-image-978\" srcset=\"https:\/\/levraiparadis.fr\/wp-content\/uploads\/2023\/03\/Le-Vrai-Paradis-chambre-dhotes-Fort-Mahon-5-1024x768.jpeg 1024w, https:\/\/levraiparadis.fr\/wp-content\/uploads\/2023\/03\/Le-Vrai-Paradis-chambre-dhotes-Fort-Mahon-5-300x225.jpeg 300w, https:\/\/levraiparadis.fr\/wp-content\/uploads\/2023\/03\/Le-Vrai-Paradis-chambre-dhotes-Fort-Mahon-5-768x576.jpeg 768w, https:\/\/levraiparadis.fr\/wp-content\/uploads\/2023\/03\/Le-Vrai-Paradis-chambre-dhotes-Fort-Mahon-5-1536x1152.jpeg 1536w, https:\/\/levraiparadis.fr\/wp-content\/uploads\/2023\/03\/Le-Vrai-Paradis-chambre-dhotes-Fort-Mahon-5-400x300.jpeg 400w, https:\/\/levraiparadis.fr\/wp-content\/uploads\/2023\/03\/Le-Vrai-Paradis-chambre-dhotes-Fort-Mahon-5.jpeg 2048w\" sizes=\"auto, (max-width: 1024px) 100vw, 1024px\" \/><\/figure>\n<\/div>\n<\/div>\n\n\n\n<div class=\"wp-block-columns is-layout-flex wp-container-core-columns-is-layout-9d6595d7 wp-block-columns-is-layout-flex\">\n<div class=\"wp-block-column is-layout-flow wp-block-column-is-layout-flow\">\n<h2 class=\"wp-block-heading has-text-align-center\">Disponibilit\u00e9s<\/h2>\n\n\n\n<div id=\"ConstellationCalendarContainer714d2d98-7c91-4bd4-8bce-cb96fea3dae6\" style=\"width:100%; text-align:center;\" title=\"Le Vrai Paradis\" data-id-projet=\"714d2d987c914bd48bcecb96fea3dae6\">Chargement en cours&#8230;<\/div><script type=\"text\/javascript\" src=\"https:\/\/reservation.elloha.com\/Scripts\/widget-loader.min.js?v=42\"><\/script><script type=\"text\/javascript\">var constellationWidgetUrl714d2d987c914bd48bcecb96fea3dae6, constellationTypeModule714d2d987c914bd48bcecb96fea3dae6; constellationWidgetUrl714d2d987c914bd48bcecb96fea3dae6 = 'https:\/\/reservation.elloha.com\/Widget\/BookingCalendar\/714d2d98-7c91-4bd4-8bce-cb96fea3dae6?idoi=f9b59e1f-32c7-4469-b626-017a04db2c8c'; constellationTypeModule714d2d987c914bd48bcecb96fea3dae6=2; constellationBookingCalendarLoad('ConstellationCalendarContainer714d2d98-7c91-4bd4-8bce-cb96fea3dae6'); constellationWidgetAddEvent(window, \"resize\", function () { constellationWidgetSetAppearance('ConstellationCalendarContainer714d2d98-7c91-4bd4-8bce-cb96fea3dae6'); });<\/script>\n<\/div>\n\n\n\n<div class=\"wp-block-column is-layout-flow wp-block-column-is-layout-flow\">\n<h2 class=\"wp-block-heading has-text-align-center\">Tarifs<\/h2>\n\n\n\n<h4 class=\"wp-block-heading has-accent-1-color has-text-color\"><strong>202<\/strong>5<\/h4>\n\n\n\n<p>Tarif TTC, petits-d\u00e9jeuners compris : <\/p>\n\n\n\n<p class=\"has-text-align-center\"><em>95\u20ac \/ nuit pour 2 personnes<\/em> <\/p>\n\n\n\n<p>Lit d&rsquo;appoint pour un enfant de mois de 12 ans : <\/p>\n\n\n\n<p class=\"has-text-align-center\"> <em>30\u20ac \/ nuit pour 1<\/em> enfant <\/p>\n\n\n\n<p>Taxe de s\u00e9jour : 0,80\u20ac \/ nuit \/ personne<\/p>\n<\/div>\n<\/div>\n\n\n\n<div class=\"wp-block-buttons is-horizontal is-content-justification-center is-layout-flex wp-container-core-buttons-is-layout-499968f5 wp-block-buttons-is-layout-flex\"><\/div>\n\n\n\n<div id=\"ConstellationButtonContainere3cbad6e-6368-496d-92c2-c9b8bc843682\" style=\"width:100%; text-align:center;\" title=\"Le Vrai Paradis\" data-id-projet=\"e3cbad6e6368496d92c2c9b8bc843682\">Chargement en cours&#8230;<\/div><script type=\"text\/javascript\" src=\"https:\/\/reservation.elloha.com\/Scripts\/widget-loader.min.js?v=42\"><\/script><script type=\"text\/javascript\">var constellationWidgetUrle3cbad6e6368496d92c2c9b8bc843682, constellationTypeModulee3cbad6e6368496d92c2c9b8bc843682; constellationWidgetUrle3cbad6e6368496d92c2c9b8bc843682 = 'https:\/\/reservation.elloha.com\/Widget\/BookingButton\/e3cbad6e-6368-496d-92c2-c9b8bc843682?idoi=f9b59e1f-32c7-4469-b626-017a04db2c8c&culture=fr-FR'; constellationTypeModulee3cbad6e6368496d92c2c9b8bc843682=3; constellationBookingButtonLoad('ConstellationButtonContainere3cbad6e-6368-496d-92c2-c9b8bc843682');<\/script>\n\n\n\n<div style=\"height:25px\" aria-hidden=\"true\" class=\"wp-block-spacer\"><\/div>\n\n\n\n<h2 class=\"wp-block-heading has-text-align-center\">Fort-Mahon<\/h2>\n\n\n\n<p>Fort-Mahon est une station baln\u00e9aire pris\u00e9e des touristes gr\u00e2ce \u00e0 sa plage de sable fin qui permet de faire du char \u00e0 voile.<\/p>\n\n\n\n<p>14 mytiliculteurs \u00e9l\u00e8vent des moules de bouchot que vous pourrez d\u00e9guster accompagn\u00e9es de frites bien s\u00fbr !<\/p>\n\n\n\n<p>Les passionn\u00e9s d\u2019\u00e9quitation profiteront de leur venue pour chevaucher un Henson et aller se balader entre les dunes et la mer, paysages magnifiques garantis&nbsp;!<\/p>\n\n\n\n<p>Pour en savoir plus sur la ville de Fort-Mahon, cliquez sur le lien suivant \u2192 <a href=\"https:\/\/www.fort-mahon-plage.com\/\">Ville de Fort-Mahon<\/a><\/p>\n","protected":false},"excerpt":{"rendered":"<p>Retrouver dans la chambre d\u2019h\u00f4tes Fort-Mahon les couleurs jaunes comme les reflets du sable des plages du nord de la Baie de Somme. La chambre &hellip;<\/p>\n","protected":false},"author":1,"featured_media":0,"parent":92,"menu_order":2,"comment_status":"closed","ping_status":"closed","template":"","meta":{"footnotes":""},"class_list":["post-140","page","type-page","status-publish","hentry"],"_links":{"self":[{"href":"https:\/\/levraiparadis.fr\/index.php?rest_route=\/wp\/v2\/pages\/140","targetHints":{"allow":["GET"]}}],"collection":[{"href":"https:\/\/levraiparadis.fr\/index.php?rest_route=\/wp\/v2\/pages"}],"about":[{"href":"https:\/\/levraiparadis.fr\/index.php?rest_route=\/wp\/v2\/types\/page"}],"author":[{"embeddable":true,"href":"https:\/\/levraiparadis.fr\/index.php?rest_route=\/wp\/v2\/users\/1"}],"replies":[{"embeddable":true,"href":"https:\/\/levraiparadis.fr\/index.php?rest_route=%2Fwp%2Fv2%2Fcomments&post=140"}],"version-history":[{"count":27,"href":"https:\/\/levraiparadis.fr\/index.php?rest_route=\/wp\/v2\/pages\/140\/revisions"}],"predecessor-version":[{"id":1310,"href":"https:\/\/levraiparadis.fr\/index.php?rest_route=\/wp\/v2\/pages\/140\/revisions\/1310"}],"up":[{"embeddable":true,"href":"https:\/\/levraiparadis.fr\/index.php?rest_route=\/wp\/v2\/pages\/92"}],"wp:attachment":[{"href":"https:\/\/levraiparadis.fr\/index.php?rest_route=%2Fwp%2Fv2%2Fmedia&parent=140"}],"curies":[{"name":"wp","href":"https:\/\/api.w.org\/{rel}","templated":true}]}}