{"id":179,"date":"2021-05-30T14:55:10","date_gmt":"2021-05-30T12:55:10","guid":{"rendered":"http:\/\/levraiparadis.fr\/?page_id=179"},"modified":"2024-12-22T11:38:34","modified_gmt":"2024-12-22T10:38:34","slug":"la-chambre-le-treport","status":"publish","type":"page","link":"https:\/\/levraiparadis.fr\/?page_id=179","title":{"rendered":"La chambre Le Tr\u00e9port"},"content":{"rendered":"\n<div class=\"wp-block-columns is-layout-flex wp-container-core-columns-is-layout-9d6595d7 wp-block-columns-is-layout-flex\">\n<div class=\"wp-block-column is-layout-flow wp-block-column-is-layout-flow\">\n<p>Les murs roses de la chambre d\u2019h\u00f4te Le Tr\u00e9port \u00e9voquent les reflets roses que l\u2018on retrouve sur les falaises qui s\u2019\u00e9l\u00e8vent \u00e0 partir du port du Tr\u00e9port.<\/p>\n\n\n\n<p>La chambre est class\u00e9e 3 \u00e9pis par les G\u00eetes de France.<\/p>\n\n\n\n<p>Elle dispose d\u2019une salle de bain \u00e9quip\u00e9e d\u2019une douche et de toilettes privatifs.<\/p>\n\n\n\n<p>Le linge de maison est en lin lav\u00e9 de chez Embrin, confectionn\u00e9 en France \u00e0 partir de lin picard et normand issu d\u2019une fili\u00e8re \u00e9co-responsable.<\/p>\n\n\n\n<p>La chambre Le Tr\u00e9port se situe au 1er \u00e9tage de la maison.<\/p>\n\n\n\n<p>Il n\u2019y a pas de t\u00e9l\u00e9vision mais vous pourrez vous connectez gratuitement au wifi.<\/p>\n\n\n\n<p>Du mat\u00e9riel de pu\u00e9riculture (lit parapluie, matelas \u00e0 langer, baignoire et petit pot) pourra vous \u00eatre pr\u00eat\u00e9.<\/p>\n\n\n\n<p>Chambre non-fumeur.<\/p>\n\n\n\n<p>Les animaux ne sont pas admis.<\/p>\n\n\n\n<p>L&rsquo;arriv\u00e9e se fait apr\u00e8s 18h00 et le d\u00e9part pour 10h30.<\/p>\n<\/div>\n\n\n\n<div class=\"wp-block-column is-layout-flow wp-block-column-is-layout-flow\"><div class=\"wp-block-image\">\n<figure class=\"aligncenter size-large\"><img loading=\"lazy\" decoding=\"async\" width=\"1024\" height=\"768\" src=\"https:\/\/levraiparadis.fr\/wp-content\/uploads\/2023\/03\/Le-Vrai-Paradis-chambre-dhotes-Le-Treport-1024x768.jpeg\" alt=\"\" class=\"wp-image-982\" srcset=\"https:\/\/levraiparadis.fr\/wp-content\/uploads\/2023\/03\/Le-Vrai-Paradis-chambre-dhotes-Le-Treport-1024x768.jpeg 1024w, https:\/\/levraiparadis.fr\/wp-content\/uploads\/2023\/03\/Le-Vrai-Paradis-chambre-dhotes-Le-Treport-300x225.jpeg 300w, https:\/\/levraiparadis.fr\/wp-content\/uploads\/2023\/03\/Le-Vrai-Paradis-chambre-dhotes-Le-Treport-768x576.jpeg 768w, https:\/\/levraiparadis.fr\/wp-content\/uploads\/2023\/03\/Le-Vrai-Paradis-chambre-dhotes-Le-Treport-1536x1152.jpeg 1536w, https:\/\/levraiparadis.fr\/wp-content\/uploads\/2023\/03\/Le-Vrai-Paradis-chambre-dhotes-Le-Treport-400x300.jpeg 400w, https:\/\/levraiparadis.fr\/wp-content\/uploads\/2023\/03\/Le-Vrai-Paradis-chambre-dhotes-Le-Treport.jpeg 2048w\" sizes=\"auto, (max-width: 1024px) 100vw, 1024px\" \/><figcaption class=\"wp-element-caption\">La chambre Le Tr\u00e9port et son lit queen size<\/figcaption><\/figure>\n<\/div><\/div>\n<\/div>\n\n\n\n<div class=\"wp-block-columns is-layout-flex wp-container-core-columns-is-layout-9d6595d7 wp-block-columns-is-layout-flex\">\n<div class=\"wp-block-column is-layout-flow wp-block-column-is-layout-flow\">\n<figure class=\"wp-block-image size-large\"><img loading=\"lazy\" decoding=\"async\" width=\"1024\" height=\"768\" src=\"https:\/\/levraiparadis.fr\/wp-content\/uploads\/2023\/03\/Le-Vrai-Paradis-chambre-dhotes-Le-Treport-cle-1024x768.jpeg\" alt=\"\" class=\"wp-image-983\" srcset=\"https:\/\/levraiparadis.fr\/wp-content\/uploads\/2023\/03\/Le-Vrai-Paradis-chambre-dhotes-Le-Treport-cle-1024x768.jpeg 1024w, https:\/\/levraiparadis.fr\/wp-content\/uploads\/2023\/03\/Le-Vrai-Paradis-chambre-dhotes-Le-Treport-cle-300x225.jpeg 300w, https:\/\/levraiparadis.fr\/wp-content\/uploads\/2023\/03\/Le-Vrai-Paradis-chambre-dhotes-Le-Treport-cle-768x576.jpeg 768w, https:\/\/levraiparadis.fr\/wp-content\/uploads\/2023\/03\/Le-Vrai-Paradis-chambre-dhotes-Le-Treport-cle-1536x1152.jpeg 1536w, https:\/\/levraiparadis.fr\/wp-content\/uploads\/2023\/03\/Le-Vrai-Paradis-chambre-dhotes-Le-Treport-cle-400x300.jpeg 400w, https:\/\/levraiparadis.fr\/wp-content\/uploads\/2023\/03\/Le-Vrai-Paradis-chambre-dhotes-Le-Treport-cle.jpeg 2048w\" sizes=\"auto, (max-width: 1024px) 100vw, 1024px\" \/><\/figure>\n<\/div>\n\n\n\n<div class=\"wp-block-column is-layout-flow wp-block-column-is-layout-flow\">\n<figure class=\"wp-block-image size-large\"><img loading=\"lazy\" decoding=\"async\" width=\"1024\" height=\"768\" src=\"https:\/\/levraiparadis.fr\/wp-content\/uploads\/2023\/03\/Le-Vrai-Paradis-chambre-dhotes-Le-Treport-1-1024x768.jpeg\" alt=\"\" class=\"wp-image-989\" srcset=\"https:\/\/levraiparadis.fr\/wp-content\/uploads\/2023\/03\/Le-Vrai-Paradis-chambre-dhotes-Le-Treport-1-1024x768.jpeg 1024w, https:\/\/levraiparadis.fr\/wp-content\/uploads\/2023\/03\/Le-Vrai-Paradis-chambre-dhotes-Le-Treport-1-300x225.jpeg 300w, https:\/\/levraiparadis.fr\/wp-content\/uploads\/2023\/03\/Le-Vrai-Paradis-chambre-dhotes-Le-Treport-1-768x576.jpeg 768w, https:\/\/levraiparadis.fr\/wp-content\/uploads\/2023\/03\/Le-Vrai-Paradis-chambre-dhotes-Le-Treport-1-1536x1152.jpeg 1536w, https:\/\/levraiparadis.fr\/wp-content\/uploads\/2023\/03\/Le-Vrai-Paradis-chambre-dhotes-Le-Treport-1-400x300.jpeg 400w, https:\/\/levraiparadis.fr\/wp-content\/uploads\/2023\/03\/Le-Vrai-Paradis-chambre-dhotes-Le-Treport-1.jpeg 2048w\" sizes=\"auto, (max-width: 1024px) 100vw, 1024px\" \/><\/figure>\n<\/div>\n\n\n\n<div class=\"wp-block-column is-layout-flow wp-block-column-is-layout-flow\">\n<figure class=\"wp-block-image size-large\"><img loading=\"lazy\" decoding=\"async\" width=\"1024\" height=\"768\" src=\"https:\/\/levraiparadis.fr\/wp-content\/uploads\/2023\/03\/Le-Vrai-Paradis-chambre-dhotes-Le-Treport-3-1024x768.jpeg\" alt=\"\" class=\"wp-image-988\" srcset=\"https:\/\/levraiparadis.fr\/wp-content\/uploads\/2023\/03\/Le-Vrai-Paradis-chambre-dhotes-Le-Treport-3-1024x768.jpeg 1024w, https:\/\/levraiparadis.fr\/wp-content\/uploads\/2023\/03\/Le-Vrai-Paradis-chambre-dhotes-Le-Treport-3-300x225.jpeg 300w, https:\/\/levraiparadis.fr\/wp-content\/uploads\/2023\/03\/Le-Vrai-Paradis-chambre-dhotes-Le-Treport-3-768x576.jpeg 768w, https:\/\/levraiparadis.fr\/wp-content\/uploads\/2023\/03\/Le-Vrai-Paradis-chambre-dhotes-Le-Treport-3-1536x1152.jpeg 1536w, https:\/\/levraiparadis.fr\/wp-content\/uploads\/2023\/03\/Le-Vrai-Paradis-chambre-dhotes-Le-Treport-3-400x300.jpeg 400w, https:\/\/levraiparadis.fr\/wp-content\/uploads\/2023\/03\/Le-Vrai-Paradis-chambre-dhotes-Le-Treport-3.jpeg 2048w\" sizes=\"auto, (max-width: 1024px) 100vw, 1024px\" \/><\/figure>\n<\/div>\n<\/div>\n\n\n\n<div class=\"wp-block-columns is-layout-flex wp-container-core-columns-is-layout-9d6595d7 wp-block-columns-is-layout-flex\">\n<div class=\"wp-block-column is-layout-flow wp-block-column-is-layout-flow\">\n<figure class=\"wp-block-image size-large\"><img loading=\"lazy\" decoding=\"async\" width=\"1024\" height=\"768\" src=\"https:\/\/levraiparadis.fr\/wp-content\/uploads\/2023\/03\/Le-Vrai-Paradis-chambre-dhotes-Le-Treport-4-1024x768.jpeg\" alt=\"\" class=\"wp-image-986\" srcset=\"https:\/\/levraiparadis.fr\/wp-content\/uploads\/2023\/03\/Le-Vrai-Paradis-chambre-dhotes-Le-Treport-4-1024x768.jpeg 1024w, https:\/\/levraiparadis.fr\/wp-content\/uploads\/2023\/03\/Le-Vrai-Paradis-chambre-dhotes-Le-Treport-4-300x225.jpeg 300w, https:\/\/levraiparadis.fr\/wp-content\/uploads\/2023\/03\/Le-Vrai-Paradis-chambre-dhotes-Le-Treport-4-768x576.jpeg 768w, https:\/\/levraiparadis.fr\/wp-content\/uploads\/2023\/03\/Le-Vrai-Paradis-chambre-dhotes-Le-Treport-4-1536x1152.jpeg 1536w, https:\/\/levraiparadis.fr\/wp-content\/uploads\/2023\/03\/Le-Vrai-Paradis-chambre-dhotes-Le-Treport-4-400x300.jpeg 400w, https:\/\/levraiparadis.fr\/wp-content\/uploads\/2023\/03\/Le-Vrai-Paradis-chambre-dhotes-Le-Treport-4.jpeg 2048w\" sizes=\"auto, (max-width: 1024px) 100vw, 1024px\" \/><\/figure>\n<\/div>\n\n\n\n<div class=\"wp-block-column is-layout-flow wp-block-column-is-layout-flow\">\n<figure class=\"wp-block-image size-large\"><img loading=\"lazy\" decoding=\"async\" width=\"1024\" height=\"768\" src=\"https:\/\/levraiparadis.fr\/wp-content\/uploads\/2023\/03\/Le-Vrai-Paradis-chambre-dhotes-Le-Treport-6-1024x768.jpeg\" alt=\"\" class=\"wp-image-985\" srcset=\"https:\/\/levraiparadis.fr\/wp-content\/uploads\/2023\/03\/Le-Vrai-Paradis-chambre-dhotes-Le-Treport-6-1024x768.jpeg 1024w, https:\/\/levraiparadis.fr\/wp-content\/uploads\/2023\/03\/Le-Vrai-Paradis-chambre-dhotes-Le-Treport-6-300x225.jpeg 300w, https:\/\/levraiparadis.fr\/wp-content\/uploads\/2023\/03\/Le-Vrai-Paradis-chambre-dhotes-Le-Treport-6-768x576.jpeg 768w, https:\/\/levraiparadis.fr\/wp-content\/uploads\/2023\/03\/Le-Vrai-Paradis-chambre-dhotes-Le-Treport-6-1536x1152.jpeg 1536w, https:\/\/levraiparadis.fr\/wp-content\/uploads\/2023\/03\/Le-Vrai-Paradis-chambre-dhotes-Le-Treport-6-400x300.jpeg 400w, https:\/\/levraiparadis.fr\/wp-content\/uploads\/2023\/03\/Le-Vrai-Paradis-chambre-dhotes-Le-Treport-6.jpeg 2048w\" sizes=\"auto, (max-width: 1024px) 100vw, 1024px\" \/><\/figure>\n<\/div>\n\n\n\n<div class=\"wp-block-column is-layout-flow wp-block-column-is-layout-flow\">\n<figure class=\"wp-block-image size-large\"><img loading=\"lazy\" decoding=\"async\" width=\"1024\" height=\"768\" src=\"https:\/\/levraiparadis.fr\/wp-content\/uploads\/2023\/03\/Le-Vrai-Paradis-chambre-dhotes-Le-Treport-5-1024x768.jpeg\" alt=\"\" class=\"wp-image-984\" srcset=\"https:\/\/levraiparadis.fr\/wp-content\/uploads\/2023\/03\/Le-Vrai-Paradis-chambre-dhotes-Le-Treport-5-1024x768.jpeg 1024w, https:\/\/levraiparadis.fr\/wp-content\/uploads\/2023\/03\/Le-Vrai-Paradis-chambre-dhotes-Le-Treport-5-300x225.jpeg 300w, https:\/\/levraiparadis.fr\/wp-content\/uploads\/2023\/03\/Le-Vrai-Paradis-chambre-dhotes-Le-Treport-5-768x576.jpeg 768w, https:\/\/levraiparadis.fr\/wp-content\/uploads\/2023\/03\/Le-Vrai-Paradis-chambre-dhotes-Le-Treport-5-1536x1152.jpeg 1536w, https:\/\/levraiparadis.fr\/wp-content\/uploads\/2023\/03\/Le-Vrai-Paradis-chambre-dhotes-Le-Treport-5-400x300.jpeg 400w, https:\/\/levraiparadis.fr\/wp-content\/uploads\/2023\/03\/Le-Vrai-Paradis-chambre-dhotes-Le-Treport-5.jpeg 2048w\" sizes=\"auto, (max-width: 1024px) 100vw, 1024px\" \/><\/figure>\n<\/div>\n<\/div>\n\n\n\n<div class=\"wp-block-columns is-layout-flex wp-container-core-columns-is-layout-9d6595d7 wp-block-columns-is-layout-flex\">\n<div class=\"wp-block-column is-layout-flow wp-block-column-is-layout-flow\">\n<h2 class=\"wp-block-heading has-text-align-center\">Disponibilit\u00e9s<\/h2>\n\n\n\n<div id=\"ConstellationCalendarContainerbd184895-0ee3-4453-8d05-48d80bb98e2c\" style=\"width:100%; text-align:center;\" title=\"Le Vrai Paradis\" data-id-projet=\"bd1848950ee344538d0548d80bb98e2c\">Chargement en cours&#8230;<\/div><script type=\"text\/javascript\" src=\"https:\/\/reservation.elloha.com\/Scripts\/widget-loader.min.js?v=42\"><\/script><script type=\"text\/javascript\">var constellationWidgetUrlbd1848950ee344538d0548d80bb98e2c, constellationTypeModulebd1848950ee344538d0548d80bb98e2c; constellationWidgetUrlbd1848950ee344538d0548d80bb98e2c = 'https:\/\/reservation.elloha.com\/Widget\/BookingCalendar\/bd184895-0ee3-4453-8d05-48d80bb98e2c?idoi=f9b59e1f-32c7-4469-b626-017a04db2c8c'; constellationTypeModulebd1848950ee344538d0548d80bb98e2c=2; constellationBookingCalendarLoad('ConstellationCalendarContainerbd184895-0ee3-4453-8d05-48d80bb98e2c'); constellationWidgetAddEvent(window, \"resize\", function () { constellationWidgetSetAppearance('ConstellationCalendarContainerbd184895-0ee3-4453-8d05-48d80bb98e2c'); });<\/script>\n<\/div>\n\n\n\n<div class=\"wp-block-column is-layout-flow wp-block-column-is-layout-flow\">\n<h2 class=\"wp-block-heading has-text-align-center\">Tarifs<\/h2>\n\n\n\n<h4 class=\"wp-block-heading has-accent-1-color has-text-color\"><strong>202<\/strong>5<\/h4>\n\n\n\n<p>Tarif TTC, petits-d\u00e9jeuners compris : <\/p>\n\n\n\n<p class=\"has-text-align-center\"><em>95\u20ac \/ nuit pour 2 personnes<\/em> <\/p>\n\n\n\n<p>Taxe de s\u00e9jour : 0,80\u20ac \/ nuit \/ personne<\/p>\n<\/div>\n<\/div>\n\n\n\n<div class=\"wp-block-buttons is-horizontal is-content-justification-center is-layout-flex wp-container-core-buttons-is-layout-499968f5 wp-block-buttons-is-layout-flex\"><\/div>\n\n\n\n<div id=\"ConstellationButtonContainer1d3370ad-1aca-4c10-8b21-43c98f282c9a\" style=\"width:100%; text-align:center;\" title=\"Le Vrai Paradis\" data-id-projet=\"1d3370ad1aca4c108b2143c98f282c9a\">Chargement en cours&#8230;<\/div><script type=\"text\/javascript\" src=\"https:\/\/reservation.elloha.com\/Scripts\/widget-loader.min.js?v=42\"><\/script><script type=\"text\/javascript\">var constellationWidgetUrl1d3370ad1aca4c108b2143c98f282c9a, constellationTypeModule1d3370ad1aca4c108b2143c98f282c9a; constellationWidgetUrl1d3370ad1aca4c108b2143c98f282c9a = 'https:\/\/reservation.elloha.com\/Widget\/BookingButton\/1d3370ad-1aca-4c10-8b21-43c98f282c9a?idoi=f9b59e1f-32c7-4469-b626-017a04db2c8c&culture=fr-FR'; constellationTypeModule1d3370ad1aca4c108b2143c98f282c9a=3; constellationBookingButtonLoad('ConstellationButtonContainer1d3370ad-1aca-4c10-8b21-43c98f282c9a');<\/script>\n\n\n\n<div style=\"height:25px\" aria-hidden=\"true\" class=\"wp-block-spacer\"><\/div>\n\n\n\n<h2 class=\"wp-block-heading has-text-align-center\">Le Tr\u00e9port<\/h2>\n\n\n\n<p>Le Tr\u00e9port est la ville normande des trois Villes s\u0153urs que sont : Eu, Mers-les-Bains et Le Tr\u00e9port.<\/p>\n\n\n\n<p>Le port de p\u00eache du Tr\u00e9port est l\u2019un des plus importants de la r\u00e9gion.<\/p>\n\n\n\n<p>Le funiculaire du Tr\u00e9port est un incontournable d\u2019une visite de la ville. Il permet de gravir les 150 m\u00e8tres de falaises en moins de 5 minutes afin de profiter d\u2019une vue \u00e9poustouflante&nbsp;!<\/p>\n\n\n\n<p>Pour en savoir plus sur la ville du Tr\u00e9port, cliquez sur le lien suivant \u2192 <a href=\"https:\/\/www.ville-le-treport.fr\/\">Ville du Tr\u00e9port<\/a><\/p>\n","protected":false},"excerpt":{"rendered":"<p>Les murs roses de la chambre d\u2019h\u00f4te Le Tr\u00e9port \u00e9voquent les reflets roses que l\u2018on retrouve sur les falaises qui s\u2019\u00e9l\u00e8vent \u00e0 partir du port &hellip;<\/p>\n","protected":false},"author":1,"featured_media":0,"parent":92,"menu_order":3,"comment_status":"closed","ping_status":"closed","template":"","meta":{"footnotes":""},"class_list":["post-179","page","type-page","status-publish","hentry"],"_links":{"self":[{"href":"https:\/\/levraiparadis.fr\/index.php?rest_route=\/wp\/v2\/pages\/179","targetHints":{"allow":["GET"]}}],"collection":[{"href":"https:\/\/levraiparadis.fr\/index.php?rest_route=\/wp\/v2\/pages"}],"about":[{"href":"https:\/\/levraiparadis.fr\/index.php?rest_route=\/wp\/v2\/types\/page"}],"author":[{"embeddable":true,"href":"https:\/\/levraiparadis.fr\/index.php?rest_route=\/wp\/v2\/users\/1"}],"replies":[{"embeddable":true,"href":"https:\/\/levraiparadis.fr\/index.php?rest_route=%2Fwp%2Fv2%2Fcomments&post=179"}],"version-history":[{"count":23,"href":"https:\/\/levraiparadis.fr\/index.php?rest_route=\/wp\/v2\/pages\/179\/revisions"}],"predecessor-version":[{"id":1311,"href":"https:\/\/levraiparadis.fr\/index.php?rest_route=\/wp\/v2\/pages\/179\/revisions\/1311"}],"up":[{"embeddable":true,"href":"https:\/\/levraiparadis.fr\/index.php?rest_route=\/wp\/v2\/pages\/92"}],"wp:attachment":[{"href":"https:\/\/levraiparadis.fr\/index.php?rest_route=%2Fwp%2Fv2%2Fmedia&parent=179"}],"curies":[{"name":"wp","href":"https:\/\/api.w.org\/{rel}","templated":true}]}}