{"id":181,"date":"2021-05-30T14:55:37","date_gmt":"2021-05-30T12:55:37","guid":{"rendered":"http:\/\/levraiparadis.fr\/?page_id=181"},"modified":"2024-12-22T11:39:07","modified_gmt":"2024-12-22T10:39:07","slug":"la-chambre-cayeux-sur-mer","status":"publish","type":"page","link":"https:\/\/levraiparadis.fr\/?page_id=181","title":{"rendered":"La chambre Cayeux-sur-Mer"},"content":{"rendered":"\n<div class=\"wp-block-columns is-layout-flex wp-container-core-columns-is-layout-9d6595d7 wp-block-columns-is-layout-flex\">\n<div class=\"wp-block-column is-layout-flow wp-block-column-is-layout-flow\">\n<p>La chambre d\u2019h\u00f4tes Cayeux-sur-Mer est aussi flamboyante qu\u2019un coucher de soleil observ\u00e9 depuis le chemin de planches&nbsp;embl\u00e9matique de la station.<\/p>\n\n\n\n<p>La chambre est compos\u00e9e de 2 pi\u00e8ces&nbsp;: une pi\u00e8ce avec 2 lits simples et une pi\u00e8ce avec un lit double attenante \u00e0 la salle d\u2019eau.<\/p>\n\n\n\n<p>La chambre est class\u00e9e 3 \u00e9pis par les G\u00eetes de France.<\/p>\n\n\n\n<p>Elle dispose d\u2019une salle d\u2019eau \u00e9quip\u00e9e d\u2019une douche et de toilettes privatifs.<\/p>\n\n\n\n<p>Le linge de maison est en lin lav\u00e9 de chez Embrin, confectionn\u00e9 en France \u00e0 partir de lin picard et normand, issu d\u2019une fili\u00e8re \u00e9co-responsable.<\/p>\n\n\n\n<p>La chambre Cayeux-sur-Mer se situe au 1er \u00e9tage de la maison.<\/p>\n\n\n\n<p>Il n\u2019y a pas de t\u00e9l\u00e9vision mais vous pourrez vous connectez gratuitement au wifi.<\/p>\n\n\n\n<p>Du mat\u00e9riel de pu\u00e9riculture (lit parapluie, matelas \u00e0 langer, baignoire et petit pot) pourra vous \u00eatre pr\u00eat\u00e9.<\/p>\n\n\n\n<p>Chambre non-fumeur.<\/p>\n\n\n\n<p>Les animaux ne sont pas admis dans la chambre.<\/p>\n\n\n\n<p>L&rsquo;arriv\u00e9e se fait apr\u00e8s 18h00 et le d\u00e9part pour 10h30.<\/p>\n\n\n\n<div class=\"wp-block-columns is-layout-flex wp-container-core-columns-is-layout-9d6595d7 wp-block-columns-is-layout-flex\"><\/div>\n<\/div>\n\n\n\n<div class=\"wp-block-column is-layout-flow wp-block-column-is-layout-flow\"><div class=\"wp-block-image\">\n<figure class=\"aligncenter size-large\"><img loading=\"lazy\" decoding=\"async\" width=\"1024\" height=\"768\" src=\"https:\/\/levraiparadis.fr\/wp-content\/uploads\/2023\/03\/Le-Vrai-Paradis-chambre-Cayeux-sur-Mer-1024x768.jpeg\" alt=\"\" class=\"wp-image-991\" srcset=\"https:\/\/levraiparadis.fr\/wp-content\/uploads\/2023\/03\/Le-Vrai-Paradis-chambre-Cayeux-sur-Mer-1024x768.jpeg 1024w, https:\/\/levraiparadis.fr\/wp-content\/uploads\/2023\/03\/Le-Vrai-Paradis-chambre-Cayeux-sur-Mer-300x225.jpeg 300w, https:\/\/levraiparadis.fr\/wp-content\/uploads\/2023\/03\/Le-Vrai-Paradis-chambre-Cayeux-sur-Mer-768x576.jpeg 768w, https:\/\/levraiparadis.fr\/wp-content\/uploads\/2023\/03\/Le-Vrai-Paradis-chambre-Cayeux-sur-Mer-1536x1152.jpeg 1536w, https:\/\/levraiparadis.fr\/wp-content\/uploads\/2023\/03\/Le-Vrai-Paradis-chambre-Cayeux-sur-Mer-400x300.jpeg 400w, https:\/\/levraiparadis.fr\/wp-content\/uploads\/2023\/03\/Le-Vrai-Paradis-chambre-Cayeux-sur-Mer.jpeg 2048w\" sizes=\"auto, (max-width: 1024px) 100vw, 1024px\" \/><figcaption class=\"wp-element-caption\">La chambre Cayeux-sur-Mer, son lit double queen size et ses 3 lits simples<\/figcaption><\/figure>\n<\/div><\/div>\n<\/div>\n\n\n\n<div class=\"wp-block-columns is-layout-flex wp-container-core-columns-is-layout-9d6595d7 wp-block-columns-is-layout-flex\">\n<div class=\"wp-block-column is-layout-flow wp-block-column-is-layout-flow\">\n<figure class=\"wp-block-image size-large\"><img loading=\"lazy\" decoding=\"async\" width=\"1024\" height=\"768\" src=\"https:\/\/levraiparadis.fr\/wp-content\/uploads\/2023\/03\/Le-Vrai-Paradis-chambre-dhotes-Berck-sur-Mer-cle-3-1024x768.jpeg\" alt=\"\" class=\"wp-image-993\" srcset=\"https:\/\/levraiparadis.fr\/wp-content\/uploads\/2023\/03\/Le-Vrai-Paradis-chambre-dhotes-Berck-sur-Mer-cle-3-1024x768.jpeg 1024w, https:\/\/levraiparadis.fr\/wp-content\/uploads\/2023\/03\/Le-Vrai-Paradis-chambre-dhotes-Berck-sur-Mer-cle-3-300x225.jpeg 300w, https:\/\/levraiparadis.fr\/wp-content\/uploads\/2023\/03\/Le-Vrai-Paradis-chambre-dhotes-Berck-sur-Mer-cle-3-768x576.jpeg 768w, https:\/\/levraiparadis.fr\/wp-content\/uploads\/2023\/03\/Le-Vrai-Paradis-chambre-dhotes-Berck-sur-Mer-cle-3-1536x1152.jpeg 1536w, https:\/\/levraiparadis.fr\/wp-content\/uploads\/2023\/03\/Le-Vrai-Paradis-chambre-dhotes-Berck-sur-Mer-cle-3-400x300.jpeg 400w, https:\/\/levraiparadis.fr\/wp-content\/uploads\/2023\/03\/Le-Vrai-Paradis-chambre-dhotes-Berck-sur-Mer-cle-3.jpeg 2048w\" sizes=\"auto, (max-width: 1024px) 100vw, 1024px\" \/><\/figure>\n<\/div>\n\n\n\n<div class=\"wp-block-column is-layout-flow wp-block-column-is-layout-flow\">\n<figure class=\"wp-block-image size-large\"><img loading=\"lazy\" decoding=\"async\" width=\"1024\" height=\"768\" src=\"https:\/\/levraiparadis.fr\/wp-content\/uploads\/2023\/03\/Le-Vrai-Paradis-chambre-dhotes-Cayeux-sur-Mer-2-1-1024x768.jpeg\" alt=\"\" class=\"wp-image-998\" srcset=\"https:\/\/levraiparadis.fr\/wp-content\/uploads\/2023\/03\/Le-Vrai-Paradis-chambre-dhotes-Cayeux-sur-Mer-2-1-1024x768.jpeg 1024w, https:\/\/levraiparadis.fr\/wp-content\/uploads\/2023\/03\/Le-Vrai-Paradis-chambre-dhotes-Cayeux-sur-Mer-2-1-300x225.jpeg 300w, https:\/\/levraiparadis.fr\/wp-content\/uploads\/2023\/03\/Le-Vrai-Paradis-chambre-dhotes-Cayeux-sur-Mer-2-1-768x576.jpeg 768w, https:\/\/levraiparadis.fr\/wp-content\/uploads\/2023\/03\/Le-Vrai-Paradis-chambre-dhotes-Cayeux-sur-Mer-2-1-1536x1152.jpeg 1536w, https:\/\/levraiparadis.fr\/wp-content\/uploads\/2023\/03\/Le-Vrai-Paradis-chambre-dhotes-Cayeux-sur-Mer-2-1-400x300.jpeg 400w, https:\/\/levraiparadis.fr\/wp-content\/uploads\/2023\/03\/Le-Vrai-Paradis-chambre-dhotes-Cayeux-sur-Mer-2-1.jpeg 2048w\" sizes=\"auto, (max-width: 1024px) 100vw, 1024px\" \/><\/figure>\n<\/div>\n\n\n\n<div class=\"wp-block-column is-layout-flow wp-block-column-is-layout-flow\">\n<figure class=\"wp-block-image size-large\"><img loading=\"lazy\" decoding=\"async\" width=\"1024\" height=\"768\" src=\"https:\/\/levraiparadis.fr\/wp-content\/uploads\/2023\/03\/Le-Vrai-Paradis-chambre-dhotes-Cayeux-sur-Mer-5-1-1024x768.jpeg\" alt=\"\" class=\"wp-image-999\" srcset=\"https:\/\/levraiparadis.fr\/wp-content\/uploads\/2023\/03\/Le-Vrai-Paradis-chambre-dhotes-Cayeux-sur-Mer-5-1-1024x768.jpeg 1024w, https:\/\/levraiparadis.fr\/wp-content\/uploads\/2023\/03\/Le-Vrai-Paradis-chambre-dhotes-Cayeux-sur-Mer-5-1-300x225.jpeg 300w, https:\/\/levraiparadis.fr\/wp-content\/uploads\/2023\/03\/Le-Vrai-Paradis-chambre-dhotes-Cayeux-sur-Mer-5-1-768x576.jpeg 768w, https:\/\/levraiparadis.fr\/wp-content\/uploads\/2023\/03\/Le-Vrai-Paradis-chambre-dhotes-Cayeux-sur-Mer-5-1-1536x1152.jpeg 1536w, https:\/\/levraiparadis.fr\/wp-content\/uploads\/2023\/03\/Le-Vrai-Paradis-chambre-dhotes-Cayeux-sur-Mer-5-1-400x300.jpeg 400w, https:\/\/levraiparadis.fr\/wp-content\/uploads\/2023\/03\/Le-Vrai-Paradis-chambre-dhotes-Cayeux-sur-Mer-5-1.jpeg 2048w\" sizes=\"auto, (max-width: 1024px) 100vw, 1024px\" \/><\/figure>\n<\/div>\n<\/div>\n\n\n\n<div class=\"wp-block-columns is-layout-flex wp-container-core-columns-is-layout-9d6595d7 wp-block-columns-is-layout-flex\">\n<div class=\"wp-block-column is-layout-flow wp-block-column-is-layout-flow\">\n<figure class=\"wp-block-image size-large\"><img loading=\"lazy\" decoding=\"async\" width=\"1024\" height=\"768\" src=\"https:\/\/levraiparadis.fr\/wp-content\/uploads\/2023\/03\/Le-Vrai-Paradis-chambre-dhotes-Cayeux-sur-Mer-3-1024x768.jpeg\" alt=\"\" class=\"wp-image-1000\" srcset=\"https:\/\/levraiparadis.fr\/wp-content\/uploads\/2023\/03\/Le-Vrai-Paradis-chambre-dhotes-Cayeux-sur-Mer-3-1024x768.jpeg 1024w, https:\/\/levraiparadis.fr\/wp-content\/uploads\/2023\/03\/Le-Vrai-Paradis-chambre-dhotes-Cayeux-sur-Mer-3-300x225.jpeg 300w, https:\/\/levraiparadis.fr\/wp-content\/uploads\/2023\/03\/Le-Vrai-Paradis-chambre-dhotes-Cayeux-sur-Mer-3-768x576.jpeg 768w, https:\/\/levraiparadis.fr\/wp-content\/uploads\/2023\/03\/Le-Vrai-Paradis-chambre-dhotes-Cayeux-sur-Mer-3-1536x1152.jpeg 1536w, https:\/\/levraiparadis.fr\/wp-content\/uploads\/2023\/03\/Le-Vrai-Paradis-chambre-dhotes-Cayeux-sur-Mer-3-400x300.jpeg 400w, https:\/\/levraiparadis.fr\/wp-content\/uploads\/2023\/03\/Le-Vrai-Paradis-chambre-dhotes-Cayeux-sur-Mer-3.jpeg 2048w\" sizes=\"auto, (max-width: 1024px) 100vw, 1024px\" \/><\/figure>\n<\/div>\n\n\n\n<div class=\"wp-block-column is-layout-flow wp-block-column-is-layout-flow\">\n<figure class=\"wp-block-image size-large\"><img loading=\"lazy\" decoding=\"async\" width=\"1024\" height=\"768\" src=\"https:\/\/levraiparadis.fr\/wp-content\/uploads\/2023\/03\/Le-Vrai-Paradis-chambre-dhotes-Berck-sur-Mer-1-3-1024x768.jpeg\" alt=\"\" class=\"wp-image-1001\" srcset=\"https:\/\/levraiparadis.fr\/wp-content\/uploads\/2023\/03\/Le-Vrai-Paradis-chambre-dhotes-Berck-sur-Mer-1-3-1024x768.jpeg 1024w, https:\/\/levraiparadis.fr\/wp-content\/uploads\/2023\/03\/Le-Vrai-Paradis-chambre-dhotes-Berck-sur-Mer-1-3-300x225.jpeg 300w, https:\/\/levraiparadis.fr\/wp-content\/uploads\/2023\/03\/Le-Vrai-Paradis-chambre-dhotes-Berck-sur-Mer-1-3-768x576.jpeg 768w, https:\/\/levraiparadis.fr\/wp-content\/uploads\/2023\/03\/Le-Vrai-Paradis-chambre-dhotes-Berck-sur-Mer-1-3-1536x1152.jpeg 1536w, https:\/\/levraiparadis.fr\/wp-content\/uploads\/2023\/03\/Le-Vrai-Paradis-chambre-dhotes-Berck-sur-Mer-1-3-400x300.jpeg 400w, https:\/\/levraiparadis.fr\/wp-content\/uploads\/2023\/03\/Le-Vrai-Paradis-chambre-dhotes-Berck-sur-Mer-1-3.jpeg 2048w\" sizes=\"auto, (max-width: 1024px) 100vw, 1024px\" \/><\/figure>\n<\/div>\n\n\n\n<div class=\"wp-block-column is-layout-flow wp-block-column-is-layout-flow\">\n<figure class=\"wp-block-image size-large\"><img loading=\"lazy\" decoding=\"async\" width=\"1024\" height=\"768\" src=\"https:\/\/levraiparadis.fr\/wp-content\/uploads\/2023\/03\/Le-Vrai-Paradis-chambre-dhotes-Cayeux-sur-Mer-1024x768.jpeg\" alt=\"\" class=\"wp-image-994\" srcset=\"https:\/\/levraiparadis.fr\/wp-content\/uploads\/2023\/03\/Le-Vrai-Paradis-chambre-dhotes-Cayeux-sur-Mer-1024x768.jpeg 1024w, https:\/\/levraiparadis.fr\/wp-content\/uploads\/2023\/03\/Le-Vrai-Paradis-chambre-dhotes-Cayeux-sur-Mer-300x225.jpeg 300w, https:\/\/levraiparadis.fr\/wp-content\/uploads\/2023\/03\/Le-Vrai-Paradis-chambre-dhotes-Cayeux-sur-Mer-768x576.jpeg 768w, https:\/\/levraiparadis.fr\/wp-content\/uploads\/2023\/03\/Le-Vrai-Paradis-chambre-dhotes-Cayeux-sur-Mer-1536x1152.jpeg 1536w, https:\/\/levraiparadis.fr\/wp-content\/uploads\/2023\/03\/Le-Vrai-Paradis-chambre-dhotes-Cayeux-sur-Mer-400x300.jpeg 400w, https:\/\/levraiparadis.fr\/wp-content\/uploads\/2023\/03\/Le-Vrai-Paradis-chambre-dhotes-Cayeux-sur-Mer.jpeg 2048w\" sizes=\"auto, (max-width: 1024px) 100vw, 1024px\" \/><\/figure>\n<\/div>\n<\/div>\n\n\n\n<div class=\"wp-block-columns is-layout-flex wp-container-core-columns-is-layout-9d6595d7 wp-block-columns-is-layout-flex\">\n<div class=\"wp-block-column is-layout-flow wp-block-column-is-layout-flow\">\n<h2 class=\"wp-block-heading has-text-align-center\"><mark style=\"background-color:rgba(0, 0, 0, 0)\" class=\"has-inline-color has-accent-1-color\">Disponibilit\u00e9s<\/mark><\/h2>\n\n\n\n<div id=\"ConstellationCalendarContainer1db3b0b5-5ea1-4f2f-9203-78a9b5e3dbf5\" style=\"width:100%; text-align:center;\" title=\"Le Vrai Paradis\" data-id-projet='1db3b0b55ea14f2f920378a9b5e3dbf5'>Chargement en cours&#8230;<\/div><script type=\"text\/javascript\" src=\"https:\/\/reservation.elloha.com\/Scripts\/widget-loader.min.js?v=42\"><\/script><script type=\"text\/javascript\">var constellationWidgetUrl1db3b0b55ea14f2f920378a9b5e3dbf5, constellationTypeModule1db3b0b55ea14f2f920378a9b5e3dbf5; constellationWidgetUrl1db3b0b55ea14f2f920378a9b5e3dbf5 = 'https:\/\/reservation.elloha.com\/Widget\/BookingCalendar\/1db3b0b5-5ea1-4f2f-9203-78a9b5e3dbf5?idoi=f9b59e1f-32c7-4469-b626-017a04db2c8c'; constellationTypeModule1db3b0b55ea14f2f920378a9b5e3dbf5=2; constellationBookingCalendarLoad('ConstellationCalendarContainer1db3b0b5-5ea1-4f2f-9203-78a9b5e3dbf5'); constellationWidgetAddEvent(window, \"resize\", function () { constellationWidgetSetAppearance('ConstellationCalendarContainer1db3b0b5-5ea1-4f2f-9203-78a9b5e3dbf5'); });<\/script>\n<\/div>\n\n\n\n<div class=\"wp-block-column is-layout-flow wp-block-column-is-layout-flow\">\n<h2 class=\"wp-block-heading has-text-align-center\"><mark style=\"background-color:rgba(0, 0, 0, 0)\" class=\"has-inline-color has-accent-1-color\">Tarif<\/mark><\/h2>\n\n\n\n<h4 class=\"wp-block-heading has-accent-1-color has-text-color\"><strong>202<\/strong>5<\/h4>\n\n\n\n<p>Tarif TTC, petits-d\u00e9jeuners compris : <\/p>\n\n\n\n<p class=\"has-text-align-center\"><em>95\u20ac \/ nuit pour 2 personnes<\/em> <\/p>\n\n\n\n<p class=\"has-text-align-center\"><em>160\u20ac \/ nuit pour 4 personne<\/em>s<\/p>\n\n\n\n<p>Taxe de s\u00e9jour : 0,80\u20ac \/ nuit \/ personne<\/p>\n<\/div>\n<\/div>\n\n\n\n<div id=\"ConstellationButtonContainer284e6c1e-1542-402e-818c-246b3581ac72\" style=\"width:100%; text-align:center;\" title=\"Le Vrai Paradis\" data-id-projet=\"284e6c1e1542402e818c246b3581ac72\">Chargement en cours&#8230;<\/div><script type=\"text\/javascript\" src=\"https:\/\/reservation.elloha.com\/Scripts\/widget-loader.min.js?v=42\"><\/script><script type=\"text\/javascript\">var constellationWidgetUrl284e6c1e1542402e818c246b3581ac72, constellationTypeModule284e6c1e1542402e818c246b3581ac72; constellationWidgetUrl284e6c1e1542402e818c246b3581ac72 = 'https:\/\/reservation.elloha.com\/Widget\/BookingButton\/284e6c1e-1542-402e-818c-246b3581ac72?idoi=f9b59e1f-32c7-4469-b626-017a04db2c8c&culture=fr-FR'; constellationTypeModule284e6c1e1542402e818c246b3581ac72=3; constellationBookingButtonLoad('ConstellationButtonContainer284e6c1e-1542-402e-818c-246b3581ac72');<\/script>\n\n\n\n<div style=\"height:25px\" aria-hidden=\"true\" class=\"wp-block-spacer\"><\/div>\n\n\n\n<div class=\"wp-block-buttons is-horizontal is-content-justification-center is-layout-flex wp-container-core-buttons-is-layout-499968f5 wp-block-buttons-is-layout-flex\"><\/div>\n\n\n\n<h2 class=\"wp-block-heading has-text-align-center\">Cayeux-sur-Mer<\/h2>\n\n\n\n<p>La commune de Cayeux-sur-Mer est une station baln\u00e9aire familiale situ\u00e9e au sud de la Baie de Somme. Entre deux baignades, profitez du plus long chemin de planches d\u2019Europe, 2.6 km, pos\u00e9 sur la digue de galets et bord\u00e9 de plus de 500 cabines de plage color\u00e9es, certaines datant de la Belle Epoque.<\/p>\n\n\n\n<p>N\u2019h\u00e9sitez pas \u00e0 poursuivre votre promenade le long de la Route blanche pour observer les phoques avant d\u2019arriver \u00e0 la pointe du Hourdel&nbsp;\u2026<\/p>\n\n\n\n<p>Pour en savoir plus sur la ville de Cayeux-sur-Mer, cliquez sur le lien suivant \u2192 <a href=\"https:\/\/www.tourisme-baiedesomme.fr\/decouvrir\/le-kitesurf-a-cayeux\/\">Ville de Cayeux-sur-Mer<\/a><\/p>\n","protected":false},"excerpt":{"rendered":"<p>La chambre d\u2019h\u00f4tes Cayeux-sur-Mer est aussi flamboyante qu\u2019un coucher de soleil observ\u00e9 depuis le chemin de planches&nbsp;embl\u00e9matique de la station. La chambre est compos\u00e9e de &hellip;<\/p>\n","protected":false},"author":1,"featured_media":0,"parent":92,"menu_order":4,"comment_status":"closed","ping_status":"closed","template":"","meta":{"footnotes":""},"class_list":["post-181","page","type-page","status-publish","hentry"],"_links":{"self":[{"href":"https:\/\/levraiparadis.fr\/index.php?rest_route=\/wp\/v2\/pages\/181","targetHints":{"allow":["GET"]}}],"collection":[{"href":"https:\/\/levraiparadis.fr\/index.php?rest_route=\/wp\/v2\/pages"}],"about":[{"href":"https:\/\/levraiparadis.fr\/index.php?rest_route=\/wp\/v2\/types\/page"}],"author":[{"embeddable":true,"href":"https:\/\/levraiparadis.fr\/index.php?rest_route=\/wp\/v2\/users\/1"}],"replies":[{"embeddable":true,"href":"https:\/\/levraiparadis.fr\/index.php?rest_route=%2Fwp%2Fv2%2Fcomments&post=181"}],"version-history":[{"count":28,"href":"https:\/\/levraiparadis.fr\/index.php?rest_route=\/wp\/v2\/pages\/181\/revisions"}],"predecessor-version":[{"id":1312,"href":"https:\/\/levraiparadis.fr\/index.php?rest_route=\/wp\/v2\/pages\/181\/revisions\/1312"}],"up":[{"embeddable":true,"href":"https:\/\/levraiparadis.fr\/index.php?rest_route=\/wp\/v2\/pages\/92"}],"wp:attachment":[{"href":"https:\/\/levraiparadis.fr\/index.php?rest_route=%2Fwp%2Fv2%2Fmedia&parent=181"}],"curies":[{"name":"wp","href":"https:\/\/api.w.org\/{rel}","templated":true}]}}