{"id":189,"date":"2021-05-30T14:57:47","date_gmt":"2021-05-30T12:57:47","guid":{"rendered":"http:\/\/levraiparadis.fr\/?page_id=189"},"modified":"2024-12-22T11:40:40","modified_gmt":"2024-12-22T10:40:40","slug":"le-mobil-home-mers-les-bains","status":"publish","type":"page","link":"https:\/\/levraiparadis.fr\/?page_id=189","title":{"rendered":"Le mobil-home Mers-les-Bains"},"content":{"rendered":"\n<div class=\"wp-block-columns is-layout-flex wp-container-core-columns-is-layout-9d6595d7 wp-block-columns-is-layout-flex\">\n<div class=\"wp-block-column is-layout-flow wp-block-column-is-layout-flow\"><div class=\"wp-block-image\">\n<figure class=\"aligncenter size-large is-resized\"><img loading=\"lazy\" decoding=\"async\" width=\"768\" height=\"1024\" src=\"https:\/\/levraiparadis.fr\/wp-content\/uploads\/2024\/06\/IMG_3224-768x1024.jpg\" alt=\"\" class=\"wp-image-1264\" style=\"width:481px;height:auto\" srcset=\"https:\/\/levraiparadis.fr\/wp-content\/uploads\/2024\/06\/IMG_3224-768x1024.jpg 768w, https:\/\/levraiparadis.fr\/wp-content\/uploads\/2024\/06\/IMG_3224-225x300.jpg 225w, https:\/\/levraiparadis.fr\/wp-content\/uploads\/2024\/06\/IMG_3224-1152x1536.jpg 1152w, https:\/\/levraiparadis.fr\/wp-content\/uploads\/2024\/06\/IMG_3224-1536x2048.jpg 1536w, https:\/\/levraiparadis.fr\/wp-content\/uploads\/2024\/06\/IMG_3224-scaled.jpg 1920w\" sizes=\"auto, (max-width: 768px) 100vw, 768px\" \/><figcaption class=\"wp-element-caption\">Le mobil-home Mers-les-Bains, son lit double et ses deux lits simples<\/figcaption><\/figure>\n<\/div><\/div>\n\n\n\n<div class=\"wp-block-column is-layout-flow wp-block-column-is-layout-flow\">\n<p>Le mobil-home Mers-les- Bains se situe au bord de l\u2019Amboise, la rivi\u00e8re qui entoure la propri\u00e9t\u00e9 de la Maison d\u2019h\u00f4tes.<\/p>\n\n\n\n<p>Le mobil-home comprend une chambre double attenante \u00e0 la salle de bain, une pi\u00e8ce \u00e0 vivre avec le salon-salle \u00e0 manger et cuisine, une chambre avec 2 lits simples et les WC.<\/p>\n\n\n\n<p>Dans la cuisine, vous aurez gazini\u00e8re, r\u00e9frig\u00e9rateur avec un petit cong\u00e9lateur, bouilloire, cafeti\u00e8re \u00e0 filtre<\/p>\n\n\n\n<p>Il y a une t\u00e9l\u00e9vision et vous pourrez vous connecter au wifi.<\/p>\n\n\n\n<p>Mobil-home non-fumeur.<\/p>\n\n\n\n<p>Sur votre terrasse, vous pourrez profiter d\u2019une table de jardin et utiliser un barbecue.<\/p>\n\n\n\n<p>Du mat\u00e9riel de pu\u00e9riculture (lit parapluie, matelas \u00e0 langer, baignoire et petit pot) pourra vous \u00eatre pr\u00eat\u00e9.<\/p>\n\n\n\n<p>Les animaux de compagnie ne sont pas admis : ni dans le mobil-home, ni \u00e0 l\u2019ext\u00e9rieur. Merci de respecter cette interdiction pour le respect de tous.<\/p>\n\n\n\n<p>Les f\u00eates ne sont pas autoris\u00e9es et le calme doit \u00eatre fait, en particulier \u00e0 l\u2019ext\u00e9rieur, entre 22h30 ( musique coup\u00e9e) et 8h le matin . Merci de respecter le voisinage .<\/p>\n\n\n\n<p>L&rsquo;arriv\u00e9e se fait apr\u00e8s 18h00 et le d\u00e9part pour 10h30.<\/p>\n<\/div>\n<\/div>\n\n\n\n<div class=\"wp-block-columns is-layout-flex wp-container-core-columns-is-layout-9d6595d7 wp-block-columns-is-layout-flex\">\n<div class=\"wp-block-column is-layout-flow wp-block-column-is-layout-flow\">\n<div class=\"wp-block-columns is-layout-flex wp-container-core-columns-is-layout-9d6595d7 wp-block-columns-is-layout-flex\">\n<div class=\"wp-block-column is-layout-flow wp-block-column-is-layout-flow\">\n<div class=\"wp-block-columns is-layout-flex wp-container-core-columns-is-layout-9d6595d7 wp-block-columns-is-layout-flex\">\n<div class=\"wp-block-column is-layout-flow wp-block-column-is-layout-flow\">\n<figure class=\"wp-block-image size-large\"><img loading=\"lazy\" decoding=\"async\" width=\"768\" height=\"1024\" src=\"https:\/\/levraiparadis.fr\/wp-content\/uploads\/2024\/06\/IMG_3222-2-768x1024.jpg\" alt=\"\" class=\"wp-image-1289\" srcset=\"https:\/\/levraiparadis.fr\/wp-content\/uploads\/2024\/06\/IMG_3222-2-768x1024.jpg 768w, https:\/\/levraiparadis.fr\/wp-content\/uploads\/2024\/06\/IMG_3222-2-225x300.jpg 225w, https:\/\/levraiparadis.fr\/wp-content\/uploads\/2024\/06\/IMG_3222-2-1152x1536.jpg 1152w, https:\/\/levraiparadis.fr\/wp-content\/uploads\/2024\/06\/IMG_3222-2-1536x2048.jpg 1536w, https:\/\/levraiparadis.fr\/wp-content\/uploads\/2024\/06\/IMG_3222-2-scaled.jpg 1920w\" sizes=\"auto, (max-width: 768px) 100vw, 768px\" \/><\/figure>\n<\/div>\n\n\n\n<div class=\"wp-block-column is-layout-flow wp-block-column-is-layout-flow\">\n<figure class=\"wp-block-image size-large\"><img loading=\"lazy\" decoding=\"async\" width=\"768\" height=\"1024\" src=\"https:\/\/levraiparadis.fr\/wp-content\/uploads\/2024\/06\/IMG_3214-1-768x1024.jpg\" alt=\"\" class=\"wp-image-1274\" srcset=\"https:\/\/levraiparadis.fr\/wp-content\/uploads\/2024\/06\/IMG_3214-1-768x1024.jpg 768w, https:\/\/levraiparadis.fr\/wp-content\/uploads\/2024\/06\/IMG_3214-1-225x300.jpg 225w, https:\/\/levraiparadis.fr\/wp-content\/uploads\/2024\/06\/IMG_3214-1-1152x1536.jpg 1152w, https:\/\/levraiparadis.fr\/wp-content\/uploads\/2024\/06\/IMG_3214-1-1536x2048.jpg 1536w, https:\/\/levraiparadis.fr\/wp-content\/uploads\/2024\/06\/IMG_3214-1-scaled.jpg 1920w\" sizes=\"auto, (max-width: 768px) 100vw, 768px\" \/><\/figure>\n<\/div>\n<\/div>\n<\/div>\n\n\n\n<div class=\"wp-block-column is-layout-flow wp-block-column-is-layout-flow\">\n<div class=\"wp-block-columns is-layout-flex wp-container-core-columns-is-layout-9d6595d7 wp-block-columns-is-layout-flex\">\n<div class=\"wp-block-column is-layout-flow wp-block-column-is-layout-flow\">\n<figure class=\"wp-block-image size-large\"><img loading=\"lazy\" decoding=\"async\" width=\"768\" height=\"1024\" src=\"https:\/\/levraiparadis.fr\/wp-content\/uploads\/2024\/06\/IMG_3215-768x1024.jpg\" alt=\"\" class=\"wp-image-1275\" srcset=\"https:\/\/levraiparadis.fr\/wp-content\/uploads\/2024\/06\/IMG_3215-768x1024.jpg 768w, https:\/\/levraiparadis.fr\/wp-content\/uploads\/2024\/06\/IMG_3215-225x300.jpg 225w, https:\/\/levraiparadis.fr\/wp-content\/uploads\/2024\/06\/IMG_3215-1152x1536.jpg 1152w, https:\/\/levraiparadis.fr\/wp-content\/uploads\/2024\/06\/IMG_3215-1536x2048.jpg 1536w, https:\/\/levraiparadis.fr\/wp-content\/uploads\/2024\/06\/IMG_3215-scaled.jpg 1920w\" sizes=\"auto, (max-width: 768px) 100vw, 768px\" \/><\/figure>\n<\/div>\n\n\n\n<div class=\"wp-block-column is-layout-flow wp-block-column-is-layout-flow\">\n<figure class=\"wp-block-image size-large\"><img loading=\"lazy\" decoding=\"async\" width=\"768\" height=\"1024\" src=\"https:\/\/levraiparadis.fr\/wp-content\/uploads\/2024\/06\/IMG_3219-1-768x1024.jpg\" alt=\"\" class=\"wp-image-1276\" srcset=\"https:\/\/levraiparadis.fr\/wp-content\/uploads\/2024\/06\/IMG_3219-1-768x1024.jpg 768w, https:\/\/levraiparadis.fr\/wp-content\/uploads\/2024\/06\/IMG_3219-1-225x300.jpg 225w, https:\/\/levraiparadis.fr\/wp-content\/uploads\/2024\/06\/IMG_3219-1-1152x1536.jpg 1152w, https:\/\/levraiparadis.fr\/wp-content\/uploads\/2024\/06\/IMG_3219-1-1536x2048.jpg 1536w, https:\/\/levraiparadis.fr\/wp-content\/uploads\/2024\/06\/IMG_3219-1-scaled.jpg 1920w\" sizes=\"auto, (max-width: 768px) 100vw, 768px\" \/><\/figure>\n<\/div>\n<\/div>\n<\/div>\n<\/div>\n<\/div>\n<\/div>\n\n\n\n<div id=\"ConstellationButtonContainer7198b666-9195-4bbe-b87b-28988b3b803a\" style=\"width:100%; text-align:center;\" title=\"Le Vrai Paradis\" data-id-projet='7198b66691954bbeb87b28988b3b803a'>Chargement en cours&#8230;<\/div><script type=\"text\/javascript\" src=\"https:\/\/reservation.elloha.com\/Scripts\/widget-loader.min.js?v=42\"><\/script><script type=\"text\/javascript\">var constellationWidgetUrl7198b66691954bbeb87b28988b3b803a, constellationTypeModule7198b66691954bbeb87b28988b3b803a; constellationWidgetUrl7198b66691954bbeb87b28988b3b803a = 'https:\/\/reservation.elloha.com\/Widget\/BookingButton\/7198b666-9195-4bbe-b87b-28988b3b803a?idoi=f9b59e1f-32c7-4469-b626-017a04db2c8c&culture=fr-FR'; constellationTypeModule7198b66691954bbeb87b28988b3b803a=3; constellationBookingButtonLoad('ConstellationButtonContainer7198b666-9195-4bbe-b87b-28988b3b803a');<\/script>\n\n\n\n<div style=\"height:25px\" aria-hidden=\"true\" class=\"wp-block-spacer\"><\/div>\n\n\n\n<div class=\"wp-block-buttons is-horizontal is-content-justification-center is-layout-flex wp-container-core-buttons-is-layout-499968f5 wp-block-buttons-is-layout-flex\"><\/div>\n\n\n\n<div class=\"wp-block-columns is-layout-flex wp-container-core-columns-is-layout-9d6595d7 wp-block-columns-is-layout-flex\">\n<div class=\"wp-block-column is-layout-flow wp-block-column-is-layout-flow\">\n<figure class=\"wp-block-video aligncenter\"><video height=\"1280\" style=\"aspect-ratio: 720 \/ 1280;\" width=\"720\" controls src=\"https:\/\/levraiparadis.fr\/wp-content\/uploads\/2024\/06\/Le-Vrai-Paradis-Mobil-home-Mers-les-bains.mov\"><\/video><\/figure>\n\n\n\n<h2 class=\"wp-block-heading has-text-align-center\">Disponibilit\u00e9s<\/h2>\n\n\n\n<div id=\"ConstellationCalendarContainer48585b1a-67d5-46af-87d2-9ed1743becfa\" style=\"width:100%; text-align:center;\" title=\"Le Vrai Paradis\" data-id-projet='48585b1a67d546af87d29ed1743becfa'>Chargement en cours&#8230;<\/div><script type=\"text\/javascript\" src=\"https:\/\/reservation.elloha.com\/Scripts\/widget-loader.min.js?v=42\"><\/script><script type=\"text\/javascript\">var constellationWidgetUrl48585b1a67d546af87d29ed1743becfa, constellationTypeModule48585b1a67d546af87d29ed1743becfa; constellationWidgetUrl48585b1a67d546af87d29ed1743becfa = 'https:\/\/reservation.elloha.com\/Widget\/BookingCalendar\/48585b1a-67d5-46af-87d2-9ed1743becfa?idoi=f9b59e1f-32c7-4469-b626-017a04db2c8c'; constellationTypeModule48585b1a67d546af87d29ed1743becfa=2; constellationBookingCalendarLoad('ConstellationCalendarContainer48585b1a-67d5-46af-87d2-9ed1743becfa'); constellationWidgetAddEvent(window, \"resize\", function () { constellationWidgetSetAppearance('ConstellationCalendarContainer48585b1a-67d5-46af-87d2-9ed1743becfa'); });<\/script>\n\n\n\n<p><\/p>\n<\/div>\n\n\n\n<div class=\"wp-block-column is-layout-flow wp-block-column-is-layout-flow\">\n<h2 class=\"wp-block-heading has-text-align-center\">Tarifs<\/h2>\n\n\n\n<h4 class=\"wp-block-heading has-accent-1-color has-text-color\"><strong>202<\/strong>5<\/h4>\n\n\n\n<p class=\"has-text-align-center\">R\u00e9servation de 2 nuits minimum<\/p>\n\n\n\n<p>Tarif TTC :<\/p>\n\n\n\n<p class=\"has-text-align-center\"><em>95 \u20ac \/ nuit pour 4 personnes<\/em> <\/p>\n\n\n\n<p>Taxe de s\u00e9jour : 0,80\u20ac \/ nuit \/ personne<\/p>\n\n\n\n<p>Option forfait m\u00e9nage : <\/p>\n\n\n\n<p class=\"has-text-align-center\"><em>35 \u20ac<\/em><\/p>\n\n\n\n<p class=\"has-text-align-center\">Si vous ne prenez pas le forfait m\u00e9nage, une caution de 35 \u20ac vous sera demand\u00e9e. Elle vous sera restitu\u00e9e si le m\u00e9nage est effectu\u00e9. <\/p>\n\n\n\n<p>Option : linge de maison draps &#8211; drap housse, housse de couette et 1 ou 2 taie d&rsquo;oreiller<\/p>\n\n\n\n<p class=\"has-text-align-center\"><em>10 \u20ac \/ lit<\/em><\/p>\n\n\n\n<p>Option : linge de maison serviette &#8211; 1 drap de bain et 1 serviette de bain<\/p>\n\n\n\n<p class=\"has-text-align-center\"><em>5 \u20ac \/ <\/em>personne<\/p>\n\n\n\n<p>Option : petit d\u00e9jeuner les samedis et dimanche matins ou selon disponibilit\u00e9 :<\/p>\n\n\n\n<p class=\"has-text-align-center\">10 <em>\u20ac \/ personne<\/em><\/p>\n<\/div>\n<\/div>\n","protected":false},"excerpt":{"rendered":"<p>Le mobil-home Mers-les- Bains se situe au bord de l\u2019Amboise, la rivi\u00e8re qui entoure la propri\u00e9t\u00e9 de la Maison d\u2019h\u00f4tes. Le mobil-home comprend une chambre &hellip;<\/p>\n","protected":false},"author":1,"featured_media":0,"parent":185,"menu_order":2,"comment_status":"closed","ping_status":"closed","template":"","meta":{"footnotes":""},"class_list":["post-189","page","type-page","status-publish","hentry"],"_links":{"self":[{"href":"https:\/\/levraiparadis.fr\/index.php?rest_route=\/wp\/v2\/pages\/189","targetHints":{"allow":["GET"]}}],"collection":[{"href":"https:\/\/levraiparadis.fr\/index.php?rest_route=\/wp\/v2\/pages"}],"about":[{"href":"https:\/\/levraiparadis.fr\/index.php?rest_route=\/wp\/v2\/types\/page"}],"author":[{"embeddable":true,"href":"https:\/\/levraiparadis.fr\/index.php?rest_route=\/wp\/v2\/users\/1"}],"replies":[{"embeddable":true,"href":"https:\/\/levraiparadis.fr\/index.php?rest_route=%2Fwp%2Fv2%2Fcomments&post=189"}],"version-history":[{"count":33,"href":"https:\/\/levraiparadis.fr\/index.php?rest_route=\/wp\/v2\/pages\/189\/revisions"}],"predecessor-version":[{"id":1314,"href":"https:\/\/levraiparadis.fr\/index.php?rest_route=\/wp\/v2\/pages\/189\/revisions\/1314"}],"up":[{"embeddable":true,"href":"https:\/\/levraiparadis.fr\/index.php?rest_route=\/wp\/v2\/pages\/185"}],"wp:attachment":[{"href":"https:\/\/levraiparadis.fr\/index.php?rest_route=%2Fwp%2Fv2%2Fmedia&parent=189"}],"curies":[{"name":"wp","href":"https:\/\/api.w.org\/{rel}","templated":true}]}}