{"id":542,"date":"2021-08-20T20:55:45","date_gmt":"2021-08-20T18:55:45","guid":{"rendered":"https:\/\/levraiparadis.fr\/?page_id=542"},"modified":"2024-12-22T11:43:02","modified_gmt":"2024-12-22T10:43:02","slug":"la-table-dhotes-2","status":"publish","type":"page","link":"https:\/\/levraiparadis.fr\/?page_id=542","title":{"rendered":"La table d&rsquo;h\u00f4tes"},"content":{"rendered":"\n<div class=\"wp-block-columns is-layout-flex wp-container-core-columns-is-layout-9d6595d7 wp-block-columns-is-layout-flex\">\n<div class=\"wp-block-column is-layout-flow wp-block-column-is-layout-flow\">\n<p>Profitez d&rsquo;un repas cuisin\u00e9 par mes soins avec des produits locaux et de saison. <\/p>\n\n\n\n<p>Le repas de la table d&rsquo;h\u00f4tes comprend : mise en bouche et boisson, entr\u00e9e, plat, dessert et caf\u00e9. Les boissons suppl\u00e9mentaires sont en sus. <\/p>\n\n\n\n<p>Les menus varient au fil des saisons.<\/p>\n\n\n\n<p>Table d&rsquo;h\u00f4tes les samedi soirs, sous r\u00e9serve de 6 convives. Confirmation le matin<\/p>\n\n\n\n<p><em>Si vous avez des attentes particuli\u00e8res ou des contre- indications alimentaires, merci de l&rsquo;indiquer lors de la r\u00e9servation et au moment de votre arriv\u00e9e.<\/em><\/p>\n<\/div>\n\n\n\n<div class=\"wp-block-column is-layout-flow wp-block-column-is-layout-flow\">\n<div class=\"wp-block-columns is-layout-flex wp-container-core-columns-is-layout-9d6595d7 wp-block-columns-is-layout-flex\">\n<div class=\"wp-block-column is-layout-flow wp-block-column-is-layout-flow\"><div class=\"wp-block-image\">\n<figure class=\"aligncenter size-large is-resized\"><img loading=\"lazy\" decoding=\"async\" width=\"768\" height=\"1024\" src=\"https:\/\/levraiparadis.fr\/wp-content\/uploads\/2021\/09\/IMG_6526-768x1024.jpg\" alt=\"\" class=\"wp-image-581\" style=\"width:147px;height:196px\" srcset=\"https:\/\/levraiparadis.fr\/wp-content\/uploads\/2021\/09\/IMG_6526-768x1024.jpg 768w, https:\/\/levraiparadis.fr\/wp-content\/uploads\/2021\/09\/IMG_6526-225x300.jpg 225w, https:\/\/levraiparadis.fr\/wp-content\/uploads\/2021\/09\/IMG_6526-1152x1536.jpg 1152w, https:\/\/levraiparadis.fr\/wp-content\/uploads\/2021\/09\/IMG_6526-1536x2048.jpg 1536w, https:\/\/levraiparadis.fr\/wp-content\/uploads\/2021\/09\/IMG_6526-scaled.jpg 1920w\" sizes=\"auto, (max-width: 768px) 100vw, 768px\" \/><\/figure>\n<\/div><\/div>\n\n\n\n<div class=\"wp-block-column is-layout-flow wp-block-column-is-layout-flow\"><div class=\"wp-block-image\">\n<figure class=\"aligncenter size-large is-resized\"><img loading=\"lazy\" decoding=\"async\" width=\"768\" height=\"1024\" src=\"https:\/\/levraiparadis.fr\/wp-content\/uploads\/2021\/09\/IMG_6514-768x1024.jpg\" alt=\"\" class=\"wp-image-582\" style=\"width:153px;height:204px\" srcset=\"https:\/\/levraiparadis.fr\/wp-content\/uploads\/2021\/09\/IMG_6514-768x1024.jpg 768w, https:\/\/levraiparadis.fr\/wp-content\/uploads\/2021\/09\/IMG_6514-225x300.jpg 225w, https:\/\/levraiparadis.fr\/wp-content\/uploads\/2021\/09\/IMG_6514-1152x1536.jpg 1152w, https:\/\/levraiparadis.fr\/wp-content\/uploads\/2021\/09\/IMG_6514-1536x2048.jpg 1536w, https:\/\/levraiparadis.fr\/wp-content\/uploads\/2021\/09\/IMG_6514-scaled.jpg 1920w\" sizes=\"auto, (max-width: 768px) 100vw, 768px\" \/><\/figure>\n<\/div><\/div>\n<\/div>\n<\/div>\n<\/div>\n\n\n\n<div id=\"ConstellationButtonContainerf5e0bd8a-a7b6-4a0c-87b1-86c0d9322a60\" style=\"width:100%; text-align:center;\" title=\"Le Vrai Paradis\" data-id-projet='f5e0bd8aa7b64a0c87b186c0d9322a60'>Chargement en cours&#8230;<\/div><script type=\"text\/javascript\" src=\"https:\/\/reservation.elloha.com\/Scripts\/widget-loader.min.js?v=42\"><\/script><script type=\"text\/javascript\">var constellationWidgetUrlf5e0bd8aa7b64a0c87b186c0d9322a60, constellationTypeModulef5e0bd8aa7b64a0c87b186c0d9322a60; constellationWidgetUrlf5e0bd8aa7b64a0c87b186c0d9322a60 = 'https:\/\/reservation.elloha.com\/Widget\/BookingButton\/f5e0bd8a-a7b6-4a0c-87b1-86c0d9322a60?idoi=f9b59e1f-32c7-4469-b626-017a04db2c8c&culture=fr-FR'; constellationTypeModulef5e0bd8aa7b64a0c87b186c0d9322a60=3; constellationBookingButtonLoad('ConstellationButtonContainerf5e0bd8a-a7b6-4a0c-87b1-86c0d9322a60');<\/script>\n\n\n\n<div style=\"height:20px\" aria-hidden=\"true\" class=\"wp-block-spacer\"><\/div>\n\n\n\n<div class=\"wp-block-columns is-layout-flex wp-container-core-columns-is-layout-9d6595d7 wp-block-columns-is-layout-flex\">\n<div class=\"wp-block-column is-layout-flow wp-block-column-is-layout-flow\"><div class=\"wp-block-image\">\n<figure class=\"aligncenter size-large is-resized\"><img loading=\"lazy\" decoding=\"async\" width=\"1024\" height=\"768\" src=\"https:\/\/levraiparadis.fr\/wp-content\/uploads\/2022\/02\/IMG_7081-1024x768.jpg\" alt=\"\" class=\"wp-image-702\" style=\"width:281px;height:210px\" srcset=\"https:\/\/levraiparadis.fr\/wp-content\/uploads\/2022\/02\/IMG_7081-1024x768.jpg 1024w, https:\/\/levraiparadis.fr\/wp-content\/uploads\/2022\/02\/IMG_7081-300x225.jpg 300w, https:\/\/levraiparadis.fr\/wp-content\/uploads\/2022\/02\/IMG_7081-768x576.jpg 768w, https:\/\/levraiparadis.fr\/wp-content\/uploads\/2022\/02\/IMG_7081-1536x1152.jpg 1536w, https:\/\/levraiparadis.fr\/wp-content\/uploads\/2022\/02\/IMG_7081-2048x1536.jpg 2048w, https:\/\/levraiparadis.fr\/wp-content\/uploads\/2022\/02\/IMG_7081-400x300.jpg 400w\" sizes=\"auto, (max-width: 1024px) 100vw, 1024px\" \/><\/figure>\n<\/div><\/div>\n\n\n\n<div class=\"wp-block-column is-layout-flow wp-block-column-is-layout-flow\"><div class=\"wp-block-image\">\n<figure class=\"aligncenter size-large is-resized\"><img loading=\"lazy\" decoding=\"async\" width=\"2560\" height=\"1920\" src=\"https:\/\/levraiparadis.fr\/wp-content\/uploads\/2022\/02\/IMG_7089-edited-1-scaled.jpg\" alt=\"\" class=\"wp-image-705\" style=\"width:277px;height:207px\" srcset=\"https:\/\/levraiparadis.fr\/wp-content\/uploads\/2022\/02\/IMG_7089-edited-1-scaled.jpg 2560w, https:\/\/levraiparadis.fr\/wp-content\/uploads\/2022\/02\/IMG_7089-edited-1-300x225.jpg 300w, https:\/\/levraiparadis.fr\/wp-content\/uploads\/2022\/02\/IMG_7089-edited-1-1024x768.jpg 1024w, https:\/\/levraiparadis.fr\/wp-content\/uploads\/2022\/02\/IMG_7089-edited-1-768x576.jpg 768w, https:\/\/levraiparadis.fr\/wp-content\/uploads\/2022\/02\/IMG_7089-edited-1-1536x1152.jpg 1536w, https:\/\/levraiparadis.fr\/wp-content\/uploads\/2022\/02\/IMG_7089-edited-1-2048x1536.jpg 2048w, https:\/\/levraiparadis.fr\/wp-content\/uploads\/2022\/02\/IMG_7089-edited-1-400x300.jpg 400w\" sizes=\"auto, (max-width: 2560px) 100vw, 2560px\" \/><\/figure>\n<\/div><\/div>\n\n\n\n<div class=\"wp-block-column is-layout-flow wp-block-column-is-layout-flow\"><div class=\"wp-block-image\">\n<figure class=\"aligncenter size-large is-resized\"><img loading=\"lazy\" decoding=\"async\" width=\"1024\" height=\"768\" src=\"https:\/\/levraiparadis.fr\/wp-content\/uploads\/2022\/02\/IMG_7229-1024x768.jpg\" alt=\"\" class=\"wp-image-706\" style=\"width:272px;height:204px\" srcset=\"https:\/\/levraiparadis.fr\/wp-content\/uploads\/2022\/02\/IMG_7229-1024x768.jpg 1024w, https:\/\/levraiparadis.fr\/wp-content\/uploads\/2022\/02\/IMG_7229-300x225.jpg 300w, https:\/\/levraiparadis.fr\/wp-content\/uploads\/2022\/02\/IMG_7229-768x576.jpg 768w, https:\/\/levraiparadis.fr\/wp-content\/uploads\/2022\/02\/IMG_7229-1536x1152.jpg 1536w, https:\/\/levraiparadis.fr\/wp-content\/uploads\/2022\/02\/IMG_7229-2048x1536.jpg 2048w, https:\/\/levraiparadis.fr\/wp-content\/uploads\/2022\/02\/IMG_7229-400x300.jpg 400w\" sizes=\"auto, (max-width: 1024px) 100vw, 1024px\" \/><\/figure>\n<\/div><\/div>\n<\/div>\n\n\n\n<div class=\"wp-block-columns is-layout-flex wp-container-core-columns-is-layout-9d6595d7 wp-block-columns-is-layout-flex\">\n<div class=\"wp-block-column is-layout-flow wp-block-column-is-layout-flow\">\n<h2 class=\"wp-block-heading has-accent-1-color has-text-color\"><mark style=\"background-color:rgba(0, 0, 0, 0)\" class=\"has-inline-color has-accent-1-color\">Tarif <\/mark><\/h2>\n\n\n\n<h4 class=\"wp-block-heading\"><strong><mark style=\"background-color:rgba(0, 0, 0, 0)\" class=\"has-inline-color has-sitetext-color\">202<\/mark><\/strong>5<\/h4>\n\n\n\n<p>Mise en bouche et boisson, entr\u00e9e, plat, dessert et caf\u00e9 : <\/p>\n\n\n\n<p>Adulte : 35\u20ac \/ Enfant : 25\u20ac<\/p>\n\n\n\n<p>Boissons en sus.<\/p>\n<\/div>\n\n\n\n<div class=\"wp-block-column is-layout-flow wp-block-column-is-layout-flow\">\n<div class=\"wp-block-columns is-layout-flex wp-container-core-columns-is-layout-9d6595d7 wp-block-columns-is-layout-flex\">\n<div class=\"wp-block-column is-layout-flow wp-block-column-is-layout-flow\"><div class=\"wp-block-image\">\n<figure class=\"aligncenter size-large is-resized\"><img loading=\"lazy\" decoding=\"async\" width=\"1024\" height=\"768\" src=\"https:\/\/levraiparadis.fr\/wp-content\/uploads\/2021\/09\/IMG_6769-1-1024x768.jpg\" alt=\"\" class=\"wp-image-583\" style=\"width:205px;height:153px\" srcset=\"https:\/\/levraiparadis.fr\/wp-content\/uploads\/2021\/09\/IMG_6769-1-1024x768.jpg 1024w, https:\/\/levraiparadis.fr\/wp-content\/uploads\/2021\/09\/IMG_6769-1-300x225.jpg 300w, https:\/\/levraiparadis.fr\/wp-content\/uploads\/2021\/09\/IMG_6769-1-768x576.jpg 768w, https:\/\/levraiparadis.fr\/wp-content\/uploads\/2021\/09\/IMG_6769-1-1536x1152.jpg 1536w, https:\/\/levraiparadis.fr\/wp-content\/uploads\/2021\/09\/IMG_6769-1-2048x1536.jpg 2048w, https:\/\/levraiparadis.fr\/wp-content\/uploads\/2021\/09\/IMG_6769-1-400x300.jpg 400w\" sizes=\"auto, (max-width: 1024px) 100vw, 1024px\" \/><\/figure>\n<\/div><\/div>\n\n\n\n<div class=\"wp-block-column is-layout-flow wp-block-column-is-layout-flow\"><div class=\"wp-block-image\">\n<figure class=\"aligncenter size-large is-resized\"><img loading=\"lazy\" decoding=\"async\" width=\"1024\" height=\"768\" src=\"https:\/\/levraiparadis.fr\/wp-content\/uploads\/2021\/09\/IMG_6717-1024x768.jpg\" alt=\"\" class=\"wp-image-584\" style=\"width:210px;height:157px\" srcset=\"https:\/\/levraiparadis.fr\/wp-content\/uploads\/2021\/09\/IMG_6717-1024x768.jpg 1024w, https:\/\/levraiparadis.fr\/wp-content\/uploads\/2021\/09\/IMG_6717-300x225.jpg 300w, https:\/\/levraiparadis.fr\/wp-content\/uploads\/2021\/09\/IMG_6717-768x576.jpg 768w, https:\/\/levraiparadis.fr\/wp-content\/uploads\/2021\/09\/IMG_6717-1536x1152.jpg 1536w, https:\/\/levraiparadis.fr\/wp-content\/uploads\/2021\/09\/IMG_6717-2048x1536.jpg 2048w, https:\/\/levraiparadis.fr\/wp-content\/uploads\/2021\/09\/IMG_6717-400x300.jpg 400w\" sizes=\"auto, (max-width: 1024px) 100vw, 1024px\" \/><\/figure>\n<\/div><\/div>\n<\/div>\n<\/div>\n<\/div>\n\n\n\n<div class=\"wp-block-columns is-layout-flex wp-container-core-columns-is-layout-9d6595d7 wp-block-columns-is-layout-flex\">\n<div class=\"wp-block-column is-layout-flow wp-block-column-is-layout-flow\"><div class=\"wp-block-image\">\n<figure class=\"aligncenter size-full is-resized\"><img loading=\"lazy\" decoding=\"async\" width=\"485\" height=\"488\" src=\"https:\/\/levraiparadis.fr\/wp-content\/uploads\/2022\/01\/Logo-format-carre-sans-fond.png\" alt=\"\" class=\"wp-image-630\" style=\"width:278px;height:280px\" srcset=\"https:\/\/levraiparadis.fr\/wp-content\/uploads\/2022\/01\/Logo-format-carre-sans-fond.png 485w, https:\/\/levraiparadis.fr\/wp-content\/uploads\/2022\/01\/Logo-format-carre-sans-fond-298x300.png 298w, https:\/\/levraiparadis.fr\/wp-content\/uploads\/2022\/01\/Logo-format-carre-sans-fond-150x150.png 150w\" sizes=\"auto, (max-width: 485px) 100vw, 485px\" \/><\/figure>\n<\/div><\/div>\n\n\n\n<div class=\"wp-block-column is-vertically-aligned-center is-layout-flow wp-block-column-is-layout-flow\">\n<p>Une partie des produits cuisin\u00e9s pour la Table d&rsquo;h\u00f4tes proviennent de la ferme familiale : la Ferme HEMERYCK &#8211; DUCHATEAU. <\/p>\n\n\n\n<p>C&rsquo;est donc avec beaucoup de plaisir et une certaine fiert\u00e9 que je mets en valeur ces produits lorsque je cuisine. <\/p>\n\n\n\n<p>Pour en savoir plus sur les productions agricoles de notre famille : <a href=\"http:\/\/www.ferme-hemeryck-duchateau.fr\">www.ferme-hemeryck-duchateau.fr<\/a><\/p>\n<\/div>\n<\/div>\n","protected":false},"excerpt":{"rendered":"<p>Profitez d&rsquo;un repas cuisin\u00e9 par mes soins avec des produits locaux et de saison. Le repas de la table d&rsquo;h\u00f4tes comprend : mise en bouche &hellip;<\/p>\n","protected":false},"author":1,"featured_media":0,"parent":0,"menu_order":4,"comment_status":"closed","ping_status":"closed","template":"","meta":{"footnotes":""},"class_list":["post-542","page","type-page","status-publish","hentry"],"_links":{"self":[{"href":"https:\/\/levraiparadis.fr\/index.php?rest_route=\/wp\/v2\/pages\/542","targetHints":{"allow":["GET"]}}],"collection":[{"href":"https:\/\/levraiparadis.fr\/index.php?rest_route=\/wp\/v2\/pages"}],"about":[{"href":"https:\/\/levraiparadis.fr\/index.php?rest_route=\/wp\/v2\/types\/page"}],"author":[{"embeddable":true,"href":"https:\/\/levraiparadis.fr\/index.php?rest_route=\/wp\/v2\/users\/1"}],"replies":[{"embeddable":true,"href":"https:\/\/levraiparadis.fr\/index.php?rest_route=%2Fwp%2Fv2%2Fcomments&post=542"}],"version-history":[{"count":18,"href":"https:\/\/levraiparadis.fr\/index.php?rest_route=\/wp\/v2\/pages\/542\/revisions"}],"predecessor-version":[{"id":1316,"href":"https:\/\/levraiparadis.fr\/index.php?rest_route=\/wp\/v2\/pages\/542\/revisions\/1316"}],"wp:attachment":[{"href":"https:\/\/levraiparadis.fr\/index.php?rest_route=%2Fwp%2Fv2%2Fmedia&parent=542"}],"curies":[{"name":"wp","href":"https:\/\/api.w.org\/{rel}","templated":true}]}}