{"id":640,"date":"2022-01-22T21:11:24","date_gmt":"2022-01-22T20:11:24","guid":{"rendered":"https:\/\/levraiparadis.fr\/?page_id=640"},"modified":"2023-05-16T21:57:11","modified_gmt":"2023-05-16T19:57:11","slug":"partenaire","status":"publish","type":"page","link":"https:\/\/levraiparadis.fr\/?page_id=640","title":{"rendered":"Partenaires"},"content":{"rendered":"\n<p>C&rsquo;est avec plaisir que Le Vrai Paradis noue des liens privil\u00e9gi\u00e9s avec ses partenaires : <\/p>\n\n\n\n<div class=\"wp-block-columns is-layout-flex wp-container-core-columns-is-layout-9d6595d7 wp-block-columns-is-layout-flex\">\n<div class=\"wp-block-column is-vertically-aligned-center is-layout-flow wp-block-column-is-layout-flow\">\n<div class=\"wp-block-image\"><figure class=\"aligncenter size-full is-resized\"><a href=\"https:\/\/www.embrin.fr\/fr\"><img loading=\"lazy\" decoding=\"async\" src=\"https:\/\/levraiparadis.fr\/wp-content\/uploads\/2022\/01\/Embrin-logo.png\" alt=\"\" class=\"wp-image-644\" width=\"359\" height=\"92\" srcset=\"https:\/\/levraiparadis.fr\/wp-content\/uploads\/2022\/01\/Embrin-logo.png 442w, https:\/\/levraiparadis.fr\/wp-content\/uploads\/2022\/01\/Embrin-logo-300x77.png 300w\" sizes=\"auto, (max-width: 359px) 100vw, 359px\" \/><\/a><\/figure><\/div>\n<\/div>\n\n\n\n<div class=\"wp-block-column is-vertically-aligned-center is-layout-flow wp-block-column-is-layout-flow\">\n<div class=\"wp-block-image\"><figure class=\"aligncenter size-full is-resized\"><a href=\"http:\/\/ferme-hemeryck-duchateau.fr\/\"><img loading=\"lazy\" decoding=\"async\" src=\"https:\/\/levraiparadis.fr\/wp-content\/uploads\/2022\/01\/Logo-format-carre-sans-fond-1.png\" alt=\"\" class=\"wp-image-645\" width=\"267\" height=\"268\" srcset=\"https:\/\/levraiparadis.fr\/wp-content\/uploads\/2022\/01\/Logo-format-carre-sans-fond-1.png 485w, https:\/\/levraiparadis.fr\/wp-content\/uploads\/2022\/01\/Logo-format-carre-sans-fond-1-298x300.png 298w, https:\/\/levraiparadis.fr\/wp-content\/uploads\/2022\/01\/Logo-format-carre-sans-fond-1-150x150.png 150w\" sizes=\"auto, (max-width: 267px) 100vw, 267px\" \/><\/a><\/figure><\/div>\n<\/div>\n\n\n\n<div class=\"wp-block-column is-vertically-aligned-center is-layout-flow wp-block-column-is-layout-flow\">\n<div class=\"wp-block-image\"><figure class=\"aligncenter size-large\"><a href=\"https:\/\/www.passion-baiedesomme.com\/\"><img loading=\"lazy\" decoding=\"async\" width=\"1024\" height=\"580\" src=\"https:\/\/levraiparadis.fr\/wp-content\/uploads\/2022\/01\/Passion-Baie-de-Somme-1024x580.jpg\" alt=\"\" class=\"wp-image-646\" srcset=\"https:\/\/levraiparadis.fr\/wp-content\/uploads\/2022\/01\/Passion-Baie-de-Somme-1024x580.jpg 1024w, https:\/\/levraiparadis.fr\/wp-content\/uploads\/2022\/01\/Passion-Baie-de-Somme-300x170.jpg 300w, https:\/\/levraiparadis.fr\/wp-content\/uploads\/2022\/01\/Passion-Baie-de-Somme-768x435.jpg 768w, https:\/\/levraiparadis.fr\/wp-content\/uploads\/2022\/01\/Passion-Baie-de-Somme-529x300.jpg 529w, https:\/\/levraiparadis.fr\/wp-content\/uploads\/2022\/01\/Passion-Baie-de-Somme.jpg 1477w\" sizes=\"auto, (max-width: 1024px) 100vw, 1024px\" \/><\/a><\/figure><\/div>\n<\/div>\n<\/div>\n\n\n\n<div class=\"wp-block-columns is-layout-flex wp-container-core-columns-is-layout-9d6595d7 wp-block-columns-is-layout-flex\">\n<div class=\"wp-block-column is-layout-flow wp-block-column-is-layout-flow\">\n<p>Les 5 chambres d&rsquo;h\u00f4tes du Vrai Paradis ont obtenu le label G\u00eete de France avec 3 \u00e9pis : <\/p>\n\n\n\n<div class=\"wp-block-image\"><figure class=\"aligncenter\"><a href=\"https:\/\/www.gites-de-france.com\/fr\/hauts-de-france\/somme\/le-vrai-paradis-80g2201\"><img decoding=\"async\" src=\"https:\/\/levraiparadis.fr\/wp-content\/uploads\/2022\/04\/image-1.png\" alt=\"L\u2019attribut alt de cette image est vide, son nom de fichier est image-1.png.\"\/><\/a><\/figure><\/div>\n<\/div>\n\n\n\n<div class=\"wp-block-column is-layout-flow wp-block-column-is-layout-flow\">\n<p>Le studio Saint-Val\u00e9ry-sur-Somme est un meubl\u00e9 de tourisme de 2 \u00e9toiles : <\/p>\n\n\n\n<div class=\"wp-block-image\"><figure class=\"aligncenter is-resized\"><a href=\"https:\/\/www.classement.atout-france.fr\/le-classement-des-meubles-de-tourisme\"><img loading=\"lazy\" decoding=\"async\" src=\"https:\/\/stickeramoi.com\/18030\/panonceau-sticker-meuble-de-tourisme-2-etoiles.jpg\" alt=\"Sticker Location meubl\u00e9 de Tourisme 2 \u00e9toiles Etiquette &amp; Autocollant\" width=\"266\" height=\"266\"\/><\/a><\/figure><\/div>\n<\/div>\n<\/div>\n","protected":false},"excerpt":{"rendered":"<p>C&rsquo;est avec plaisir que Le Vrai Paradis noue des liens privil\u00e9gi\u00e9s avec ses partenaires : Les 5 chambres d&rsquo;h\u00f4tes du Vrai Paradis ont obtenu le &hellip;<\/p>\n","protected":false},"author":1,"featured_media":0,"parent":0,"menu_order":5,"comment_status":"closed","ping_status":"closed","template":"","meta":{"footnotes":""},"class_list":["post-640","page","type-page","status-publish","hentry"],"_links":{"self":[{"href":"https:\/\/levraiparadis.fr\/index.php?rest_route=\/wp\/v2\/pages\/640","targetHints":{"allow":["GET"]}}],"collection":[{"href":"https:\/\/levraiparadis.fr\/index.php?rest_route=\/wp\/v2\/pages"}],"about":[{"href":"https:\/\/levraiparadis.fr\/index.php?rest_route=\/wp\/v2\/types\/page"}],"author":[{"embeddable":true,"href":"https:\/\/levraiparadis.fr\/index.php?rest_route=\/wp\/v2\/users\/1"}],"replies":[{"embeddable":true,"href":"https:\/\/levraiparadis.fr\/index.php?rest_route=%2Fwp%2Fv2%2Fcomments&post=640"}],"version-history":[{"count":5,"href":"https:\/\/levraiparadis.fr\/index.php?rest_route=\/wp\/v2\/pages\/640\/revisions"}],"predecessor-version":[{"id":775,"href":"https:\/\/levraiparadis.fr\/index.php?rest_route=\/wp\/v2\/pages\/640\/revisions\/775"}],"wp:attachment":[{"href":"https:\/\/levraiparadis.fr\/index.php?rest_route=%2Fwp%2Fv2%2Fmedia&parent=640"}],"curies":[{"name":"wp","href":"https:\/\/api.w.org\/{rel}","templated":true}]}}