{"id":735,"date":"2022-04-02T21:56:20","date_gmt":"2022-04-02T19:56:20","guid":{"rendered":"https:\/\/levraiparadis.fr\/?page_id=735"},"modified":"2024-12-22T11:41:43","modified_gmt":"2024-12-22T10:41:43","slug":"735-2","status":"publish","type":"page","link":"https:\/\/levraiparadis.fr\/?page_id=735","title":{"rendered":"Le mobil-home Le Bois de Cise"},"content":{"rendered":"\n<p>Le mobil-home Le Bois de Cise se situe au bord de l\u2019Amboise, la rivi\u00e8re qui entoure la propri\u00e9t\u00e9 de la Maison d\u2019h\u00f4tes.<\/p>\n\n\n\n<div class=\"wp-block-columns is-layout-flex wp-container-core-columns-is-layout-9d6595d7 wp-block-columns-is-layout-flex\">\n<div class=\"wp-block-column is-layout-flow wp-block-column-is-layout-flow\">\n<p>Le mobil-home comprend une pi\u00e8ce \u00e0 vivre avec le salon-salle \u00e0 manger et la cuisine, une chambre double, une chambre avec 2 lits simples, une salle de bain avec une douche et les WC.<\/p>\n\n\n\n<p>Dans la cuisine, vous aurez&nbsp;: gazini\u00e8re, r\u00e9frig\u00e9rateur avec un petit cong\u00e9lateur, lave-vaisselle, bouilloire,&nbsp; cafeti\u00e8re \u00e0 filtre<\/p>\n\n\n\n<p>Il y a une t\u00e9l\u00e9vision et vous pourrez vous connecter au wifi.<\/p>\n\n\n\n<p>Le mobil-home est non-fumeur.<\/p>\n\n\n\n<p>Les animaux de compagnie ne sont pas admis : ni dans le mobil-home, ni \u00e0 l\u2019ext\u00e9rieur. Merci de respecter cette interdiction pour le respect de tous.<\/p>\n\n\n\n<p>Sur votre terrasse couverte, vous pourrez profiter d\u2019une table de jardin et utiliser un barbecue.<\/p>\n\n\n\n<p>Les f\u00eates ne sont pas autoris\u00e9es et le calme doit \u00eatre fait, en particulier \u00e0 l\u2019ext\u00e9rieur, entre 22h30 ( musique coup\u00e9e) et 8h le matin . Merci de respecter le voisinage .<\/p>\n\n\n\n<p>L&rsquo;arriv\u00e9e se fait apr\u00e8s 18h00 et le d\u00e9part pour 10h30.<\/p>\n<\/div>\n\n\n\n<div class=\"wp-block-column is-layout-flow wp-block-column-is-layout-flow\">\n<figure class=\"wp-block-image size-large is-resized\"><img loading=\"lazy\" decoding=\"async\" width=\"1024\" height=\"768\" src=\"https:\/\/levraiparadis.fr\/wp-content\/uploads\/2022\/04\/IMG_8493-1024x768.jpg\" alt=\"\" class=\"wp-image-751\" style=\"width:459px;height:344px\" srcset=\"https:\/\/levraiparadis.fr\/wp-content\/uploads\/2022\/04\/IMG_8493-1024x768.jpg 1024w, https:\/\/levraiparadis.fr\/wp-content\/uploads\/2022\/04\/IMG_8493-300x225.jpg 300w, https:\/\/levraiparadis.fr\/wp-content\/uploads\/2022\/04\/IMG_8493-768x576.jpg 768w, https:\/\/levraiparadis.fr\/wp-content\/uploads\/2022\/04\/IMG_8493-1536x1152.jpg 1536w, https:\/\/levraiparadis.fr\/wp-content\/uploads\/2022\/04\/IMG_8493-2048x1536.jpg 2048w, https:\/\/levraiparadis.fr\/wp-content\/uploads\/2022\/04\/IMG_8493-400x300.jpg 400w\" sizes=\"auto, (max-width: 1024px) 100vw, 1024px\" \/><\/figure>\n<\/div>\n<\/div>\n\n\n\n<p>Du mat\u00e9riel de pu\u00e9riculture (lit parapluie, matelas \u00e0 langer, baignoire et petit pot) pourra vous \u00eatre pr\u00eat\u00e9, selon les disponibilit\u00e9s.<\/p>\n\n\n\n<div class=\"wp-block-columns is-layout-flex wp-container-core-columns-is-layout-9d6595d7 wp-block-columns-is-layout-flex\">\n<div class=\"wp-block-column is-layout-flow wp-block-column-is-layout-flow\">\n<div class=\"wp-block-columns is-layout-flex wp-container-core-columns-is-layout-9d6595d7 wp-block-columns-is-layout-flex\">\n<div class=\"wp-block-column is-layout-flow wp-block-column-is-layout-flow\"><div class=\"wp-block-image\">\n<figure class=\"aligncenter size-large is-resized\"><img loading=\"lazy\" decoding=\"async\" width=\"768\" height=\"1024\" src=\"https:\/\/levraiparadis.fr\/wp-content\/uploads\/2022\/04\/IMG_8490-2-768x1024.jpg\" alt=\"\" class=\"wp-image-755\" style=\"width:248px;height:331px\" srcset=\"https:\/\/levraiparadis.fr\/wp-content\/uploads\/2022\/04\/IMG_8490-2-768x1024.jpg 768w, https:\/\/levraiparadis.fr\/wp-content\/uploads\/2022\/04\/IMG_8490-2-225x300.jpg 225w, https:\/\/levraiparadis.fr\/wp-content\/uploads\/2022\/04\/IMG_8490-2-1152x1536.jpg 1152w, https:\/\/levraiparadis.fr\/wp-content\/uploads\/2022\/04\/IMG_8490-2-1536x2048.jpg 1536w, https:\/\/levraiparadis.fr\/wp-content\/uploads\/2022\/04\/IMG_8490-2-scaled.jpg 1920w\" sizes=\"auto, (max-width: 768px) 100vw, 768px\" \/><\/figure>\n<\/div><\/div>\n\n\n\n<div class=\"wp-block-column is-layout-flow wp-block-column-is-layout-flow\">\n<p>Le coin cuisine est \u00e9quip\u00e9 de: <\/p>\n\n\n\n<ul class=\"wp-block-list\">\n<li>r\u00e9frig\u00e9rateur<\/li>\n\n\n\n<li>cong\u00e9lateur <\/li>\n\n\n\n<li>gazini\u00e8re 4 feux<\/li>\n\n\n\n<li>hotte<\/li>\n\n\n\n<li>lave-vaisselle<\/li>\n\n\n\n<li>micro-onde<\/li>\n\n\n\n<li>TV<\/li>\n\n\n\n<li>batterie de cuisine<\/li>\n\n\n\n<li>bouilleroire<\/li>\n\n\n\n<li>cafeti\u00e8re \u00e0 filtre<\/li>\n<\/ul>\n<\/div>\n<\/div>\n<\/div>\n\n\n\n<div class=\"wp-block-column is-layout-flow wp-block-column-is-layout-flow\">\n<div class=\"wp-block-columns is-layout-flex wp-container-core-columns-is-layout-9d6595d7 wp-block-columns-is-layout-flex\">\n<div class=\"wp-block-column is-layout-flow wp-block-column-is-layout-flow\">\n<figure class=\"wp-block-image size-large is-resized\"><img loading=\"lazy\" decoding=\"async\" width=\"1024\" height=\"768\" src=\"https:\/\/levraiparadis.fr\/wp-content\/uploads\/2022\/08\/IMG_9194-1024x768.jpg\" alt=\"\" class=\"wp-image-835\" style=\"width:286px;height:214px\" srcset=\"https:\/\/levraiparadis.fr\/wp-content\/uploads\/2022\/08\/IMG_9194-1024x768.jpg 1024w, https:\/\/levraiparadis.fr\/wp-content\/uploads\/2022\/08\/IMG_9194-300x225.jpg 300w, https:\/\/levraiparadis.fr\/wp-content\/uploads\/2022\/08\/IMG_9194-768x576.jpg 768w, https:\/\/levraiparadis.fr\/wp-content\/uploads\/2022\/08\/IMG_9194-1536x1152.jpg 1536w, https:\/\/levraiparadis.fr\/wp-content\/uploads\/2022\/08\/IMG_9194-2048x1536.jpg 2048w, https:\/\/levraiparadis.fr\/wp-content\/uploads\/2022\/08\/IMG_9194-400x300.jpg 400w\" sizes=\"auto, (max-width: 1024px) 100vw, 1024px\" \/><\/figure>\n<\/div>\n\n\n\n<div class=\"wp-block-column is-layout-flow wp-block-column-is-layout-flow\">\n<figure class=\"wp-block-image size-large\"><img loading=\"lazy\" decoding=\"async\" width=\"1024\" height=\"768\" src=\"https:\/\/levraiparadis.fr\/wp-content\/uploads\/2022\/08\/IMG_9193-1024x768.jpg\" alt=\"\" class=\"wp-image-834\" srcset=\"https:\/\/levraiparadis.fr\/wp-content\/uploads\/2022\/08\/IMG_9193-1024x768.jpg 1024w, https:\/\/levraiparadis.fr\/wp-content\/uploads\/2022\/08\/IMG_9193-300x225.jpg 300w, https:\/\/levraiparadis.fr\/wp-content\/uploads\/2022\/08\/IMG_9193-768x576.jpg 768w, https:\/\/levraiparadis.fr\/wp-content\/uploads\/2022\/08\/IMG_9193-1536x1152.jpg 1536w, https:\/\/levraiparadis.fr\/wp-content\/uploads\/2022\/08\/IMG_9193-2048x1536.jpg 2048w, https:\/\/levraiparadis.fr\/wp-content\/uploads\/2022\/08\/IMG_9193-400x300.jpg 400w\" sizes=\"auto, (max-width: 1024px) 100vw, 1024px\" \/><\/figure>\n<\/div>\n<\/div>\n<\/div>\n<\/div>\n\n\n\n<div class=\"wp-block-columns is-layout-flex wp-container-core-columns-is-layout-9d6595d7 wp-block-columns-is-layout-flex\">\n<div class=\"wp-block-column is-layout-flow wp-block-column-is-layout-flow\">\n<figure class=\"wp-block-image size-large\"><img loading=\"lazy\" decoding=\"async\" width=\"1024\" height=\"768\" src=\"https:\/\/levraiparadis.fr\/wp-content\/uploads\/2022\/08\/IMG_9189-1024x768.jpg\" alt=\"\" class=\"wp-image-830\" srcset=\"https:\/\/levraiparadis.fr\/wp-content\/uploads\/2022\/08\/IMG_9189-1024x768.jpg 1024w, https:\/\/levraiparadis.fr\/wp-content\/uploads\/2022\/08\/IMG_9189-300x225.jpg 300w, https:\/\/levraiparadis.fr\/wp-content\/uploads\/2022\/08\/IMG_9189-768x576.jpg 768w, https:\/\/levraiparadis.fr\/wp-content\/uploads\/2022\/08\/IMG_9189-1536x1152.jpg 1536w, https:\/\/levraiparadis.fr\/wp-content\/uploads\/2022\/08\/IMG_9189-2048x1536.jpg 2048w, https:\/\/levraiparadis.fr\/wp-content\/uploads\/2022\/08\/IMG_9189-400x300.jpg 400w\" sizes=\"auto, (max-width: 1024px) 100vw, 1024px\" \/><\/figure>\n<\/div>\n\n\n\n<div class=\"wp-block-column is-layout-flow wp-block-column-is-layout-flow\">\n<figure class=\"wp-block-image size-large\"><img loading=\"lazy\" decoding=\"async\" width=\"1024\" height=\"768\" src=\"https:\/\/levraiparadis.fr\/wp-content\/uploads\/2022\/08\/IMG_9190-1024x768.jpg\" alt=\"\" class=\"wp-image-831\" srcset=\"https:\/\/levraiparadis.fr\/wp-content\/uploads\/2022\/08\/IMG_9190-1024x768.jpg 1024w, https:\/\/levraiparadis.fr\/wp-content\/uploads\/2022\/08\/IMG_9190-300x225.jpg 300w, https:\/\/levraiparadis.fr\/wp-content\/uploads\/2022\/08\/IMG_9190-768x576.jpg 768w, https:\/\/levraiparadis.fr\/wp-content\/uploads\/2022\/08\/IMG_9190-1536x1152.jpg 1536w, https:\/\/levraiparadis.fr\/wp-content\/uploads\/2022\/08\/IMG_9190-2048x1536.jpg 2048w, https:\/\/levraiparadis.fr\/wp-content\/uploads\/2022\/08\/IMG_9190-400x300.jpg 400w\" sizes=\"auto, (max-width: 1024px) 100vw, 1024px\" \/><\/figure>\n<\/div>\n\n\n\n<div class=\"wp-block-column is-layout-flow wp-block-column-is-layout-flow\">\n<figure class=\"wp-block-image size-large\"><img loading=\"lazy\" decoding=\"async\" width=\"1024\" height=\"768\" src=\"https:\/\/levraiparadis.fr\/wp-content\/uploads\/2022\/08\/IMG_9191-1024x768.jpg\" alt=\"\" class=\"wp-image-832\" srcset=\"https:\/\/levraiparadis.fr\/wp-content\/uploads\/2022\/08\/IMG_9191-1024x768.jpg 1024w, https:\/\/levraiparadis.fr\/wp-content\/uploads\/2022\/08\/IMG_9191-300x225.jpg 300w, https:\/\/levraiparadis.fr\/wp-content\/uploads\/2022\/08\/IMG_9191-768x576.jpg 768w, https:\/\/levraiparadis.fr\/wp-content\/uploads\/2022\/08\/IMG_9191-1536x1152.jpg 1536w, https:\/\/levraiparadis.fr\/wp-content\/uploads\/2022\/08\/IMG_9191-2048x1536.jpg 2048w, https:\/\/levraiparadis.fr\/wp-content\/uploads\/2022\/08\/IMG_9191-400x300.jpg 400w\" sizes=\"auto, (max-width: 1024px) 100vw, 1024px\" \/><\/figure>\n<\/div>\n<\/div>\n\n\n\n<div class=\"wp-block-columns is-layout-flex wp-container-core-columns-is-layout-9d6595d7 wp-block-columns-is-layout-flex\">\n<div class=\"wp-block-column is-layout-flow wp-block-column-is-layout-flow\">\n<div class=\"wp-block-columns is-layout-flex wp-container-core-columns-is-layout-9d6595d7 wp-block-columns-is-layout-flex\">\n<div class=\"wp-block-column is-layout-flow wp-block-column-is-layout-flow\">\n<figure class=\"wp-block-image size-large\"><img loading=\"lazy\" decoding=\"async\" width=\"1024\" height=\"768\" src=\"https:\/\/levraiparadis.fr\/wp-content\/uploads\/2022\/08\/IMG_9198-1024x768.jpg\" alt=\"\" class=\"wp-image-839\" srcset=\"https:\/\/levraiparadis.fr\/wp-content\/uploads\/2022\/08\/IMG_9198-1024x768.jpg 1024w, https:\/\/levraiparadis.fr\/wp-content\/uploads\/2022\/08\/IMG_9198-300x225.jpg 300w, https:\/\/levraiparadis.fr\/wp-content\/uploads\/2022\/08\/IMG_9198-768x576.jpg 768w, https:\/\/levraiparadis.fr\/wp-content\/uploads\/2022\/08\/IMG_9198-1536x1152.jpg 1536w, https:\/\/levraiparadis.fr\/wp-content\/uploads\/2022\/08\/IMG_9198-2048x1536.jpg 2048w, https:\/\/levraiparadis.fr\/wp-content\/uploads\/2022\/08\/IMG_9198-400x300.jpg 400w\" sizes=\"auto, (max-width: 1024px) 100vw, 1024px\" \/><\/figure>\n<\/div>\n\n\n\n<div class=\"wp-block-column is-layout-flow wp-block-column-is-layout-flow\">\n<figure class=\"wp-block-image size-large\"><img loading=\"lazy\" decoding=\"async\" width=\"1024\" height=\"768\" src=\"https:\/\/levraiparadis.fr\/wp-content\/uploads\/2022\/08\/IMG_9197-1024x768.jpg\" alt=\"\" class=\"wp-image-838\" srcset=\"https:\/\/levraiparadis.fr\/wp-content\/uploads\/2022\/08\/IMG_9197-1024x768.jpg 1024w, https:\/\/levraiparadis.fr\/wp-content\/uploads\/2022\/08\/IMG_9197-300x225.jpg 300w, https:\/\/levraiparadis.fr\/wp-content\/uploads\/2022\/08\/IMG_9197-768x576.jpg 768w, https:\/\/levraiparadis.fr\/wp-content\/uploads\/2022\/08\/IMG_9197-1536x1152.jpg 1536w, https:\/\/levraiparadis.fr\/wp-content\/uploads\/2022\/08\/IMG_9197-2048x1536.jpg 2048w, https:\/\/levraiparadis.fr\/wp-content\/uploads\/2022\/08\/IMG_9197-400x300.jpg 400w\" sizes=\"auto, (max-width: 1024px) 100vw, 1024px\" \/><\/figure>\n<\/div>\n<\/div>\n\n\n\n<p>Chambre avec le lit double : <\/p>\n\n\n\n<ul class=\"wp-block-list\">\n<li>1 lit 140 x 200 cm<\/li>\n\n\n\n<li>2 oreillers 65 x 65 cm<\/li>\n\n\n\n<li>1 couette 220 x 240 cm<\/li>\n<\/ul>\n<\/div>\n\n\n\n<div class=\"wp-block-column is-layout-flow wp-block-column-is-layout-flow\">\n<div class=\"wp-block-columns is-layout-flex wp-container-core-columns-is-layout-9d6595d7 wp-block-columns-is-layout-flex\">\n<div class=\"wp-block-column is-layout-flow wp-block-column-is-layout-flow\">\n<figure class=\"wp-block-image size-large\"><img loading=\"lazy\" decoding=\"async\" width=\"1024\" height=\"768\" src=\"https:\/\/levraiparadis.fr\/wp-content\/uploads\/2022\/08\/IMG_9195-1024x768.jpg\" alt=\"\" class=\"wp-image-836\" srcset=\"https:\/\/levraiparadis.fr\/wp-content\/uploads\/2022\/08\/IMG_9195-1024x768.jpg 1024w, https:\/\/levraiparadis.fr\/wp-content\/uploads\/2022\/08\/IMG_9195-300x225.jpg 300w, https:\/\/levraiparadis.fr\/wp-content\/uploads\/2022\/08\/IMG_9195-768x576.jpg 768w, https:\/\/levraiparadis.fr\/wp-content\/uploads\/2022\/08\/IMG_9195-1536x1152.jpg 1536w, https:\/\/levraiparadis.fr\/wp-content\/uploads\/2022\/08\/IMG_9195-2048x1536.jpg 2048w, https:\/\/levraiparadis.fr\/wp-content\/uploads\/2022\/08\/IMG_9195-400x300.jpg 400w\" sizes=\"auto, (max-width: 1024px) 100vw, 1024px\" \/><\/figure>\n<\/div>\n\n\n\n<div class=\"wp-block-column is-layout-flow wp-block-column-is-layout-flow\">\n<figure class=\"wp-block-image size-large\"><img loading=\"lazy\" decoding=\"async\" width=\"1024\" height=\"768\" src=\"https:\/\/levraiparadis.fr\/wp-content\/uploads\/2022\/08\/IMG_9196-1024x768.jpg\" alt=\"\" class=\"wp-image-837\" srcset=\"https:\/\/levraiparadis.fr\/wp-content\/uploads\/2022\/08\/IMG_9196-1024x768.jpg 1024w, https:\/\/levraiparadis.fr\/wp-content\/uploads\/2022\/08\/IMG_9196-300x225.jpg 300w, https:\/\/levraiparadis.fr\/wp-content\/uploads\/2022\/08\/IMG_9196-768x576.jpg 768w, https:\/\/levraiparadis.fr\/wp-content\/uploads\/2022\/08\/IMG_9196-1536x1152.jpg 1536w, https:\/\/levraiparadis.fr\/wp-content\/uploads\/2022\/08\/IMG_9196-2048x1536.jpg 2048w, https:\/\/levraiparadis.fr\/wp-content\/uploads\/2022\/08\/IMG_9196-400x300.jpg 400w\" sizes=\"auto, (max-width: 1024px) 100vw, 1024px\" \/><\/figure>\n<\/div>\n<\/div>\n\n\n\n<p>Chambre avec les lits simples : <\/p>\n\n\n\n<ul class=\"wp-block-list\">\n<li>2 lits 80 x 200 cm<\/li>\n\n\n\n<li>2 oreillers 65 x 65 cm<\/li>\n\n\n\n<li>2 couette 140 x 200 cm<\/li>\n<\/ul>\n<\/div>\n<\/div>\n\n\n\n<div id=\"ConstellationButtonContaineraa326038-4905-4aeb-9a93-316297075b1f\" style=\"width:100%; text-align:center;\" title=\"Le Vrai Paradis\" data-id-projet=\"aa32603849054aeb9a93316297075b1f\">Chargement en cours&#8230;<\/div><script type=\"text\/javascript\" src=\"https:\/\/reservation.elloha.com\/Scripts\/widget-loader.min.js?v=42\"><\/script><script type=\"text\/javascript\">var constellationWidgetUrlaa32603849054aeb9a93316297075b1f, constellationTypeModuleaa32603849054aeb9a93316297075b1f; constellationWidgetUrlaa32603849054aeb9a93316297075b1f = 'https:\/\/reservation.elloha.com\/Widget\/BookingButton\/aa326038-4905-4aeb-9a93-316297075b1f?idoi=f9b59e1f-32c7-4469-b626-017a04db2c8c&culture=fr-FR'; constellationTypeModuleaa32603849054aeb9a93316297075b1f=3; constellationBookingButtonLoad('ConstellationButtonContaineraa326038-4905-4aeb-9a93-316297075b1f');<\/script>\n\n\n\n<div style=\"height:25px\" aria-hidden=\"true\" class=\"wp-block-spacer\"><\/div>\n\n\n\n<div class=\"wp-block-columns is-layout-flex wp-container-core-columns-is-layout-9d6595d7 wp-block-columns-is-layout-flex\">\n<div class=\"wp-block-column is-layout-flow wp-block-column-is-layout-flow\">\n<h2 class=\"wp-block-heading has-text-align-center\">Disponibilit\u00e9s<\/h2>\n\n\n\n<div id=\"ConstellationCalendarContainer2140d544-8112-46c2-8a2a-b044d4a08159\" style=\"width:100%; text-align:center;\" title=\"Le Vrai Paradis\" data-id-projet=\"2140d544811246c28a2ab044d4a08159\">Chargement en cours&#8230;<\/div><script type=\"text\/javascript\" src=\"https:\/\/reservation.elloha.com\/Scripts\/widget-loader.min.js?v=42\"><\/script><script type=\"text\/javascript\">var constellationWidgetUrl2140d544811246c28a2ab044d4a08159, constellationTypeModule2140d544811246c28a2ab044d4a08159; constellationWidgetUrl2140d544811246c28a2ab044d4a08159 = 'https:\/\/reservation.elloha.com\/Widget\/BookingCalendar\/2140d544-8112-46c2-8a2a-b044d4a08159?idoi=f9b59e1f-32c7-4469-b626-017a04db2c8c'; constellationTypeModule2140d544811246c28a2ab044d4a08159=2; constellationBookingCalendarLoad('ConstellationCalendarContainer2140d544-8112-46c2-8a2a-b044d4a08159'); constellationWidgetAddEvent(window, \"resize\", function () { constellationWidgetSetAppearance('ConstellationCalendarContainer2140d544-8112-46c2-8a2a-b044d4a08159'); });<\/script>\n<\/div>\n\n\n\n<div class=\"wp-block-column is-layout-flow wp-block-column-is-layout-flow\">\n<h2 class=\"wp-block-heading has-text-align-center\">Tarifs<\/h2>\n\n\n\n<h4 class=\"wp-block-heading has-accent-1-color has-text-color\"><strong>202<\/strong>5<\/h4>\n\n\n\n<p class=\"has-text-align-center\">R\u00e9servation de 2 nuits minimum <\/p>\n\n\n\n<p>Tarif TTC :<\/p>\n\n\n\n<p class=\"has-text-align-center\"><em>105 \u20ac \/ nuit pour 4 personnes<\/em> <\/p>\n\n\n\n<p>Option forfait m\u00e9nage : <\/p>\n\n\n\n<p class=\"has-text-align-center\"><em>35 \u20ac<\/em><\/p>\n\n\n\n<p class=\"has-text-align-center\">Si vous ne prenez pas le forfait m\u00e9nage, une caution de 35 \u20ac vous sera demand\u00e9e. Elle vous sera restitu\u00e9e si le m\u00e9nage est effectu\u00e9. <\/p>\n\n\n\n<p>Option : linge de maison draps &#8211; drap housse, housse de couette et 1 ou 2 taie d&rsquo;oreiller<\/p>\n\n\n\n<p class=\"has-text-align-center\"><em>10 \u20ac \/ lit<\/em><\/p>\n\n\n\n<p>Option : linge de maison serviette &#8211; 1 drap de bain et 1 serviette de bain<\/p>\n\n\n\n<p class=\"has-text-align-center\"><em>5 \u20ac \/ <\/em>personne<\/p>\n\n\n\n<p>Option : petit d\u00e9jeuner les samedis et dimanches matins ou selon disponibilit\u00e9 :<\/p>\n\n\n\n<p class=\"has-text-align-center\">10 <em>\u20ac \/ personne<\/em><\/p>\n<\/div>\n<\/div>\n\n\n\n<p><\/p>\n","protected":false},"excerpt":{"rendered":"<p>Le mobil-home Le Bois de Cise se situe au bord de l\u2019Amboise, la rivi\u00e8re qui entoure la propri\u00e9t\u00e9 de la Maison d\u2019h\u00f4tes. Le mobil-home comprend &hellip;<\/p>\n","protected":false},"author":1,"featured_media":0,"parent":185,"menu_order":3,"comment_status":"closed","ping_status":"closed","template":"","meta":{"footnotes":""},"class_list":["post-735","page","type-page","status-publish","hentry"],"_links":{"self":[{"href":"https:\/\/levraiparadis.fr\/index.php?rest_route=\/wp\/v2\/pages\/735","targetHints":{"allow":["GET"]}}],"collection":[{"href":"https:\/\/levraiparadis.fr\/index.php?rest_route=\/wp\/v2\/pages"}],"about":[{"href":"https:\/\/levraiparadis.fr\/index.php?rest_route=\/wp\/v2\/types\/page"}],"author":[{"embeddable":true,"href":"https:\/\/levraiparadis.fr\/index.php?rest_route=\/wp\/v2\/users\/1"}],"replies":[{"embeddable":true,"href":"https:\/\/levraiparadis.fr\/index.php?rest_route=%2Fwp%2Fv2%2Fcomments&post=735"}],"version-history":[{"count":35,"href":"https:\/\/levraiparadis.fr\/index.php?rest_route=\/wp\/v2\/pages\/735\/revisions"}],"predecessor-version":[{"id":1315,"href":"https:\/\/levraiparadis.fr\/index.php?rest_route=\/wp\/v2\/pages\/735\/revisions\/1315"}],"up":[{"embeddable":true,"href":"https:\/\/levraiparadis.fr\/index.php?rest_route=\/wp\/v2\/pages\/185"}],"wp:attachment":[{"href":"https:\/\/levraiparadis.fr\/index.php?rest_route=%2Fwp%2Fv2%2Fmedia&parent=735"}],"curies":[{"name":"wp","href":"https:\/\/api.w.org\/{rel}","templated":true}]}}