{"id":83,"date":"2021-05-22T22:30:23","date_gmt":"2021-05-22T20:30:23","guid":{"rendered":"http:\/\/levraiparadis.fr\/?page_id=83"},"modified":"2024-03-02T19:09:59","modified_gmt":"2024-03-02T18:09:59","slug":"la-maison-dhotes","status":"publish","type":"page","link":"https:\/\/levraiparadis.fr\/?page_id=83","title":{"rendered":"Le Vrai Paradis"},"content":{"rendered":"\n<div class=\"wp-block-columns is-layout-flex wp-container-core-columns-is-layout-9d6595d7 wp-block-columns-is-layout-flex\">\n<div class=\"wp-block-column is-layout-flow wp-block-column-is-layout-flow\" style=\"flex-basis:100%\">\n<div class=\"wp-block-columns is-layout-flex wp-container-core-columns-is-layout-9d6595d7 wp-block-columns-is-layout-flex\">\n<div class=\"wp-block-column is-layout-flow wp-block-column-is-layout-flow\">\n<p class=\"has-drop-cap has-text-color\" style=\"color:#3c6a1c;font-size:18px\"><mark style=\"background-color:rgba(0, 0, 0, 0)\" class=\"has-inline-color has-accent-1-color\">Au c\u0153ur de la Baie de Somme, dans le charmant village d&rsquo;Estr\u00e9b\u0153uf se trouve un v\u00e9ritable havre de paix et de tranquillit\u00e9 : Le Vrai Paradis.<\/mark><\/p>\n<\/div>\n\n\n\n<div class=\"wp-block-column is-layout-flow wp-block-column-is-layout-flow\">\n<p>Profitez de la qui\u00e9tude d&rsquo;un petit village samarien aux portes de Saint-Val\u00e9ry-sur-Somme. <\/p>\n\n\n\n<p>Vous cherchez un endroit calme au milieu de la nature et des oiseaux, en couple, en famille ou entre amis, vous \u00eatres les bienvenus au Vrai Paradis ! <\/p>\n<\/div>\n<\/div>\n<\/div>\n<\/div>\n\n\n\n<h2 class=\"wp-block-heading\"><mark style=\"background-color:rgba(0, 0, 0, 0)\" class=\"has-inline-color has-accent-2-color\">Bienvenue au Vrai Paradis<\/mark><\/h2>\n\n\n\n<div class=\"wp-block-columns is-layout-flex wp-container-core-columns-is-layout-9d6595d7 wp-block-columns-is-layout-flex\">\n<div class=\"wp-block-column is-layout-flow wp-block-column-is-layout-flow\" style=\"flex-basis:33.33%\"><div class=\"wp-block-image\">\n<figure class=\"aligncenter size-large is-resized\"><img loading=\"lazy\" decoding=\"async\" width=\"1024\" height=\"887\" src=\"https:\/\/levraiparadis.fr\/wp-content\/uploads\/2021\/05\/Moi-1024x887.png\" alt=\"\" class=\"wp-image-171\" style=\"width:210px;height:182px\" srcset=\"https:\/\/levraiparadis.fr\/wp-content\/uploads\/2021\/05\/Moi-1024x887.png 1024w, https:\/\/levraiparadis.fr\/wp-content\/uploads\/2021\/05\/Moi-300x260.png 300w, https:\/\/levraiparadis.fr\/wp-content\/uploads\/2021\/05\/Moi-768x665.png 768w, https:\/\/levraiparadis.fr\/wp-content\/uploads\/2021\/05\/Moi-346x300.png 346w, https:\/\/levraiparadis.fr\/wp-content\/uploads\/2021\/05\/Moi.png 1194w\" sizes=\"auto, (max-width: 1024px) 100vw, 1024px\" \/><figcaption class=\"wp-element-caption\">Bienvenue au Vrai Paradis !<\/figcaption><\/figure>\n<\/div><\/div>\n\n\n\n<div class=\"wp-block-column is-layout-flow wp-block-column-is-layout-flow\" style=\"flex-basis:66.66%\">\n<blockquote class=\"wp-block-quote is-style-large is-layout-flow wp-block-quote-is-layout-flow\">\n<p>\u00ab\u00a0C&rsquo;est avec grand plaisir que je vous accueille au Vrai Paradis. R\u00e9servez d\u00e8s \u00e0 pr\u00e9sent votre h\u00e9bergement afin de profiter des richesses de la Baie de Somme.\u00a0\u00bb<\/p>\n<cite>Colette Duch\u00e2teau<\/cite><\/blockquote>\n\n\n\n<p><\/p>\n<\/div>\n<\/div>\n\n\n\n<div id=\"ConstellationButtonContainerc1a3b482-523f-48c0-bd30-ec34eadf8319\" style=\"width:100%; text-align:center;\" title=\"Le Vrai Paradis\" data-id-projet=\"c1a3b482523f48c0bd30ec34eadf8319\">Chargement en cours&#8230;<\/div><script type=\"text\/javascript\" src=\"https:\/\/reservation.elloha.com\/Scripts\/widget-loader.min.js?v=42\"><\/script><script type=\"text\/javascript\">var constellationWidgetUrlc1a3b482523f48c0bd30ec34eadf8319, constellationTypeModulec1a3b482523f48c0bd30ec34eadf8319; constellationWidgetUrlc1a3b482523f48c0bd30ec34eadf8319 = 'https:\/\/reservation.elloha.com\/Widget\/BookingButton\/c1a3b482-523f-48c0-bd30-ec34eadf8319?idoi=f9b59e1f-32c7-4469-b626-017a04db2c8c&culture=fr-FR'; constellationTypeModulec1a3b482523f48c0bd30ec34eadf8319=3; constellationBookingButtonLoad('ConstellationButtonContainerc1a3b482-523f-48c0-bd30-ec34eadf8319');<\/script>\n\n\n\n<div style=\"height:13px\" aria-hidden=\"true\" class=\"wp-block-spacer\"><\/div>\n\n\n\n<div class=\"wp-block-columns is-layout-flex wp-container-core-columns-is-layout-9d6595d7 wp-block-columns-is-layout-flex\">\n<div class=\"wp-block-column is-layout-flow wp-block-column-is-layout-flow\">\n<div style=\"height:118px\" aria-hidden=\"true\" class=\"wp-block-spacer\"><\/div>\n\n\n<div class=\"wp-block-image\">\n<figure class=\"aligncenter size-large is-resized\"><img loading=\"lazy\" decoding=\"async\" width=\"1024\" height=\"768\" src=\"https:\/\/levraiparadis.fr\/wp-content\/uploads\/2022\/01\/IMG_7331-1024x768.jpg\" alt=\"\" class=\"wp-image-634\" style=\"width:373px;height:280px\" srcset=\"https:\/\/levraiparadis.fr\/wp-content\/uploads\/2022\/01\/IMG_7331-1024x768.jpg 1024w, https:\/\/levraiparadis.fr\/wp-content\/uploads\/2022\/01\/IMG_7331-300x225.jpg 300w, https:\/\/levraiparadis.fr\/wp-content\/uploads\/2022\/01\/IMG_7331-768x576.jpg 768w, https:\/\/levraiparadis.fr\/wp-content\/uploads\/2022\/01\/IMG_7331-1536x1152.jpg 1536w, https:\/\/levraiparadis.fr\/wp-content\/uploads\/2022\/01\/IMG_7331-2048x1536.jpg 2048w, https:\/\/levraiparadis.fr\/wp-content\/uploads\/2022\/01\/IMG_7331-400x300.jpg 400w\" sizes=\"auto, (max-width: 1024px) 100vw, 1024px\" \/><\/figure>\n<\/div><\/div>\n\n\n\n<div class=\"wp-block-column is-layout-flow wp-block-column-is-layout-flow\">\n<h2 class=\"wp-block-heading has-text-align-center\"><mark style=\"background-color:rgba(0, 0, 0, 0)\" class=\"has-inline-color has-accent-2-color\">Le petit d\u00e9jeuner<\/mark><\/h2>\n\n\n\n<p>Le <strong>petit d\u00e9jeuner<\/strong> est servi sous la forme d&rsquo;un buffet chaque matin de 8h00 \u00e0 10h00. <\/p>\n\n\n\n<p>Vous pourrez vous r\u00e9galer avec des viennoiseries, diverses sortes de pains, du miel local, des confitures faites maison , des yaourts, du fromage, des \u0153ufs\u2026 <\/p>\n\n\n\n<p>Le tout est servi avec du caf\u00e9, plusieurs vari\u00e9t\u00e9s de th\u00e9, du lait, du chocolat chaud ou encore du jus de fruits frais.<\/p>\n\n\n\n<p>Si vous avez des attentes particuli\u00e8res ou des contre- indications alimentaires, merci de l&rsquo;indiquer au moment de votre arriv\u00e9e. <\/p>\n<\/div>\n<\/div>\n\n\n\n<div class=\"wp-block-columns is-layout-flex wp-container-core-columns-is-layout-9d6595d7 wp-block-columns-is-layout-flex\">\n<div class=\"wp-block-column is-layout-flow wp-block-column-is-layout-flow\">\n<div style=\"height:140px\" aria-hidden=\"true\" class=\"wp-block-spacer\"><\/div>\n\n\n\n<figure class=\"wp-block-image size-large\"><img loading=\"lazy\" decoding=\"async\" width=\"2048\" height=\"1536\" src=\"https:\/\/levraiparadis.fr\/wp-content\/uploads\/2023\/03\/IMG_9600-edited.jpeg\" alt=\"\" class=\"wp-image-1022\" srcset=\"https:\/\/levraiparadis.fr\/wp-content\/uploads\/2023\/03\/IMG_9600-edited.jpeg 2048w, https:\/\/levraiparadis.fr\/wp-content\/uploads\/2023\/03\/IMG_9600-edited-300x225.jpeg 300w, https:\/\/levraiparadis.fr\/wp-content\/uploads\/2023\/03\/IMG_9600-edited-1024x768.jpeg 1024w, https:\/\/levraiparadis.fr\/wp-content\/uploads\/2023\/03\/IMG_9600-edited-768x576.jpeg 768w, https:\/\/levraiparadis.fr\/wp-content\/uploads\/2023\/03\/IMG_9600-edited-1536x1152.jpeg 1536w, https:\/\/levraiparadis.fr\/wp-content\/uploads\/2023\/03\/IMG_9600-edited-400x300.jpeg 400w\" sizes=\"auto, (max-width: 2048px) 100vw, 2048px\" \/><\/figure>\n<\/div>\n\n\n\n<div class=\"wp-block-column is-layout-flow wp-block-column-is-layout-flow\">\n<h2 class=\"wp-block-heading has-text-align-center\"><mark style=\"background-color:rgba(0, 0, 0, 0)\" class=\"has-inline-color has-accent-2-color\">Accueil V\u00e9lo<\/mark><\/h2>\n\n\n\n<p>Le v\u00e9lo est un excellent moyen de transport pour visiter la Baie de Somme. 9 circuits portant des noms d&rsquo;oiseaux ont \u00e9t\u00e9 balis\u00e9s pour faciliter vos excusions.<\/p>\n\n\n\n<p>Au Vrai Paradis, vous pourrez garer vos v\u00e9los sous l&rsquo;abri pr\u00e9vu \u00e0 cet effet. Vous pourrez y recharger les batteries de vos v\u00e9los \u00e9lectriques et si besoin, effectuer quelques r\u00e9parations de base. <\/p>\n\n\n\n<p>Pour en savoir plus : <a href=\"http:\/\/Le Vrai Paradis - chambre d'h\u00f4tes - Le Crotoy\" target=\"_blank\" rel=\"noreferrer noopener\">La Baie de Somme \u00e0 v\u00e9lo<\/a><\/p>\n<\/div>\n\n\n\n<div class=\"wp-block-column is-layout-flow wp-block-column-is-layout-flow\">\n<div style=\"height:140px\" aria-hidden=\"true\" class=\"wp-block-spacer\"><\/div>\n\n\n\n<figure class=\"wp-block-image size-large\"><img loading=\"lazy\" decoding=\"async\" width=\"1024\" height=\"768\" src=\"https:\/\/levraiparadis.fr\/wp-content\/uploads\/2023\/03\/IMG_9595-1024x768.jpeg\" alt=\"\" class=\"wp-image-1023\" srcset=\"https:\/\/levraiparadis.fr\/wp-content\/uploads\/2023\/03\/IMG_9595-1024x768.jpeg 1024w, https:\/\/levraiparadis.fr\/wp-content\/uploads\/2023\/03\/IMG_9595-300x225.jpeg 300w, https:\/\/levraiparadis.fr\/wp-content\/uploads\/2023\/03\/IMG_9595-768x576.jpeg 768w, https:\/\/levraiparadis.fr\/wp-content\/uploads\/2023\/03\/IMG_9595-1536x1152.jpeg 1536w, https:\/\/levraiparadis.fr\/wp-content\/uploads\/2023\/03\/IMG_9595-400x300.jpeg 400w, https:\/\/levraiparadis.fr\/wp-content\/uploads\/2023\/03\/IMG_9595.jpeg 2048w\" sizes=\"auto, (max-width: 1024px) 100vw, 1024px\" \/><\/figure>\n<\/div>\n<\/div>\n\n\n\n<div class=\"wp-block-columns is-layout-flex wp-container-core-columns-is-layout-9d6595d7 wp-block-columns-is-layout-flex\">\n<div class=\"wp-block-column is-layout-flow wp-block-column-is-layout-flow\">\n<h2 class=\"wp-block-heading has-text-align-center\"><mark style=\"background-color:rgba(0, 0, 0, 0)\" class=\"has-inline-color has-accent-2-color\">Le linge de maison<\/mark><\/h2>\n\n\n\n<p>Fille et petite-fille de liniculteur, je suis attach\u00e9e au lin, cette plante cultiv\u00e9e localement. C&rsquo;est donc tout naturellement qu&rsquo; <strong><a href=\"https:\/\/www.embrin.fr\/fr\" data-type=\"URL\" data-id=\"https:\/\/www.embrin.fr\/fr\">Embrin <\/a><\/strong>a \u00e9t\u00e9 choisi pour fournir le linge de maison de la Maison d&rsquo;h\u00f4tes : les draps et les serviettes de toilette. Le lin est une&nbsp;mati\u00e8re \u00e9l\u00e9gante et noble.<\/p>\n\n\n\n<p>Contrairement aux id\u00e9es re\u00e7ues selon lesquelles le lin serait r\u00eache et rugueux, les <strong>draps en lin<\/strong> lav\u00e9 sont douillets, absorbent l\u2019humidit\u00e9&nbsp;et sont&nbsp;thermor\u00e9gulateurs. Les taies d\u2019oreiller sont hypoallerg\u00e9niques et antibact\u00e9riennes. <\/p>\n<\/div>\n\n\n\n<div class=\"wp-block-column is-layout-flow wp-block-column-is-layout-flow\">\n<div style=\"height:105px\" aria-hidden=\"true\" class=\"wp-block-spacer\"><\/div>\n\n\n\n<p>Les <strong>serviettes de bain en lin <\/strong>peuvent&nbsp;retenir jusqu\u2019\u00e0 20% de leur poids en eau, tout en continuant d\u2019offrir un toucher sec et agr\u00e9able. Les serviettes sont tiss\u00e9es fa\u00e7on&nbsp;\u201cnid d&rsquo;abeille\u201d, elles sont tr\u00e8s r\u00e9sistantes et <strong>s<\/strong>\u00e8chent rapidement. Les serviettes en lin Embrin ont re\u00e7u le&nbsp;<a rel=\"noreferrer noopener\" href=\"https:\/\/www.oeko-tex.com\/en\/our-standards\/standard-100-by-oeko-tex\" target=\"_blank\">label Oeko-Tex Standard 100<\/a>.<\/p>\n\n\n<div class=\"wp-block-image\">\n<figure class=\"aligncenter size-large is-resized\"><a href=\"https:\/\/www.embrin.fr\/fr\"><img loading=\"lazy\" decoding=\"async\" width=\"442\" height=\"114\" src=\"https:\/\/levraiparadis.fr\/wp-content\/uploads\/2021\/06\/Logo-Embrin.png\" alt=\"\" class=\"wp-image-418\" style=\"width:333px;height:86px\" srcset=\"https:\/\/levraiparadis.fr\/wp-content\/uploads\/2021\/06\/Logo-Embrin.png 442w, https:\/\/levraiparadis.fr\/wp-content\/uploads\/2021\/06\/Logo-Embrin-300x77.png 300w\" sizes=\"auto, (max-width: 442px) 100vw, 442px\" \/><\/a><\/figure>\n<\/div><\/div>\n<\/div>\n\n\n\n<p><\/p>\n","protected":false},"excerpt":{"rendered":"<p>Le Vrai Paradis est un \u00e9crin de verdure aux portes de la Baie de Somme. <\/p>\n","protected":false},"author":1,"featured_media":0,"parent":0,"menu_order":0,"comment_status":"closed","ping_status":"closed","template":"","meta":{"footnotes":""},"class_list":["post-83","page","type-page","status-publish","hentry"],"_links":{"self":[{"href":"https:\/\/levraiparadis.fr\/index.php?rest_route=\/wp\/v2\/pages\/83","targetHints":{"allow":["GET"]}}],"collection":[{"href":"https:\/\/levraiparadis.fr\/index.php?rest_route=\/wp\/v2\/pages"}],"about":[{"href":"https:\/\/levraiparadis.fr\/index.php?rest_route=\/wp\/v2\/types\/page"}],"author":[{"embeddable":true,"href":"https:\/\/levraiparadis.fr\/index.php?rest_route=\/wp\/v2\/users\/1"}],"replies":[{"embeddable":true,"href":"https:\/\/levraiparadis.fr\/index.php?rest_route=%2Fwp%2Fv2%2Fcomments&post=83"}],"version-history":[{"count":40,"href":"https:\/\/levraiparadis.fr\/index.php?rest_route=\/wp\/v2\/pages\/83\/revisions"}],"predecessor-version":[{"id":1118,"href":"https:\/\/levraiparadis.fr\/index.php?rest_route=\/wp\/v2\/pages\/83\/revisions\/1118"}],"wp:attachment":[{"href":"https:\/\/levraiparadis.fr\/index.php?rest_route=%2Fwp%2Fv2%2Fmedia&parent=83"}],"curies":[{"name":"wp","href":"https:\/\/api.w.org\/{rel}","templated":true}]}}