{"id":92,"date":"2021-05-22T22:59:32","date_gmt":"2021-05-22T20:59:32","guid":{"rendered":"http:\/\/levraiparadis.fr\/?page_id=92"},"modified":"2024-12-22T11:34:00","modified_gmt":"2024-12-22T10:34:00","slug":"les-chambres","status":"publish","type":"page","link":"https:\/\/levraiparadis.fr\/?page_id=92","title":{"rendered":"Les chambres d&rsquo;h\u00f4tes"},"content":{"rendered":"\n<p>Le Vrai Paradis vous propose 5 chambres pouvant accueillir de 2 \u00e0 4 personnes. Les chambres d&rsquo;h\u00f4tes du Vrai Paradis ont obtenu <a href=\"https:\/\/www.gites-de-france.com\/fr\/le-classement-gites-de-france\">3 \u00e9pis<\/a> au classement G\u00eetes de France. Je vous accueillerai en Chambre d&rsquo;h\u00f4tes les vendredis et samedis soirs ainsi que les jours f\u00e9ri\u00e9s. <\/p>\n\n\n\n<div class=\"wp-block-columns is-layout-flex wp-container-core-columns-is-layout-9d6595d7 wp-block-columns-is-layout-flex\">\n<div class=\"wp-block-column is-layout-flow wp-block-column-is-layout-flow\" style=\"flex-basis:33.33%\">\n<h2 class=\"wp-block-heading has-text-align-center\">La chambre d&rsquo;h\u00f4tes Berck-sur-Mer<\/h2>\n\n\n\n<p>Dans cette chambre double, vous profiterez d&rsquo;une d\u00e9coration chaleureuse.<\/p>\n\n\n\n<p>Berck-sur-Mer est la cit\u00e9 baln\u00e9aire du nord de la Baie de Somme, principalement connue pour ses <a href=\"https:\/\/www.cerf-volant-berck.com\/\" data-type=\"URL\" data-id=\"https:\/\/www.cerf-volant-berck.com\/\">Rencontres Internationales de Cerfs-Volants<\/a><\/p>\n\n\n\n<p><mark style=\"background-color:rgba(0, 0, 0, 0);color:#ca9b41\" class=\"has-inline-color\"><strong><a href=\"https:\/\/levraiparadis.fr\/?page_id=137\">Pour en savoir plus  <kbd>\u2192<\/kbd><\/a><\/strong><\/mark><\/p>\n\n\n\n<div id=\"ConstellationButtonContainerbad59406-ce09-48be-bc3d-7d292a9015f1\" style=\"width:100%; text-align:center;\" title=\"Le Vrai Paradis\" data-id-projet=\"bad59406ce0948bebc3d7d292a9015f1\">Chargement en cours&#8230;<\/div><script type=\"text\/javascript\" src=\"https:\/\/reservation.elloha.com\/Scripts\/widget-loader.min.js?v=42\"><\/script><script type=\"text\/javascript\">var constellationWidgetUrlbad59406ce0948bebc3d7d292a9015f1, constellationTypeModulebad59406ce0948bebc3d7d292a9015f1; constellationWidgetUrlbad59406ce0948bebc3d7d292a9015f1 = 'https:\/\/reservation.elloha.com\/Widget\/BookingButton\/bad59406-ce09-48be-bc3d-7d292a9015f1?idoi=f9b59e1f-32c7-4469-b626-017a04db2c8c&culture=fr-FR'; constellationTypeModulebad59406ce0948bebc3d7d292a9015f1=3; constellationBookingButtonLoad('ConstellationButtonContainerbad59406-ce09-48be-bc3d-7d292a9015f1');<\/script>\n<\/div>\n\n\n\n<div class=\"wp-block-column is-layout-flow wp-block-column-is-layout-flow\" style=\"flex-basis:66.66%\"><div class=\"wp-block-image\">\n<figure class=\"aligncenter size-large\"><img loading=\"lazy\" decoding=\"async\" width=\"1024\" height=\"768\" src=\"https:\/\/levraiparadis.fr\/wp-content\/uploads\/2023\/03\/Le-Vrai-Paradis-chambre-dhotes-Berck-sur-Mer-3-1024x768.jpeg\" alt=\"\" class=\"wp-image-1012\" srcset=\"https:\/\/levraiparadis.fr\/wp-content\/uploads\/2023\/03\/Le-Vrai-Paradis-chambre-dhotes-Berck-sur-Mer-3-1024x768.jpeg 1024w, https:\/\/levraiparadis.fr\/wp-content\/uploads\/2023\/03\/Le-Vrai-Paradis-chambre-dhotes-Berck-sur-Mer-3-300x225.jpeg 300w, https:\/\/levraiparadis.fr\/wp-content\/uploads\/2023\/03\/Le-Vrai-Paradis-chambre-dhotes-Berck-sur-Mer-3-768x576.jpeg 768w, https:\/\/levraiparadis.fr\/wp-content\/uploads\/2023\/03\/Le-Vrai-Paradis-chambre-dhotes-Berck-sur-Mer-3-1536x1152.jpeg 1536w, https:\/\/levraiparadis.fr\/wp-content\/uploads\/2023\/03\/Le-Vrai-Paradis-chambre-dhotes-Berck-sur-Mer-3-400x300.jpeg 400w, https:\/\/levraiparadis.fr\/wp-content\/uploads\/2023\/03\/Le-Vrai-Paradis-chambre-dhotes-Berck-sur-Mer-3.jpeg 2048w\" sizes=\"auto, (max-width: 1024px) 100vw, 1024px\" \/><figcaption class=\"wp-element-caption\">Le Vrai Paradis &#8211; chambre d&rsquo;h\u00f4tes<\/figcaption><\/figure>\n<\/div><\/div>\n<\/div>\n\n\n\n<div class=\"wp-block-columns is-layout-flex wp-container-core-columns-is-layout-9d6595d7 wp-block-columns-is-layout-flex\">\n<div class=\"wp-block-column is-layout-flow wp-block-column-is-layout-flow\" style=\"flex-basis:33.33%\">\n<h2 class=\"wp-block-heading\">La chambre d&rsquo;h\u00f4tes Fort-Mahon<\/h2>\n\n\n\n<p>Dans cette chambre double, vous profiterez d&rsquo;une d\u00e9coration chaleureuse.<\/p>\n\n\n\n<p>Fort-Mahon est la station baln\u00e9aire du Marquanterre. <\/p>\n\n\n\n<p><strong><mark style=\"background-color:rgba(0, 0, 0, 0);color:#a56a65\" class=\"has-inline-color\"><a href=\"https:\/\/levraiparadis.fr\/?page_id=140\" data-type=\"URL\" data-id=\"https:\/\/levraiparadis.fr\/?page_id=140\">Pour en savoir plus <kbd>\u2192<\/kbd><\/a><\/mark><\/strong><\/p>\n\n\n\n<div id=\"ConstellationButtonContainere3cbad6e-6368-496d-92c2-c9b8bc843682\" style=\"width:100%; text-align:center;\" title=\"Le Vrai Paradis\" data-id-projet=\"e3cbad6e6368496d92c2c9b8bc843682\">Chargement en cours&#8230;<\/div><script type=\"text\/javascript\" src=\"https:\/\/reservation.elloha.com\/Scripts\/widget-loader.min.js?v=42\"><\/script><script type=\"text\/javascript\">var constellationWidgetUrle3cbad6e6368496d92c2c9b8bc843682, constellationTypeModulee3cbad6e6368496d92c2c9b8bc843682; constellationWidgetUrle3cbad6e6368496d92c2c9b8bc843682 = 'https:\/\/reservation.elloha.com\/Widget\/BookingButton\/e3cbad6e-6368-496d-92c2-c9b8bc843682?idoi=f9b59e1f-32c7-4469-b626-017a04db2c8c&culture=fr-FR'; constellationTypeModulee3cbad6e6368496d92c2c9b8bc843682=3; constellationBookingButtonLoad('ConstellationButtonContainere3cbad6e-6368-496d-92c2-c9b8bc843682');<\/script>\n<\/div>\n\n\n\n<div class=\"wp-block-column is-layout-flow wp-block-column-is-layout-flow\" style=\"flex-basis:66.66%\"><div class=\"wp-block-image is-style-default\">\n<figure class=\"aligncenter size-large\"><img loading=\"lazy\" decoding=\"async\" width=\"1024\" height=\"768\" src=\"https:\/\/levraiparadis.fr\/wp-content\/uploads\/2023\/03\/Le-Vrai-Paradis-chambre-dhotes-Fort-Mahon-6-1024x768.jpeg\" alt=\"\" class=\"wp-image-1013\" srcset=\"https:\/\/levraiparadis.fr\/wp-content\/uploads\/2023\/03\/Le-Vrai-Paradis-chambre-dhotes-Fort-Mahon-6-1024x768.jpeg 1024w, https:\/\/levraiparadis.fr\/wp-content\/uploads\/2023\/03\/Le-Vrai-Paradis-chambre-dhotes-Fort-Mahon-6-300x225.jpeg 300w, https:\/\/levraiparadis.fr\/wp-content\/uploads\/2023\/03\/Le-Vrai-Paradis-chambre-dhotes-Fort-Mahon-6-768x576.jpeg 768w, https:\/\/levraiparadis.fr\/wp-content\/uploads\/2023\/03\/Le-Vrai-Paradis-chambre-dhotes-Fort-Mahon-6-1536x1152.jpeg 1536w, https:\/\/levraiparadis.fr\/wp-content\/uploads\/2023\/03\/Le-Vrai-Paradis-chambre-dhotes-Fort-Mahon-6-400x300.jpeg 400w, https:\/\/levraiparadis.fr\/wp-content\/uploads\/2023\/03\/Le-Vrai-Paradis-chambre-dhotes-Fort-Mahon-6.jpeg 2048w\" sizes=\"auto, (max-width: 1024px) 100vw, 1024px\" \/><figcaption class=\"wp-element-caption\">Le Vrai Paradis  &#8211; chambre d&rsquo;h\u00f4tes<\/figcaption><\/figure>\n<\/div><\/div>\n<\/div>\n\n\n\n<div class=\"wp-block-columns is-layout-flex wp-container-core-columns-is-layout-9d6595d7 wp-block-columns-is-layout-flex\">\n<div class=\"wp-block-column is-layout-flow wp-block-column-is-layout-flow\">\n<div class=\"wp-block-columns is-layout-flex wp-container-core-columns-is-layout-9d6595d7 wp-block-columns-is-layout-flex\">\n<div class=\"wp-block-column is-layout-flow wp-block-column-is-layout-flow\" style=\"flex-basis:33.33%\">\n<h2 class=\"wp-block-heading\">La chambre d&rsquo;h\u00f4tes Le Tr\u00e9port<\/h2>\n\n\n\n<p> Profitez de cette chambre double et chaleureuse.  <\/p>\n\n\n\n<p>Depuis Le Tr\u00e9port, vous pourrez prendre le funiculaire pour aller en haut de la falaise et admirer la vue.<\/p>\n\n\n\n<p><a href=\"https:\/\/levraiparadis.fr\/?page_id=179\"><strong>Pour en savoir plus  \u2192<\/strong><\/a><\/p>\n\n\n\n<div id=\"ConstellationButtonContainer1d3370ad-1aca-4c10-8b21-43c98f282c9a\" style=\"width:100%; text-align:center;\" title=\"Le Vrai Paradis\" data-id-projet=\"1d3370ad1aca4c108b2143c98f282c9a\">Chargement en cours&#8230;<\/div><script type=\"text\/javascript\" src=\"https:\/\/reservation.elloha.com\/Scripts\/widget-loader.min.js?v=42\"><\/script><script type=\"text\/javascript\">var constellationWidgetUrl1d3370ad1aca4c108b2143c98f282c9a, constellationTypeModule1d3370ad1aca4c108b2143c98f282c9a; constellationWidgetUrl1d3370ad1aca4c108b2143c98f282c9a = 'https:\/\/reservation.elloha.com\/Widget\/BookingButton\/1d3370ad-1aca-4c10-8b21-43c98f282c9a?idoi=f9b59e1f-32c7-4469-b626-017a04db2c8c&culture=fr-FR'; constellationTypeModule1d3370ad1aca4c108b2143c98f282c9a=3; constellationBookingButtonLoad('ConstellationButtonContainer1d3370ad-1aca-4c10-8b21-43c98f282c9a');<\/script>\n<\/div>\n\n\n\n<div class=\"wp-block-column is-layout-flow wp-block-column-is-layout-flow\" style=\"flex-basis:66.66%\"><div class=\"wp-block-image\">\n<figure class=\"aligncenter size-large\"><img loading=\"lazy\" decoding=\"async\" width=\"1024\" height=\"768\" src=\"https:\/\/levraiparadis.fr\/wp-content\/uploads\/2023\/03\/Le-Vrai-Paradis-chambre-dhotes-Le-Treport-2-1024x768.jpeg\" alt=\"\" class=\"wp-image-1014\" srcset=\"https:\/\/levraiparadis.fr\/wp-content\/uploads\/2023\/03\/Le-Vrai-Paradis-chambre-dhotes-Le-Treport-2-1024x768.jpeg 1024w, https:\/\/levraiparadis.fr\/wp-content\/uploads\/2023\/03\/Le-Vrai-Paradis-chambre-dhotes-Le-Treport-2-300x225.jpeg 300w, https:\/\/levraiparadis.fr\/wp-content\/uploads\/2023\/03\/Le-Vrai-Paradis-chambre-dhotes-Le-Treport-2-768x576.jpeg 768w, https:\/\/levraiparadis.fr\/wp-content\/uploads\/2023\/03\/Le-Vrai-Paradis-chambre-dhotes-Le-Treport-2-1536x1152.jpeg 1536w, https:\/\/levraiparadis.fr\/wp-content\/uploads\/2023\/03\/Le-Vrai-Paradis-chambre-dhotes-Le-Treport-2-400x300.jpeg 400w, https:\/\/levraiparadis.fr\/wp-content\/uploads\/2023\/03\/Le-Vrai-Paradis-chambre-dhotes-Le-Treport-2.jpeg 2048w\" sizes=\"auto, (max-width: 1024px) 100vw, 1024px\" \/><figcaption class=\"wp-element-caption\">La chambre Le Tr\u00e9port accueille 2 personnes avec un lit Queen size<\/figcaption><\/figure>\n<\/div><\/div>\n<\/div>\n<\/div>\n<\/div>\n\n\n\n<div class=\"wp-block-columns is-layout-flex wp-container-core-columns-is-layout-9d6595d7 wp-block-columns-is-layout-flex\">\n<div class=\"wp-block-column is-layout-flow wp-block-column-is-layout-flow\" style=\"flex-basis:33.33%\">\n<h2 class=\"wp-block-heading\">La chambre d&rsquo;h\u00f4tes Cayeux-sur-Mer<\/h2>\n\n\n\n<p>Une chambre en deux parties compos\u00e9e d&rsquo;un lit double et de 2 lits simples, id\u00e9al en famille ou entre amis.<\/p>\n\n\n\n<p>Cayeux-sur-Mer est connue pour sa longue promenade de planche pos\u00e9e sur les galets et bord\u00e9e par de nombreuses cabines color\u00e9es. <\/p>\n\n\n\n<p><strong><a href=\"https:\/\/levraiparadis.fr\/?page_id=181\">Pour en savoir plus \u2192<\/a><\/strong><\/p>\n\n\n\n<div id=\"ConstellationButtonContainer284e6c1e-1542-402e-818c-246b3581ac72\" style=\"width:100%; text-align:center;\" title=\"Le Vrai Paradis\" data-id-projet=\"284e6c1e1542402e818c246b3581ac72\">Chargement en cours&#8230;<\/div><script type=\"text\/javascript\" src=\"https:\/\/reservation.elloha.com\/Scripts\/widget-loader.min.js?v=42\"><\/script><script type=\"text\/javascript\">var constellationWidgetUrl284e6c1e1542402e818c246b3581ac72, constellationTypeModule284e6c1e1542402e818c246b3581ac72; constellationWidgetUrl284e6c1e1542402e818c246b3581ac72 = 'https:\/\/reservation.elloha.com\/Widget\/BookingButton\/284e6c1e-1542-402e-818c-246b3581ac72?idoi=f9b59e1f-32c7-4469-b626-017a04db2c8c&culture=fr-FR'; constellationTypeModule284e6c1e1542402e818c246b3581ac72=3; constellationBookingButtonLoad('ConstellationButtonContainer284e6c1e-1542-402e-818c-246b3581ac72');<\/script>\n<\/div>\n\n\n\n<div class=\"wp-block-column is-layout-flow wp-block-column-is-layout-flow\" style=\"flex-basis:66.66%\"><div class=\"wp-block-image\">\n<figure class=\"aligncenter size-large\"><img loading=\"lazy\" decoding=\"async\" width=\"1024\" height=\"768\" src=\"https:\/\/levraiparadis.fr\/wp-content\/uploads\/2023\/03\/Le-Vrai-Paradis-chambre-Cayeux-sur-Mer-1-1024x768.jpeg\" alt=\"\" class=\"wp-image-1045\" srcset=\"https:\/\/levraiparadis.fr\/wp-content\/uploads\/2023\/03\/Le-Vrai-Paradis-chambre-Cayeux-sur-Mer-1-1024x768.jpeg 1024w, https:\/\/levraiparadis.fr\/wp-content\/uploads\/2023\/03\/Le-Vrai-Paradis-chambre-Cayeux-sur-Mer-1-300x225.jpeg 300w, https:\/\/levraiparadis.fr\/wp-content\/uploads\/2023\/03\/Le-Vrai-Paradis-chambre-Cayeux-sur-Mer-1-768x576.jpeg 768w, https:\/\/levraiparadis.fr\/wp-content\/uploads\/2023\/03\/Le-Vrai-Paradis-chambre-Cayeux-sur-Mer-1-1536x1152.jpeg 1536w, https:\/\/levraiparadis.fr\/wp-content\/uploads\/2023\/03\/Le-Vrai-Paradis-chambre-Cayeux-sur-Mer-1-400x300.jpeg 400w, https:\/\/levraiparadis.fr\/wp-content\/uploads\/2023\/03\/Le-Vrai-Paradis-chambre-Cayeux-sur-Mer-1.jpeg 2048w\" sizes=\"auto, (max-width: 1024px) 100vw, 1024px\" \/><figcaption class=\"wp-element-caption\">La chambre Cayeux-sur-Mer accueille 4 personnes<\/figcaption><\/figure>\n<\/div><\/div>\n<\/div>\n\n\n\n<div class=\"wp-block-columns is-layout-flex wp-container-core-columns-is-layout-9d6595d7 wp-block-columns-is-layout-flex\">\n<div class=\"wp-block-column is-layout-flow wp-block-column-is-layout-flow\" style=\"flex-basis:33.33%\">\n<h2 class=\"wp-block-heading\">La chambre Le Crotoy<\/h2>\n\n\n\n<p>La chambre peut accueillir au calme 2 ou 4 personnes.<\/p>\n\n\n\n<p>Le Crotoy est devenue connue gr\u00e2ce aux nombreux artistes qui sont venus s&rsquo;inspirer des belles couleurs. <\/p>\n\n\n\n<p><strong><a href=\"https:\/\/levraiparadis.fr\/?page_id=183\">Pour en savoir plus \u2192<\/a><\/strong><\/p>\n\n\n\n<div id=\"ConstellationButtonContainer46cd79c3-f62c-490f-9d92-cca68bc85650\" style=\"width:100%; text-align:center;\" title=\"Le Vrai Paradis\" data-id-projet=\"46cd79c3f62c490f9d92cca68bc85650\">Chargement en cours&#8230;<\/div><script type=\"text\/javascript\" src=\"https:\/\/reservation.elloha.com\/Scripts\/widget-loader.min.js?v=42\"><\/script><script type=\"text\/javascript\">var constellationWidgetUrl46cd79c3f62c490f9d92cca68bc85650, constellationTypeModule46cd79c3f62c490f9d92cca68bc85650; constellationWidgetUrl46cd79c3f62c490f9d92cca68bc85650 = 'https:\/\/reservation.elloha.com\/Widget\/BookingButton\/46cd79c3-f62c-490f-9d92-cca68bc85650?idoi=f9b59e1f-32c7-4469-b626-017a04db2c8c&culture=fr-FR'; constellationTypeModule46cd79c3f62c490f9d92cca68bc85650=3; constellationBookingButtonLoad('ConstellationButtonContainer46cd79c3-f62c-490f-9d92-cca68bc85650');<\/script>\n<\/div>\n\n\n\n<div class=\"wp-block-column is-layout-flow wp-block-column-is-layout-flow\" style=\"flex-basis:66.66%\"><div class=\"wp-block-image\">\n<figure class=\"aligncenter size-large\"><img loading=\"lazy\" decoding=\"async\" width=\"1024\" height=\"768\" src=\"https:\/\/levraiparadis.fr\/wp-content\/uploads\/2023\/03\/Le-Vrai-Paradis-chambre-dhotes-Le-Crotoy-4-1024x768.jpeg\" alt=\"\" class=\"wp-image-1017\" srcset=\"https:\/\/levraiparadis.fr\/wp-content\/uploads\/2023\/03\/Le-Vrai-Paradis-chambre-dhotes-Le-Crotoy-4-1024x768.jpeg 1024w, https:\/\/levraiparadis.fr\/wp-content\/uploads\/2023\/03\/Le-Vrai-Paradis-chambre-dhotes-Le-Crotoy-4-300x225.jpeg 300w, https:\/\/levraiparadis.fr\/wp-content\/uploads\/2023\/03\/Le-Vrai-Paradis-chambre-dhotes-Le-Crotoy-4-768x576.jpeg 768w, https:\/\/levraiparadis.fr\/wp-content\/uploads\/2023\/03\/Le-Vrai-Paradis-chambre-dhotes-Le-Crotoy-4-1536x1152.jpeg 1536w, https:\/\/levraiparadis.fr\/wp-content\/uploads\/2023\/03\/Le-Vrai-Paradis-chambre-dhotes-Le-Crotoy-4-400x300.jpeg 400w, https:\/\/levraiparadis.fr\/wp-content\/uploads\/2023\/03\/Le-Vrai-Paradis-chambre-dhotes-Le-Crotoy-4.jpeg 2048w\" sizes=\"auto, (max-width: 1024px) 100vw, 1024px\" \/><figcaption class=\"wp-element-caption\">La chambre familiale Le Crotoy accueille 4 personnes<\/figcaption><\/figure>\n<\/div><\/div>\n<\/div>\n\n\n<div class=\"wp-block-image\">\n<figure class=\"aligncenter size-large\"><img loading=\"lazy\" decoding=\"async\" width=\"1024\" height=\"154\" src=\"https:\/\/levraiparadis.fr\/wp-content\/uploads\/2024\/04\/Nouveaute-1-4-1024x154.png\" alt=\"\" class=\"wp-image-1209\" srcset=\"https:\/\/levraiparadis.fr\/wp-content\/uploads\/2024\/04\/Nouveaute-1-4-1024x154.png 1024w, https:\/\/levraiparadis.fr\/wp-content\/uploads\/2024\/04\/Nouveaute-1-4-300x45.png 300w, https:\/\/levraiparadis.fr\/wp-content\/uploads\/2024\/04\/Nouveaute-1-4-768x115.png 768w, https:\/\/levraiparadis.fr\/wp-content\/uploads\/2024\/04\/Nouveaute-1-4-1536x230.png 1536w, https:\/\/levraiparadis.fr\/wp-content\/uploads\/2024\/04\/Nouveaute-1-4-359x54.png 359w, https:\/\/levraiparadis.fr\/wp-content\/uploads\/2024\/04\/Nouveaute-1-4.png 2000w\" sizes=\"auto, (max-width: 1024px) 100vw, 1024px\" \/><\/figure>\n<\/div>","protected":false},"excerpt":{"rendered":"<p>Le Vrai Paradis vous propose 5 chambres pouvant accueillir de 2 \u00e0 4 personnes. Les chambres d&rsquo;h\u00f4tes du Vrai Paradis ont obtenu 3 \u00e9pis au &hellip;<\/p>\n","protected":false},"author":1,"featured_media":0,"parent":0,"menu_order":2,"comment_status":"closed","ping_status":"closed","template":"","meta":{"footnotes":""},"class_list":["post-92","page","type-page","status-publish","hentry"],"_links":{"self":[{"href":"https:\/\/levraiparadis.fr\/index.php?rest_route=\/wp\/v2\/pages\/92","targetHints":{"allow":["GET"]}}],"collection":[{"href":"https:\/\/levraiparadis.fr\/index.php?rest_route=\/wp\/v2\/pages"}],"about":[{"href":"https:\/\/levraiparadis.fr\/index.php?rest_route=\/wp\/v2\/types\/page"}],"author":[{"embeddable":true,"href":"https:\/\/levraiparadis.fr\/index.php?rest_route=\/wp\/v2\/users\/1"}],"replies":[{"embeddable":true,"href":"https:\/\/levraiparadis.fr\/index.php?rest_route=%2Fwp%2Fv2%2Fcomments&post=92"}],"version-history":[{"count":30,"href":"https:\/\/levraiparadis.fr\/index.php?rest_route=\/wp\/v2\/pages\/92\/revisions"}],"predecessor-version":[{"id":1306,"href":"https:\/\/levraiparadis.fr\/index.php?rest_route=\/wp\/v2\/pages\/92\/revisions\/1306"}],"wp:attachment":[{"href":"https:\/\/levraiparadis.fr\/index.php?rest_route=%2Fwp%2Fv2%2Fmedia&parent=92"}],"curies":[{"name":"wp","href":"https:\/\/api.w.org\/{rel}","templated":true}]}}